{"id":2038,"date":"2022-05-30T22:00:05","date_gmt":"2022-05-30T19:00:05","guid":{"rendered":"https:\/\/www.pokumaa.ee\/?post_type=product&#038;p=2038"},"modified":"2024-08-06T12:27:36","modified_gmt":"2024-08-06T09:27:36","slug":"e-niit-e-valter-suur-maalritoo","status":"publish","type":"product","link":"https:\/\/www.pokumaa.ee\/en\/toode\/e-niit-e-valter-suur-maalritoo\/","title":{"rendered":"E. Niit, E. Valter &#8220;Suur maalrit\u00f6\u00f6&#8221;"},"content":{"rendered":"<p>Kord \u00f5ige ammu kullapai,<\/p>\n<p>kui maailm alles valmis sai,<\/p>\n<p>ta oli v\u00e4rvimata&#8230;<\/p>\n<p>&nbsp;<\/p>\n<p>38 lehek\u00fclge Ellen Niidu luuletusi ja Edgar Valteri joonistusi.<\/p>\n<p>K\u00f5vad kaaned.<\/p>\n<p><span class=\"styles_greyText__1qDdE\">ISBN <\/span>9789949526888<\/p>\n<p>&nbsp;<\/p>\n","protected":false},"excerpt":{"rendered":"<p>Kord \u00f5ige ammu kullapai, kui maailm alles valmis sai, ta  [&#8230;]<\/p>\n","protected":false},"featured_media":2039,"template":"","meta":[],"product_brand":[],"product_cat":[21],"product_tag":[],"class_list":{"0":"post-2038","1":"product","2":"type-product","3":"status-publish","4":"has-post-thumbnail","6":"product_cat-raamat","8":"first","9":"outofstock","10":"taxable","11":"shipping-taxable","12":"purchasable","13":"product-type-simple"},"yoast_head":"<!-- This site is optimized with the Yoast SEO plugin v27.3 - https:\/\/yoast.com\/product\/yoast-seo-wordpress\/ -->\n<title>E. Niit, E. Valter &quot;Suur maalrit\u00f6\u00f6&quot; - Pokumaa<\/title>\n<meta name=\"robots\" content=\"index, follow, max-snippet:-1, max-image-preview:large, max-video-preview:-1\" \/>\n<link rel=\"canonical\" href=\"https:\/\/www.pokumaa.ee\/toode\/e-niit-e-valter-suur-maalritoo\/\" \/>\n<meta property=\"og:locale\" content=\"en_US\" \/>\n<meta property=\"og:type\" content=\"article\" \/>\n<meta property=\"og:title\" content=\"E. Niit, E. Valter &quot;Suur maalrit\u00f6\u00f6&quot; - Pokumaa\" \/>\n<meta property=\"og:description\" content=\"Kord \u00f5ige ammu kullapai, kui maailm alles valmis sai, ta [...]\" \/>\n<meta property=\"og:url\" content=\"https:\/\/www.pokumaa.ee\/toode\/e-niit-e-valter-suur-maalritoo\/\" \/>\n<meta property=\"og:site_name\" content=\"Pokumaa\" \/>\n<meta property=\"article:publisher\" content=\"https:\/\/www.facebook.com\/Pokumaa\" \/>\n<meta property=\"article:modified_time\" content=\"2024-08-06T09:27:36+00:00\" \/>\n<meta property=\"og:image\" content=\"https:\/\/www.pokumaa.ee\/wp-content\/uploads\/2022\/05\/1326BCBB-91E3-46CB-9665-D95492144365.jpeg\" \/>\n\t<meta property=\"og:image:width\" content=\"1296\" \/>\n\t<meta property=\"og:image:height\" content=\"1728\" \/>\n\t<meta property=\"og:image:type\" content=\"image\/jpeg\" \/>\n<meta name=\"twitter:card\" content=\"summary_large_image\" \/>\n<meta name=\"twitter:label1\" content=\"Est. reading time\" \/>\n\t<meta name=\"twitter:data1\" content=\"1 minute\" \/>\n<script type=\"application\/ld+json\" class=\"yoast-schema-graph\">{\"@context\":\"https:\\\/\\\/schema.org\",\"@graph\":[{\"@type\":\"WebPage\",\"@id\":\"https:\\\/\\\/www.pokumaa.ee\\\/toode\\\/e-niit-e-valter-suur-maalritoo\\\/\",\"url\":\"https:\\\/\\\/www.pokumaa.ee\\\/toode\\\/e-niit-e-valter-suur-maalritoo\\\/\",\"name\":\"E. Niit, E. Valter \\\"Suur maalrit\u00f6\u00f6\\\" - Pokumaa\",\"isPartOf\":{\"@id\":\"https:\\\/\\\/www.pokumaa.ee\\\/ru\\\/#website\"},\"primaryImageOfPage\":{\"@id\":\"https:\\\/\\\/www.pokumaa.ee\\\/toode\\\/e-niit-e-valter-suur-maalritoo\\\/#primaryimage\"},\"image\":{\"@id\":\"https:\\\/\\\/www.pokumaa.ee\\\/toode\\\/e-niit-e-valter-suur-maalritoo\\\/#primaryimage\"},\"thumbnailUrl\":\"https:\\\/\\\/www.pokumaa.ee\\\/wp-content\\\/uploads\\\/2022\\\/05\\\/1326BCBB-91E3-46CB-9665-D95492144365.jpeg\",\"datePublished\":\"2022-05-30T19:00:05+00:00\",\"dateModified\":\"2024-08-06T09:27:36+00:00\",\"breadcrumb\":{\"@id\":\"https:\\\/\\\/www.pokumaa.ee\\\/toode\\\/e-niit-e-valter-suur-maalritoo\\\/#breadcrumb\"},\"inLanguage\":\"en-US\",\"potentialAction\":[{\"@type\":\"ReadAction\",\"target\":[\"https:\\\/\\\/www.pokumaa.ee\\\/toode\\\/e-niit-e-valter-suur-maalritoo\\\/\"]}]},{\"@type\":\"ImageObject\",\"inLanguage\":\"en-US\",\"@id\":\"https:\\\/\\\/www.pokumaa.ee\\\/toode\\\/e-niit-e-valter-suur-maalritoo\\\/#primaryimage\",\"url\":\"https:\\\/\\\/www.pokumaa.ee\\\/wp-content\\\/uploads\\\/2022\\\/05\\\/1326BCBB-91E3-46CB-9665-D95492144365.jpeg\",\"contentUrl\":\"https:\\\/\\\/www.pokumaa.ee\\\/wp-content\\\/uploads\\\/2022\\\/05\\\/1326BCBB-91E3-46CB-9665-D95492144365.jpeg\",\"width\":1296,\"height\":1728},{\"@type\":\"BreadcrumbList\",\"@id\":\"https:\\\/\\\/www.pokumaa.ee\\\/toode\\\/e-niit-e-valter-suur-maalritoo\\\/#breadcrumb\",\"itemListElement\":[{\"@type\":\"ListItem\",\"position\":1,\"name\":\"Home\",\"item\":\"https:\\\/\\\/www.pokumaa.ee\\\/en\\\/\"},{\"@type\":\"ListItem\",\"position\":2,\"name\":\"Shop\",\"item\":\"https:\\\/\\\/www.pokumaa.ee\\\/en\\\/shop\\\/\"},{\"@type\":\"ListItem\",\"position\":3,\"name\":\"E. Niit, E. Valter &#8220;Suur maalrit\u00f6\u00f6&#8221;\"}]},{\"@type\":\"WebSite\",\"@id\":\"https:\\\/\\\/www.pokumaa.ee\\\/ru\\\/#website\",\"url\":\"https:\\\/\\\/www.pokumaa.ee\\\/ru\\\/\",\"name\":\"Pokumaa\",\"description\":\"Pokumaa ja e-pood\",\"publisher\":{\"@id\":\"https:\\\/\\\/www.pokumaa.ee\\\/ru\\\/#organization\"},\"potentialAction\":[{\"@type\":\"SearchAction\",\"target\":{\"@type\":\"EntryPoint\",\"urlTemplate\":\"https:\\\/\\\/www.pokumaa.ee\\\/ru\\\/?s={search_term_string}\"},\"query-input\":{\"@type\":\"PropertyValueSpecification\",\"valueRequired\":true,\"valueName\":\"search_term_string\"}}],\"inLanguage\":\"en-US\"},{\"@type\":\"Organization\",\"@id\":\"https:\\\/\\\/www.pokumaa.ee\\\/ru\\\/#organization\",\"name\":\"Pokumaa\",\"url\":\"https:\\\/\\\/www.pokumaa.ee\\\/ru\\\/\",\"logo\":{\"@type\":\"ImageObject\",\"inLanguage\":\"en-US\",\"@id\":\"https:\\\/\\\/www.pokumaa.ee\\\/ru\\\/#\\\/schema\\\/logo\\\/image\\\/\",\"url\":\"https:\\\/\\\/pokumaa.ee\\\/wp-content\\\/uploads\\\/2021\\\/04\\\/logo60-punane.png\",\"contentUrl\":\"https:\\\/\\\/pokumaa.ee\\\/wp-content\\\/uploads\\\/2021\\\/04\\\/logo60-punane.png\",\"width\":292,\"height\":60,\"caption\":\"Pokumaa\"},\"image\":{\"@id\":\"https:\\\/\\\/www.pokumaa.ee\\\/ru\\\/#\\\/schema\\\/logo\\\/image\\\/\"},\"sameAs\":[\"https:\\\/\\\/www.facebook.com\\\/Pokumaa\"]}]}<\/script>\n<!-- \/ Yoast SEO plugin. -->","yoast_head_json":{"title":"E. Niit, E. Valter \"Suur maalrit\u00f6\u00f6\" - Pokumaa","robots":{"index":"index","follow":"follow","max-snippet":"max-snippet:-1","max-image-preview":"max-image-preview:large","max-video-preview":"max-video-preview:-1"},"canonical":"https:\/\/www.pokumaa.ee\/toode\/e-niit-e-valter-suur-maalritoo\/","og_locale":"en_US","og_type":"article","og_title":"E. Niit, E. Valter \"Suur maalrit\u00f6\u00f6\" - Pokumaa","og_description":"Kord \u00f5ige ammu kullapai, kui maailm alles valmis sai, ta [...]","og_url":"https:\/\/www.pokumaa.ee\/toode\/e-niit-e-valter-suur-maalritoo\/","og_site_name":"Pokumaa","article_publisher":"https:\/\/www.facebook.com\/Pokumaa","article_modified_time":"2024-08-06T09:27:36+00:00","og_image":[{"width":1296,"height":1728,"url":"https:\/\/www.pokumaa.ee\/wp-content\/uploads\/2022\/05\/1326BCBB-91E3-46CB-9665-D95492144365.jpeg","type":"image\/jpeg"}],"twitter_card":"summary_large_image","twitter_misc":{"Est. reading time":"1 minute"},"schema":{"@context":"https:\/\/schema.org","@graph":[{"@type":"WebPage","@id":"https:\/\/www.pokumaa.ee\/toode\/e-niit-e-valter-suur-maalritoo\/","url":"https:\/\/www.pokumaa.ee\/toode\/e-niit-e-valter-suur-maalritoo\/","name":"E. Niit, E. Valter \"Suur maalrit\u00f6\u00f6\" - Pokumaa","isPartOf":{"@id":"https:\/\/www.pokumaa.ee\/ru\/#website"},"primaryImageOfPage":{"@id":"https:\/\/www.pokumaa.ee\/toode\/e-niit-e-valter-suur-maalritoo\/#primaryimage"},"image":{"@id":"https:\/\/www.pokumaa.ee\/toode\/e-niit-e-valter-suur-maalritoo\/#primaryimage"},"thumbnailUrl":"https:\/\/www.pokumaa.ee\/wp-content\/uploads\/2022\/05\/1326BCBB-91E3-46CB-9665-D95492144365.jpeg","datePublished":"2022-05-30T19:00:05+00:00","dateModified":"2024-08-06T09:27:36+00:00","breadcrumb":{"@id":"https:\/\/www.pokumaa.ee\/toode\/e-niit-e-valter-suur-maalritoo\/#breadcrumb"},"inLanguage":"en-US","potentialAction":[{"@type":"ReadAction","target":["https:\/\/www.pokumaa.ee\/toode\/e-niit-e-valter-suur-maalritoo\/"]}]},{"@type":"ImageObject","inLanguage":"en-US","@id":"https:\/\/www.pokumaa.ee\/toode\/e-niit-e-valter-suur-maalritoo\/#primaryimage","url":"https:\/\/www.pokumaa.ee\/wp-content\/uploads\/2022\/05\/1326BCBB-91E3-46CB-9665-D95492144365.jpeg","contentUrl":"https:\/\/www.pokumaa.ee\/wp-content\/uploads\/2022\/05\/1326BCBB-91E3-46CB-9665-D95492144365.jpeg","width":1296,"height":1728},{"@type":"BreadcrumbList","@id":"https:\/\/www.pokumaa.ee\/toode\/e-niit-e-valter-suur-maalritoo\/#breadcrumb","itemListElement":[{"@type":"ListItem","position":1,"name":"Home","item":"https:\/\/www.pokumaa.ee\/en\/"},{"@type":"ListItem","position":2,"name":"Shop","item":"https:\/\/www.pokumaa.ee\/en\/shop\/"},{"@type":"ListItem","position":3,"name":"E. Niit, E. Valter &#8220;Suur maalrit\u00f6\u00f6&#8221;"}]},{"@type":"WebSite","@id":"https:\/\/www.pokumaa.ee\/ru\/#website","url":"https:\/\/www.pokumaa.ee\/ru\/","name":"Pokumaa","description":"Pokumaa ja e-pood","publisher":{"@id":"https:\/\/www.pokumaa.ee\/ru\/#organization"},"potentialAction":[{"@type":"SearchAction","target":{"@type":"EntryPoint","urlTemplate":"https:\/\/www.pokumaa.ee\/ru\/?s={search_term_string}"},"query-input":{"@type":"PropertyValueSpecification","valueRequired":true,"valueName":"search_term_string"}}],"inLanguage":"en-US"},{"@type":"Organization","@id":"https:\/\/www.pokumaa.ee\/ru\/#organization","name":"Pokumaa","url":"https:\/\/www.pokumaa.ee\/ru\/","logo":{"@type":"ImageObject","inLanguage":"en-US","@id":"https:\/\/www.pokumaa.ee\/ru\/#\/schema\/logo\/image\/","url":"https:\/\/pokumaa.ee\/wp-content\/uploads\/2021\/04\/logo60-punane.png","contentUrl":"https:\/\/pokumaa.ee\/wp-content\/uploads\/2021\/04\/logo60-punane.png","width":292,"height":60,"caption":"Pokumaa"},"image":{"@id":"https:\/\/www.pokumaa.ee\/ru\/#\/schema\/logo\/image\/"},"sameAs":["https:\/\/www.facebook.com\/Pokumaa"]}]}},"_links":{"self":[{"href":"https:\/\/www.pokumaa.ee\/en\/wp-json\/wp\/v2\/product\/2038","targetHints":{"allow":["GET"]}}],"collection":[{"href":"https:\/\/www.pokumaa.ee\/en\/wp-json\/wp\/v2\/product"}],"about":[{"href":"https:\/\/www.pokumaa.ee\/en\/wp-json\/wp\/v2\/types\/product"}],"wp:featuredmedia":[{"embeddable":true,"href":"https:\/\/www.pokumaa.ee\/en\/wp-json\/wp\/v2\/media\/2039"}],"wp:attachment":[{"href":"https:\/\/www.pokumaa.ee\/en\/wp-json\/wp\/v2\/media?parent=2038"}],"wp:term":[{"taxonomy":"product_brand","embeddable":true,"href":"https:\/\/www.pokumaa.ee\/en\/wp-json\/wp\/v2\/product_brand?post=2038"},{"taxonomy":"product_cat","embeddable":true,"href":"https:\/\/www.pokumaa.ee\/en\/wp-json\/wp\/v2\/product_cat?post=2038"},{"taxonomy":"product_tag","embeddable":true,"href":"https:\/\/www.pokumaa.ee\/en\/wp-json\/wp\/v2\/product_tag?post=2038"}],"curies":[{"name":"wp","href":"https:\/\/api.w.org\/{rel}","templated":true}]}}