{"id":567,"date":"2021-07-19T08:58:12","date_gmt":"2021-07-19T05:58:12","guid":{"rendered":"https:\/\/pokumaa.ee\/?post_type=product&#038;p=567"},"modified":"2022-07-08T11:29:19","modified_gmt":"2022-07-08T08:29:19","slug":"vaike-poku","status":"publish","type":"product","link":"https:\/\/www.pokumaa.ee\/en\/toode\/vaike-poku\/","title":{"rendered":"V\u00e4ike poku"},"content":{"rendered":"<p>V\u00e4ike poku on k\u00e4sitsi tehtud. Keha ja alus, millel poku seisab, on l\u00f5igatud puuoksast. Pea on paberimassist ja n\u00e4gu on maalitud lapsele ohutute v\u00e4rvidega. Soeng on l\u00f5ngast.<\/p>\n<p>Poku on parasjagu m\u00f5nus lapsel pihus kaasa kandmiseks. Ta kuulab hea meelega \u00e4ra k\u00f5ik lapse mured ja ei r\u00e4\u00e4gi edasi. Vaja vaid talle nimi panna ;)<\/p>\n","protected":false},"excerpt":{"rendered":"<p>V\u00e4ike poku on k\u00e4sitsi tehtud. Keha ja alus, millel poku  [&#8230;]<\/p>\n","protected":false},"featured_media":2364,"template":"","meta":[],"product_brand":[],"product_cat":[19],"product_tag":[],"class_list":{"0":"post-567","1":"product","2":"type-product","3":"status-publish","4":"has-post-thumbnail","6":"product_cat-mangud","8":"first","9":"instock","10":"taxable","11":"shipping-taxable","12":"purchasable","13":"product-type-simple"},"yoast_head":"<!-- This site is optimized with the Yoast SEO plugin v27.3 - https:\/\/yoast.com\/product\/yoast-seo-wordpress\/ -->\n<title>V\u00e4ike poku - Pokumaa<\/title>\n<meta name=\"robots\" content=\"index, follow, max-snippet:-1, max-image-preview:large, max-video-preview:-1\" \/>\n<link rel=\"canonical\" href=\"https:\/\/www.pokumaa.ee\/toode\/vaike-poku\/\" \/>\n<meta property=\"og:locale\" content=\"en_US\" \/>\n<meta property=\"og:type\" content=\"article\" \/>\n<meta property=\"og:title\" content=\"V\u00e4ike poku - Pokumaa\" \/>\n<meta property=\"og:description\" content=\"V\u00e4ike poku on k\u00e4sitsi tehtud. Keha ja alus, millel poku [...]\" \/>\n<meta property=\"og:url\" content=\"https:\/\/www.pokumaa.ee\/toode\/vaike-poku\/\" \/>\n<meta property=\"og:site_name\" content=\"Pokumaa\" \/>\n<meta property=\"article:publisher\" content=\"https:\/\/www.facebook.com\/Pokumaa\" \/>\n<meta property=\"article:modified_time\" content=\"2022-07-08T08:29:19+00:00\" \/>\n<meta property=\"og:image\" content=\"https:\/\/www.pokumaa.ee\/wp-content\/uploads\/2021\/07\/291893980_280174000969576_6569081527784183780_n.jpg\" \/>\n\t<meta property=\"og:image:width\" content=\"1296\" \/>\n\t<meta property=\"og:image:height\" content=\"1728\" \/>\n\t<meta property=\"og:image:type\" content=\"image\/jpeg\" \/>\n<meta name=\"twitter:card\" content=\"summary_large_image\" \/>\n<script type=\"application\/ld+json\" class=\"yoast-schema-graph\">{\"@context\":\"https:\\\/\\\/schema.org\",\"@graph\":[{\"@type\":\"WebPage\",\"@id\":\"https:\\\/\\\/www.pokumaa.ee\\\/toode\\\/vaike-poku\\\/\",\"url\":\"https:\\\/\\\/www.pokumaa.ee\\\/toode\\\/vaike-poku\\\/\",\"name\":\"V\u00e4ike poku - Pokumaa\",\"isPartOf\":{\"@id\":\"https:\\\/\\\/www.pokumaa.ee\\\/ru\\\/#website\"},\"primaryImageOfPage\":{\"@id\":\"https:\\\/\\\/www.pokumaa.ee\\\/toode\\\/vaike-poku\\\/#primaryimage\"},\"image\":{\"@id\":\"https:\\\/\\\/www.pokumaa.ee\\\/toode\\\/vaike-poku\\\/#primaryimage\"},\"thumbnailUrl\":\"https:\\\/\\\/www.pokumaa.ee\\\/wp-content\\\/uploads\\\/2021\\\/07\\\/291893980_280174000969576_6569081527784183780_n.jpg\",\"datePublished\":\"2021-07-19T05:58:12+00:00\",\"dateModified\":\"2022-07-08T08:29:19+00:00\",\"breadcrumb\":{\"@id\":\"https:\\\/\\\/www.pokumaa.ee\\\/toode\\\/vaike-poku\\\/#breadcrumb\"},\"inLanguage\":\"en-US\",\"potentialAction\":[{\"@type\":\"ReadAction\",\"target\":[\"https:\\\/\\\/www.pokumaa.ee\\\/toode\\\/vaike-poku\\\/\"]}]},{\"@type\":\"ImageObject\",\"inLanguage\":\"en-US\",\"@id\":\"https:\\\/\\\/www.pokumaa.ee\\\/toode\\\/vaike-poku\\\/#primaryimage\",\"url\":\"https:\\\/\\\/www.pokumaa.ee\\\/wp-content\\\/uploads\\\/2021\\\/07\\\/291893980_280174000969576_6569081527784183780_n.jpg\",\"contentUrl\":\"https:\\\/\\\/www.pokumaa.ee\\\/wp-content\\\/uploads\\\/2021\\\/07\\\/291893980_280174000969576_6569081527784183780_n.jpg\",\"width\":1296,\"height\":1728,\"caption\":\"V\u00e4ike poku on k\u00e4sitsi tehtud. Keha ja alus, millel poku seisab, on l\u00f5igatud puuoksast. Pea on paberimassist ja n\u00e4gu on maalitud lapsele ohutute v\u00e4rvidega. Soeng on l\u00f5ngast. Poku on parasjagu m\u00f5nus pihus kaasa kandmiseks. Ta kuulab hea meelega \u00e4ra k\u00f5ik mured ja ei r\u00e4\u00e4gi edasi. Vaja vaid talle nimi panna ;)\"},{\"@type\":\"BreadcrumbList\",\"@id\":\"https:\\\/\\\/www.pokumaa.ee\\\/toode\\\/vaike-poku\\\/#breadcrumb\",\"itemListElement\":[{\"@type\":\"ListItem\",\"position\":1,\"name\":\"Home\",\"item\":\"https:\\\/\\\/www.pokumaa.ee\\\/en\\\/\"},{\"@type\":\"ListItem\",\"position\":2,\"name\":\"Shop\",\"item\":\"https:\\\/\\\/www.pokumaa.ee\\\/en\\\/shop\\\/\"},{\"@type\":\"ListItem\",\"position\":3,\"name\":\"V\u00e4ike poku\"}]},{\"@type\":\"WebSite\",\"@id\":\"https:\\\/\\\/www.pokumaa.ee\\\/ru\\\/#website\",\"url\":\"https:\\\/\\\/www.pokumaa.ee\\\/ru\\\/\",\"name\":\"Pokumaa\",\"description\":\"Pokumaa ja e-pood\",\"publisher\":{\"@id\":\"https:\\\/\\\/www.pokumaa.ee\\\/ru\\\/#organization\"},\"potentialAction\":[{\"@type\":\"SearchAction\",\"target\":{\"@type\":\"EntryPoint\",\"urlTemplate\":\"https:\\\/\\\/www.pokumaa.ee\\\/ru\\\/?s={search_term_string}\"},\"query-input\":{\"@type\":\"PropertyValueSpecification\",\"valueRequired\":true,\"valueName\":\"search_term_string\"}}],\"inLanguage\":\"en-US\"},{\"@type\":\"Organization\",\"@id\":\"https:\\\/\\\/www.pokumaa.ee\\\/ru\\\/#organization\",\"name\":\"Pokumaa\",\"url\":\"https:\\\/\\\/www.pokumaa.ee\\\/ru\\\/\",\"logo\":{\"@type\":\"ImageObject\",\"inLanguage\":\"en-US\",\"@id\":\"https:\\\/\\\/www.pokumaa.ee\\\/ru\\\/#\\\/schema\\\/logo\\\/image\\\/\",\"url\":\"https:\\\/\\\/pokumaa.ee\\\/wp-content\\\/uploads\\\/2021\\\/04\\\/logo60-punane.png\",\"contentUrl\":\"https:\\\/\\\/pokumaa.ee\\\/wp-content\\\/uploads\\\/2021\\\/04\\\/logo60-punane.png\",\"width\":292,\"height\":60,\"caption\":\"Pokumaa\"},\"image\":{\"@id\":\"https:\\\/\\\/www.pokumaa.ee\\\/ru\\\/#\\\/schema\\\/logo\\\/image\\\/\"},\"sameAs\":[\"https:\\\/\\\/www.facebook.com\\\/Pokumaa\"]}]}<\/script>\n<!-- \/ Yoast SEO plugin. -->","yoast_head_json":{"title":"V\u00e4ike poku - Pokumaa","robots":{"index":"index","follow":"follow","max-snippet":"max-snippet:-1","max-image-preview":"max-image-preview:large","max-video-preview":"max-video-preview:-1"},"canonical":"https:\/\/www.pokumaa.ee\/toode\/vaike-poku\/","og_locale":"en_US","og_type":"article","og_title":"V\u00e4ike poku - Pokumaa","og_description":"V\u00e4ike poku on k\u00e4sitsi tehtud. Keha ja alus, millel poku [...]","og_url":"https:\/\/www.pokumaa.ee\/toode\/vaike-poku\/","og_site_name":"Pokumaa","article_publisher":"https:\/\/www.facebook.com\/Pokumaa","article_modified_time":"2022-07-08T08:29:19+00:00","og_image":[{"width":1296,"height":1728,"url":"https:\/\/www.pokumaa.ee\/wp-content\/uploads\/2021\/07\/291893980_280174000969576_6569081527784183780_n.jpg","type":"image\/jpeg"}],"twitter_card":"summary_large_image","schema":{"@context":"https:\/\/schema.org","@graph":[{"@type":"WebPage","@id":"https:\/\/www.pokumaa.ee\/toode\/vaike-poku\/","url":"https:\/\/www.pokumaa.ee\/toode\/vaike-poku\/","name":"V\u00e4ike poku - Pokumaa","isPartOf":{"@id":"https:\/\/www.pokumaa.ee\/ru\/#website"},"primaryImageOfPage":{"@id":"https:\/\/www.pokumaa.ee\/toode\/vaike-poku\/#primaryimage"},"image":{"@id":"https:\/\/www.pokumaa.ee\/toode\/vaike-poku\/#primaryimage"},"thumbnailUrl":"https:\/\/www.pokumaa.ee\/wp-content\/uploads\/2021\/07\/291893980_280174000969576_6569081527784183780_n.jpg","datePublished":"2021-07-19T05:58:12+00:00","dateModified":"2022-07-08T08:29:19+00:00","breadcrumb":{"@id":"https:\/\/www.pokumaa.ee\/toode\/vaike-poku\/#breadcrumb"},"inLanguage":"en-US","potentialAction":[{"@type":"ReadAction","target":["https:\/\/www.pokumaa.ee\/toode\/vaike-poku\/"]}]},{"@type":"ImageObject","inLanguage":"en-US","@id":"https:\/\/www.pokumaa.ee\/toode\/vaike-poku\/#primaryimage","url":"https:\/\/www.pokumaa.ee\/wp-content\/uploads\/2021\/07\/291893980_280174000969576_6569081527784183780_n.jpg","contentUrl":"https:\/\/www.pokumaa.ee\/wp-content\/uploads\/2021\/07\/291893980_280174000969576_6569081527784183780_n.jpg","width":1296,"height":1728,"caption":"V\u00e4ike poku on k\u00e4sitsi tehtud. Keha ja alus, millel poku seisab, on l\u00f5igatud puuoksast. Pea on paberimassist ja n\u00e4gu on maalitud lapsele ohutute v\u00e4rvidega. Soeng on l\u00f5ngast. Poku on parasjagu m\u00f5nus pihus kaasa kandmiseks. Ta kuulab hea meelega \u00e4ra k\u00f5ik mured ja ei r\u00e4\u00e4gi edasi. Vaja vaid talle nimi panna ;)"},{"@type":"BreadcrumbList","@id":"https:\/\/www.pokumaa.ee\/toode\/vaike-poku\/#breadcrumb","itemListElement":[{"@type":"ListItem","position":1,"name":"Home","item":"https:\/\/www.pokumaa.ee\/en\/"},{"@type":"ListItem","position":2,"name":"Shop","item":"https:\/\/www.pokumaa.ee\/en\/shop\/"},{"@type":"ListItem","position":3,"name":"V\u00e4ike poku"}]},{"@type":"WebSite","@id":"https:\/\/www.pokumaa.ee\/ru\/#website","url":"https:\/\/www.pokumaa.ee\/ru\/","name":"Pokumaa","description":"Pokumaa ja e-pood","publisher":{"@id":"https:\/\/www.pokumaa.ee\/ru\/#organization"},"potentialAction":[{"@type":"SearchAction","target":{"@type":"EntryPoint","urlTemplate":"https:\/\/www.pokumaa.ee\/ru\/?s={search_term_string}"},"query-input":{"@type":"PropertyValueSpecification","valueRequired":true,"valueName":"search_term_string"}}],"inLanguage":"en-US"},{"@type":"Organization","@id":"https:\/\/www.pokumaa.ee\/ru\/#organization","name":"Pokumaa","url":"https:\/\/www.pokumaa.ee\/ru\/","logo":{"@type":"ImageObject","inLanguage":"en-US","@id":"https:\/\/www.pokumaa.ee\/ru\/#\/schema\/logo\/image\/","url":"https:\/\/pokumaa.ee\/wp-content\/uploads\/2021\/04\/logo60-punane.png","contentUrl":"https:\/\/pokumaa.ee\/wp-content\/uploads\/2021\/04\/logo60-punane.png","width":292,"height":60,"caption":"Pokumaa"},"image":{"@id":"https:\/\/www.pokumaa.ee\/ru\/#\/schema\/logo\/image\/"},"sameAs":["https:\/\/www.facebook.com\/Pokumaa"]}]}},"_links":{"self":[{"href":"https:\/\/www.pokumaa.ee\/en\/wp-json\/wp\/v2\/product\/567","targetHints":{"allow":["GET"]}}],"collection":[{"href":"https:\/\/www.pokumaa.ee\/en\/wp-json\/wp\/v2\/product"}],"about":[{"href":"https:\/\/www.pokumaa.ee\/en\/wp-json\/wp\/v2\/types\/product"}],"wp:featuredmedia":[{"embeddable":true,"href":"https:\/\/www.pokumaa.ee\/en\/wp-json\/wp\/v2\/media\/2364"}],"wp:attachment":[{"href":"https:\/\/www.pokumaa.ee\/en\/wp-json\/wp\/v2\/media?parent=567"}],"wp:term":[{"taxonomy":"product_brand","embeddable":true,"href":"https:\/\/www.pokumaa.ee\/en\/wp-json\/wp\/v2\/product_brand?post=567"},{"taxonomy":"product_cat","embeddable":true,"href":"https:\/\/www.pokumaa.ee\/en\/wp-json\/wp\/v2\/product_cat?post=567"},{"taxonomy":"product_tag","embeddable":true,"href":"https:\/\/www.pokumaa.ee\/en\/wp-json\/wp\/v2\/product_tag?post=567"}],"curies":[{"name":"wp","href":"https:\/\/api.w.org\/{rel}","templated":true}]}}