{"id":635,"date":"2021-07-19T10:29:54","date_gmt":"2021-07-19T10:29:54","guid":{"rendered":"https:\/\/pokumaa.ee\/?post_type=product&#038;p=635"},"modified":"2025-02-17T15:53:16","modified_gmt":"2025-02-17T13:53:16","slug":"karikatuurid-labi-aegade","status":"publish","type":"product","link":"https:\/\/www.pokumaa.ee\/en\/toode\/karikatuurid-labi-aegade\/","title":{"rendered":"&#8220;Karikatuurid l\u00e4bi aegade&#8221;"},"content":{"rendered":"<p>Edgar Valteri karikatuurilooming on naljas\u00f5pradele h\u00e4sti tuttav. Suurmeistri s\u00fcgav, soe ja tabav huumor on raamatus teemade kaupa vaataja ette toodud. Kaass\u00f5na on kogumikule kirjutanud Vahur Kersna ja raamat on K\u00fclli Leppiku poolt koostatud.<\/p>\n<p>Tekstid on eesti, inglise ja saksa keeles.<\/p>\n<p>K\u00f5vakaanelise raamatu m\u00f5\u00f5tmed on 28 cm x 22 cm ja 294 lk.<\/p>\n<p><span class=\"styles_greyText__1qDdE\">ISBN <\/span>9789949435906<\/p>\n<p>&nbsp;<\/p>\n","protected":false},"excerpt":{"rendered":"<p>Edgar Valteri karikatuurilooming on naljas\u00f5pradele h\u00e4sti tuttav. Suurmeistri s\u00fcgav, soe  [&#8230;]<\/p>\n","protected":false},"featured_media":659,"template":"","meta":[],"product_brand":[],"product_cat":[21],"product_tag":[],"class_list":{"0":"post-635","1":"product","2":"type-product","3":"status-publish","4":"has-post-thumbnail","6":"product_cat-raamat","8":"first","9":"instock","10":"taxable","11":"shipping-taxable","12":"purchasable","13":"product-type-simple"},"yoast_head":"<!-- This site is optimized with the Yoast SEO plugin v27.4 - https:\/\/yoast.com\/product\/yoast-seo-wordpress\/ -->\n<title>&quot;Karikatuurid l\u00e4bi aegade&quot; - Pokumaa<\/title>\n<meta name=\"description\" content=\"Selle valiku oma t\u00f6\u00f6dest koostas Edgar Valter koos K\u00fclli Leppikuga 90ndate alul. Siis kui kunstiline karikatuur h\u00e4\u00e4bus p\u00e4evakajalisteks pilapiltideks.\" \/>\n<meta name=\"robots\" content=\"index, follow, max-snippet:-1, max-image-preview:large, max-video-preview:-1\" \/>\n<link rel=\"canonical\" href=\"https:\/\/www.pokumaa.ee\/toode\/karikatuurid-labi-aegade\/\" \/>\n<meta property=\"og:locale\" content=\"en_US\" \/>\n<meta property=\"og:type\" content=\"article\" \/>\n<meta property=\"og:title\" content=\"&quot;Karikatuurid l\u00e4bi aegade&quot; - Pokumaa\" \/>\n<meta property=\"og:description\" content=\"Selle valiku oma t\u00f6\u00f6dest koostas Edgar Valter koos K\u00fclli Leppikuga 90ndate alul. Siis kui kunstiline karikatuur h\u00e4\u00e4bus p\u00e4evakajalisteks pilapiltideks.\" \/>\n<meta property=\"og:url\" content=\"https:\/\/www.pokumaa.ee\/toode\/karikatuurid-labi-aegade\/\" \/>\n<meta property=\"og:site_name\" content=\"Pokumaa\" \/>\n<meta property=\"article:publisher\" content=\"https:\/\/www.facebook.com\/Pokumaa\" \/>\n<meta property=\"article:modified_time\" content=\"2025-02-17T13:53:16+00:00\" \/>\n<meta property=\"og:image\" content=\"https:\/\/www.pokumaa.ee\/wp-content\/uploads\/2021\/07\/Karikatuurid-labi-aegade-scaled-1.jpg\" \/>\n\t<meta property=\"og:image:width\" content=\"1997\" \/>\n\t<meta property=\"og:image:height\" content=\"2560\" \/>\n\t<meta property=\"og:image:type\" content=\"image\/jpeg\" \/>\n<meta name=\"twitter:card\" content=\"summary_large_image\" \/>\n<meta name=\"twitter:label1\" content=\"Est. reading time\" \/>\n\t<meta name=\"twitter:data1\" content=\"1 minute\" \/>\n<script type=\"application\/ld+json\" class=\"yoast-schema-graph\">{\"@context\":\"https:\\\/\\\/schema.org\",\"@graph\":[{\"@type\":\"WebPage\",\"@id\":\"https:\\\/\\\/www.pokumaa.ee\\\/toode\\\/karikatuurid-labi-aegade\\\/\",\"url\":\"https:\\\/\\\/www.pokumaa.ee\\\/toode\\\/karikatuurid-labi-aegade\\\/\",\"name\":\"\\\"Karikatuurid l\u00e4bi aegade\\\" - Pokumaa\",\"isPartOf\":{\"@id\":\"https:\\\/\\\/www.pokumaa.ee\\\/ru\\\/#website\"},\"primaryImageOfPage\":{\"@id\":\"https:\\\/\\\/www.pokumaa.ee\\\/toode\\\/karikatuurid-labi-aegade\\\/#primaryimage\"},\"image\":{\"@id\":\"https:\\\/\\\/www.pokumaa.ee\\\/toode\\\/karikatuurid-labi-aegade\\\/#primaryimage\"},\"thumbnailUrl\":\"https:\\\/\\\/www.pokumaa.ee\\\/wp-content\\\/uploads\\\/2021\\\/07\\\/Karikatuurid-labi-aegade-scaled-1.jpg\",\"datePublished\":\"2021-07-19T10:29:54+00:00\",\"dateModified\":\"2025-02-17T13:53:16+00:00\",\"description\":\"Selle valiku oma t\u00f6\u00f6dest koostas Edgar Valter koos K\u00fclli Leppikuga 90ndate alul. Siis kui kunstiline karikatuur h\u00e4\u00e4bus p\u00e4evakajalisteks pilapiltideks.\",\"breadcrumb\":{\"@id\":\"https:\\\/\\\/www.pokumaa.ee\\\/toode\\\/karikatuurid-labi-aegade\\\/#breadcrumb\"},\"inLanguage\":\"en-US\",\"potentialAction\":[{\"@type\":\"ReadAction\",\"target\":[\"https:\\\/\\\/www.pokumaa.ee\\\/toode\\\/karikatuurid-labi-aegade\\\/\"]}]},{\"@type\":\"ImageObject\",\"inLanguage\":\"en-US\",\"@id\":\"https:\\\/\\\/www.pokumaa.ee\\\/toode\\\/karikatuurid-labi-aegade\\\/#primaryimage\",\"url\":\"https:\\\/\\\/www.pokumaa.ee\\\/wp-content\\\/uploads\\\/2021\\\/07\\\/Karikatuurid-labi-aegade-scaled-1.jpg\",\"contentUrl\":\"https:\\\/\\\/www.pokumaa.ee\\\/wp-content\\\/uploads\\\/2021\\\/07\\\/Karikatuurid-labi-aegade-scaled-1.jpg\",\"width\":1997,\"height\":2560},{\"@type\":\"BreadcrumbList\",\"@id\":\"https:\\\/\\\/www.pokumaa.ee\\\/toode\\\/karikatuurid-labi-aegade\\\/#breadcrumb\",\"itemListElement\":[{\"@type\":\"ListItem\",\"position\":1,\"name\":\"Home\",\"item\":\"https:\\\/\\\/www.pokumaa.ee\\\/en\\\/\"},{\"@type\":\"ListItem\",\"position\":2,\"name\":\"Shop\",\"item\":\"https:\\\/\\\/www.pokumaa.ee\\\/en\\\/shop\\\/\"},{\"@type\":\"ListItem\",\"position\":3,\"name\":\"&#8220;Karikatuurid l\u00e4bi aegade&#8221;\"}]},{\"@type\":\"WebSite\",\"@id\":\"https:\\\/\\\/www.pokumaa.ee\\\/ru\\\/#website\",\"url\":\"https:\\\/\\\/www.pokumaa.ee\\\/ru\\\/\",\"name\":\"Pokumaa\",\"description\":\"Pokumaa ja e-pood\",\"publisher\":{\"@id\":\"https:\\\/\\\/www.pokumaa.ee\\\/ru\\\/#organization\"},\"potentialAction\":[{\"@type\":\"SearchAction\",\"target\":{\"@type\":\"EntryPoint\",\"urlTemplate\":\"https:\\\/\\\/www.pokumaa.ee\\\/ru\\\/?s={search_term_string}\"},\"query-input\":{\"@type\":\"PropertyValueSpecification\",\"valueRequired\":true,\"valueName\":\"search_term_string\"}}],\"inLanguage\":\"en-US\"},{\"@type\":\"Organization\",\"@id\":\"https:\\\/\\\/www.pokumaa.ee\\\/ru\\\/#organization\",\"name\":\"Pokumaa\",\"url\":\"https:\\\/\\\/www.pokumaa.ee\\\/ru\\\/\",\"logo\":{\"@type\":\"ImageObject\",\"inLanguage\":\"en-US\",\"@id\":\"https:\\\/\\\/www.pokumaa.ee\\\/ru\\\/#\\\/schema\\\/logo\\\/image\\\/\",\"url\":\"https:\\\/\\\/pokumaa.ee\\\/wp-content\\\/uploads\\\/2021\\\/04\\\/logo60-punane.png\",\"contentUrl\":\"https:\\\/\\\/pokumaa.ee\\\/wp-content\\\/uploads\\\/2021\\\/04\\\/logo60-punane.png\",\"width\":292,\"height\":60,\"caption\":\"Pokumaa\"},\"image\":{\"@id\":\"https:\\\/\\\/www.pokumaa.ee\\\/ru\\\/#\\\/schema\\\/logo\\\/image\\\/\"},\"sameAs\":[\"https:\\\/\\\/www.facebook.com\\\/Pokumaa\"]}]}<\/script>\n<!-- \/ Yoast SEO plugin. -->","yoast_head_json":{"title":"\"Karikatuurid l\u00e4bi aegade\" - Pokumaa","description":"Selle valiku oma t\u00f6\u00f6dest koostas Edgar Valter koos K\u00fclli Leppikuga 90ndate alul. Siis kui kunstiline karikatuur h\u00e4\u00e4bus p\u00e4evakajalisteks pilapiltideks.","robots":{"index":"index","follow":"follow","max-snippet":"max-snippet:-1","max-image-preview":"max-image-preview:large","max-video-preview":"max-video-preview:-1"},"canonical":"https:\/\/www.pokumaa.ee\/toode\/karikatuurid-labi-aegade\/","og_locale":"en_US","og_type":"article","og_title":"\"Karikatuurid l\u00e4bi aegade\" - Pokumaa","og_description":"Selle valiku oma t\u00f6\u00f6dest koostas Edgar Valter koos K\u00fclli Leppikuga 90ndate alul. Siis kui kunstiline karikatuur h\u00e4\u00e4bus p\u00e4evakajalisteks pilapiltideks.","og_url":"https:\/\/www.pokumaa.ee\/toode\/karikatuurid-labi-aegade\/","og_site_name":"Pokumaa","article_publisher":"https:\/\/www.facebook.com\/Pokumaa","article_modified_time":"2025-02-17T13:53:16+00:00","og_image":[{"width":1997,"height":2560,"url":"https:\/\/www.pokumaa.ee\/wp-content\/uploads\/2021\/07\/Karikatuurid-labi-aegade-scaled-1.jpg","type":"image\/jpeg"}],"twitter_card":"summary_large_image","twitter_misc":{"Est. reading time":"1 minute"},"schema":{"@context":"https:\/\/schema.org","@graph":[{"@type":"WebPage","@id":"https:\/\/www.pokumaa.ee\/toode\/karikatuurid-labi-aegade\/","url":"https:\/\/www.pokumaa.ee\/toode\/karikatuurid-labi-aegade\/","name":"\"Karikatuurid l\u00e4bi aegade\" - Pokumaa","isPartOf":{"@id":"https:\/\/www.pokumaa.ee\/ru\/#website"},"primaryImageOfPage":{"@id":"https:\/\/www.pokumaa.ee\/toode\/karikatuurid-labi-aegade\/#primaryimage"},"image":{"@id":"https:\/\/www.pokumaa.ee\/toode\/karikatuurid-labi-aegade\/#primaryimage"},"thumbnailUrl":"https:\/\/www.pokumaa.ee\/wp-content\/uploads\/2021\/07\/Karikatuurid-labi-aegade-scaled-1.jpg","datePublished":"2021-07-19T10:29:54+00:00","dateModified":"2025-02-17T13:53:16+00:00","description":"Selle valiku oma t\u00f6\u00f6dest koostas Edgar Valter koos K\u00fclli Leppikuga 90ndate alul. Siis kui kunstiline karikatuur h\u00e4\u00e4bus p\u00e4evakajalisteks pilapiltideks.","breadcrumb":{"@id":"https:\/\/www.pokumaa.ee\/toode\/karikatuurid-labi-aegade\/#breadcrumb"},"inLanguage":"en-US","potentialAction":[{"@type":"ReadAction","target":["https:\/\/www.pokumaa.ee\/toode\/karikatuurid-labi-aegade\/"]}]},{"@type":"ImageObject","inLanguage":"en-US","@id":"https:\/\/www.pokumaa.ee\/toode\/karikatuurid-labi-aegade\/#primaryimage","url":"https:\/\/www.pokumaa.ee\/wp-content\/uploads\/2021\/07\/Karikatuurid-labi-aegade-scaled-1.jpg","contentUrl":"https:\/\/www.pokumaa.ee\/wp-content\/uploads\/2021\/07\/Karikatuurid-labi-aegade-scaled-1.jpg","width":1997,"height":2560},{"@type":"BreadcrumbList","@id":"https:\/\/www.pokumaa.ee\/toode\/karikatuurid-labi-aegade\/#breadcrumb","itemListElement":[{"@type":"ListItem","position":1,"name":"Home","item":"https:\/\/www.pokumaa.ee\/en\/"},{"@type":"ListItem","position":2,"name":"Shop","item":"https:\/\/www.pokumaa.ee\/en\/shop\/"},{"@type":"ListItem","position":3,"name":"&#8220;Karikatuurid l\u00e4bi aegade&#8221;"}]},{"@type":"WebSite","@id":"https:\/\/www.pokumaa.ee\/ru\/#website","url":"https:\/\/www.pokumaa.ee\/ru\/","name":"Pokumaa","description":"Pokumaa ja e-pood","publisher":{"@id":"https:\/\/www.pokumaa.ee\/ru\/#organization"},"potentialAction":[{"@type":"SearchAction","target":{"@type":"EntryPoint","urlTemplate":"https:\/\/www.pokumaa.ee\/ru\/?s={search_term_string}"},"query-input":{"@type":"PropertyValueSpecification","valueRequired":true,"valueName":"search_term_string"}}],"inLanguage":"en-US"},{"@type":"Organization","@id":"https:\/\/www.pokumaa.ee\/ru\/#organization","name":"Pokumaa","url":"https:\/\/www.pokumaa.ee\/ru\/","logo":{"@type":"ImageObject","inLanguage":"en-US","@id":"https:\/\/www.pokumaa.ee\/ru\/#\/schema\/logo\/image\/","url":"https:\/\/pokumaa.ee\/wp-content\/uploads\/2021\/04\/logo60-punane.png","contentUrl":"https:\/\/pokumaa.ee\/wp-content\/uploads\/2021\/04\/logo60-punane.png","width":292,"height":60,"caption":"Pokumaa"},"image":{"@id":"https:\/\/www.pokumaa.ee\/ru\/#\/schema\/logo\/image\/"},"sameAs":["https:\/\/www.facebook.com\/Pokumaa"]}]}},"_links":{"self":[{"href":"https:\/\/www.pokumaa.ee\/en\/wp-json\/wp\/v2\/product\/635","targetHints":{"allow":["GET"]}}],"collection":[{"href":"https:\/\/www.pokumaa.ee\/en\/wp-json\/wp\/v2\/product"}],"about":[{"href":"https:\/\/www.pokumaa.ee\/en\/wp-json\/wp\/v2\/types\/product"}],"wp:featuredmedia":[{"embeddable":true,"href":"https:\/\/www.pokumaa.ee\/en\/wp-json\/wp\/v2\/media\/659"}],"wp:attachment":[{"href":"https:\/\/www.pokumaa.ee\/en\/wp-json\/wp\/v2\/media?parent=635"}],"wp:term":[{"taxonomy":"product_brand","embeddable":true,"href":"https:\/\/www.pokumaa.ee\/en\/wp-json\/wp\/v2\/product_brand?post=635"},{"taxonomy":"product_cat","embeddable":true,"href":"https:\/\/www.pokumaa.ee\/en\/wp-json\/wp\/v2\/product_cat?post=635"},{"taxonomy":"product_tag","embeddable":true,"href":"https:\/\/www.pokumaa.ee\/en\/wp-json\/wp\/v2\/product_tag?post=635"}],"curies":[{"name":"wp","href":"https:\/\/api.w.org\/{rel}","templated":true}]}}