{"id":637,"date":"2021-07-19T10:29:54","date_gmt":"2021-07-19T10:29:54","guid":{"rendered":"https:\/\/pokumaa.ee\/?post_type=product&#038;p=637"},"modified":"2025-11-14T20:59:55","modified_gmt":"2025-11-14T18:59:55","slug":"e-valter-kullast-vilepill","status":"publish","type":"product","link":"https:\/\/www.pokumaa.ee\/en\/toode\/e-valter-kullast-vilepill\/","title":{"rendered":"E. Valter &#8220;Kullast vilepill&#8221;"},"content":{"rendered":"<p>&#8220;Kullast vilepill&#8221; on Edgar Valteri teos, kus kohtub v\u00e4rvik\u00fcllane maailm headust ja hoolivust t\u00e4is s\u00f5prusega. Raamatust ei leia t\u00fckikestki valget paberit ning s\u00f5nakestki, mis ei teeks s\u00fcdant soojaks. Raamat meeldib nii suurtele kui v\u00e4ikestele kuningapojast ja printsessidest k\u00f5nelevate lugude ning kaunite pildiraamatute austajatele.<\/p>\n<p>K\u00f5vakaanelises raamatus on 20 kunstiteosena m\u00f5juvat lehek\u00fclge ja m\u00f5\u00f5dud on 26,5 cm x 20,5 cm.<\/p>\n","protected":false},"excerpt":{"rendered":"<p>&#8220;Kullast vilepill&#8221; on Edgar Valteri teos, kus kohtub v\u00e4rvik\u00fcllane maailm  [&#8230;]<\/p>\n","protected":false},"featured_media":661,"template":"","meta":[],"product_brand":[],"product_cat":[21],"product_tag":[],"class_list":{"0":"post-637","1":"product","2":"type-product","3":"status-publish","4":"has-post-thumbnail","6":"product_cat-raamat","8":"first","9":"instock","10":"taxable","11":"shipping-taxable","12":"purchasable","13":"product-type-simple"},"yoast_head":"<!-- This site is optimized with the Yoast SEO plugin v27.3 - https:\/\/yoast.com\/product\/yoast-seo-wordpress\/ -->\n<title>E. Valter &quot;Kullast vilepill&quot; - Pokumaa<\/title>\n<meta name=\"description\" content=\"Teemu oligi karjapoisist kuningas. Oli tal kroon, oli valitsuskepp ja s\u00fcgiseti kui \u00f5unad valmisid, ka valitsus\u00f5un.\" \/>\n<meta name=\"robots\" content=\"index, follow, max-snippet:-1, max-image-preview:large, max-video-preview:-1\" \/>\n<link rel=\"canonical\" href=\"https:\/\/www.pokumaa.ee\/toode\/e-valter-kullast-vilepill\/\" \/>\n<meta property=\"og:locale\" content=\"en_US\" \/>\n<meta property=\"og:type\" content=\"article\" \/>\n<meta property=\"og:title\" content=\"E. Valter &quot;Kullast vilepill&quot; - Pokumaa\" \/>\n<meta property=\"og:description\" content=\"Teemu oligi karjapoisist kuningas. Oli tal kroon, oli valitsuskepp ja s\u00fcgiseti kui \u00f5unad valmisid, ka valitsus\u00f5un.\" \/>\n<meta property=\"og:url\" content=\"https:\/\/www.pokumaa.ee\/toode\/e-valter-kullast-vilepill\/\" \/>\n<meta property=\"og:site_name\" content=\"Pokumaa\" \/>\n<meta property=\"article:publisher\" content=\"https:\/\/www.facebook.com\/Pokumaa\" \/>\n<meta property=\"article:modified_time\" content=\"2025-11-14T18:59:55+00:00\" \/>\n<meta property=\"og:image\" content=\"https:\/\/www.pokumaa.ee\/wp-content\/uploads\/2021\/07\/Kullast-vilepill-scaled-1.jpg\" \/>\n\t<meta property=\"og:image:width\" content=\"1991\" \/>\n\t<meta property=\"og:image:height\" content=\"2560\" \/>\n\t<meta property=\"og:image:type\" content=\"image\/jpeg\" \/>\n<meta name=\"twitter:card\" content=\"summary_large_image\" \/>\n<meta name=\"twitter:label1\" content=\"Est. reading time\" \/>\n\t<meta name=\"twitter:data1\" content=\"1 minute\" \/>\n<script type=\"application\/ld+json\" class=\"yoast-schema-graph\">{\"@context\":\"https:\\\/\\\/schema.org\",\"@graph\":[{\"@type\":\"WebPage\",\"@id\":\"https:\\\/\\\/www.pokumaa.ee\\\/toode\\\/e-valter-kullast-vilepill\\\/\",\"url\":\"https:\\\/\\\/www.pokumaa.ee\\\/toode\\\/e-valter-kullast-vilepill\\\/\",\"name\":\"E. Valter \\\"Kullast vilepill\\\" - Pokumaa\",\"isPartOf\":{\"@id\":\"https:\\\/\\\/www.pokumaa.ee\\\/ru\\\/#website\"},\"primaryImageOfPage\":{\"@id\":\"https:\\\/\\\/www.pokumaa.ee\\\/toode\\\/e-valter-kullast-vilepill\\\/#primaryimage\"},\"image\":{\"@id\":\"https:\\\/\\\/www.pokumaa.ee\\\/toode\\\/e-valter-kullast-vilepill\\\/#primaryimage\"},\"thumbnailUrl\":\"https:\\\/\\\/www.pokumaa.ee\\\/wp-content\\\/uploads\\\/2021\\\/07\\\/Kullast-vilepill-scaled-1.jpg\",\"datePublished\":\"2021-07-19T10:29:54+00:00\",\"dateModified\":\"2025-11-14T18:59:55+00:00\",\"description\":\"Teemu oligi karjapoisist kuningas. Oli tal kroon, oli valitsuskepp ja s\u00fcgiseti kui \u00f5unad valmisid, ka valitsus\u00f5un.\",\"breadcrumb\":{\"@id\":\"https:\\\/\\\/www.pokumaa.ee\\\/toode\\\/e-valter-kullast-vilepill\\\/#breadcrumb\"},\"inLanguage\":\"en-US\",\"potentialAction\":[{\"@type\":\"ReadAction\",\"target\":[\"https:\\\/\\\/www.pokumaa.ee\\\/toode\\\/e-valter-kullast-vilepill\\\/\"]}]},{\"@type\":\"ImageObject\",\"inLanguage\":\"en-US\",\"@id\":\"https:\\\/\\\/www.pokumaa.ee\\\/toode\\\/e-valter-kullast-vilepill\\\/#primaryimage\",\"url\":\"https:\\\/\\\/www.pokumaa.ee\\\/wp-content\\\/uploads\\\/2021\\\/07\\\/Kullast-vilepill-scaled-1.jpg\",\"contentUrl\":\"https:\\\/\\\/www.pokumaa.ee\\\/wp-content\\\/uploads\\\/2021\\\/07\\\/Kullast-vilepill-scaled-1.jpg\",\"width\":1991,\"height\":2560},{\"@type\":\"BreadcrumbList\",\"@id\":\"https:\\\/\\\/www.pokumaa.ee\\\/toode\\\/e-valter-kullast-vilepill\\\/#breadcrumb\",\"itemListElement\":[{\"@type\":\"ListItem\",\"position\":1,\"name\":\"Home\",\"item\":\"https:\\\/\\\/www.pokumaa.ee\\\/en\\\/\"},{\"@type\":\"ListItem\",\"position\":2,\"name\":\"Shop\",\"item\":\"https:\\\/\\\/www.pokumaa.ee\\\/en\\\/shop\\\/\"},{\"@type\":\"ListItem\",\"position\":3,\"name\":\"E. Valter &#8220;Kullast vilepill&#8221;\"}]},{\"@type\":\"WebSite\",\"@id\":\"https:\\\/\\\/www.pokumaa.ee\\\/ru\\\/#website\",\"url\":\"https:\\\/\\\/www.pokumaa.ee\\\/ru\\\/\",\"name\":\"Pokumaa\",\"description\":\"Pokumaa ja e-pood\",\"publisher\":{\"@id\":\"https:\\\/\\\/www.pokumaa.ee\\\/ru\\\/#organization\"},\"potentialAction\":[{\"@type\":\"SearchAction\",\"target\":{\"@type\":\"EntryPoint\",\"urlTemplate\":\"https:\\\/\\\/www.pokumaa.ee\\\/ru\\\/?s={search_term_string}\"},\"query-input\":{\"@type\":\"PropertyValueSpecification\",\"valueRequired\":true,\"valueName\":\"search_term_string\"}}],\"inLanguage\":\"en-US\"},{\"@type\":\"Organization\",\"@id\":\"https:\\\/\\\/www.pokumaa.ee\\\/ru\\\/#organization\",\"name\":\"Pokumaa\",\"url\":\"https:\\\/\\\/www.pokumaa.ee\\\/ru\\\/\",\"logo\":{\"@type\":\"ImageObject\",\"inLanguage\":\"en-US\",\"@id\":\"https:\\\/\\\/www.pokumaa.ee\\\/ru\\\/#\\\/schema\\\/logo\\\/image\\\/\",\"url\":\"https:\\\/\\\/pokumaa.ee\\\/wp-content\\\/uploads\\\/2021\\\/04\\\/logo60-punane.png\",\"contentUrl\":\"https:\\\/\\\/pokumaa.ee\\\/wp-content\\\/uploads\\\/2021\\\/04\\\/logo60-punane.png\",\"width\":292,\"height\":60,\"caption\":\"Pokumaa\"},\"image\":{\"@id\":\"https:\\\/\\\/www.pokumaa.ee\\\/ru\\\/#\\\/schema\\\/logo\\\/image\\\/\"},\"sameAs\":[\"https:\\\/\\\/www.facebook.com\\\/Pokumaa\"]}]}<\/script>\n<!-- \/ Yoast SEO plugin. -->","yoast_head_json":{"title":"E. Valter \"Kullast vilepill\" - Pokumaa","description":"Teemu oligi karjapoisist kuningas. Oli tal kroon, oli valitsuskepp ja s\u00fcgiseti kui \u00f5unad valmisid, ka valitsus\u00f5un.","robots":{"index":"index","follow":"follow","max-snippet":"max-snippet:-1","max-image-preview":"max-image-preview:large","max-video-preview":"max-video-preview:-1"},"canonical":"https:\/\/www.pokumaa.ee\/toode\/e-valter-kullast-vilepill\/","og_locale":"en_US","og_type":"article","og_title":"E. Valter \"Kullast vilepill\" - Pokumaa","og_description":"Teemu oligi karjapoisist kuningas. Oli tal kroon, oli valitsuskepp ja s\u00fcgiseti kui \u00f5unad valmisid, ka valitsus\u00f5un.","og_url":"https:\/\/www.pokumaa.ee\/toode\/e-valter-kullast-vilepill\/","og_site_name":"Pokumaa","article_publisher":"https:\/\/www.facebook.com\/Pokumaa","article_modified_time":"2025-11-14T18:59:55+00:00","og_image":[{"width":1991,"height":2560,"url":"https:\/\/www.pokumaa.ee\/wp-content\/uploads\/2021\/07\/Kullast-vilepill-scaled-1.jpg","type":"image\/jpeg"}],"twitter_card":"summary_large_image","twitter_misc":{"Est. reading time":"1 minute"},"schema":{"@context":"https:\/\/schema.org","@graph":[{"@type":"WebPage","@id":"https:\/\/www.pokumaa.ee\/toode\/e-valter-kullast-vilepill\/","url":"https:\/\/www.pokumaa.ee\/toode\/e-valter-kullast-vilepill\/","name":"E. Valter \"Kullast vilepill\" - Pokumaa","isPartOf":{"@id":"https:\/\/www.pokumaa.ee\/ru\/#website"},"primaryImageOfPage":{"@id":"https:\/\/www.pokumaa.ee\/toode\/e-valter-kullast-vilepill\/#primaryimage"},"image":{"@id":"https:\/\/www.pokumaa.ee\/toode\/e-valter-kullast-vilepill\/#primaryimage"},"thumbnailUrl":"https:\/\/www.pokumaa.ee\/wp-content\/uploads\/2021\/07\/Kullast-vilepill-scaled-1.jpg","datePublished":"2021-07-19T10:29:54+00:00","dateModified":"2025-11-14T18:59:55+00:00","description":"Teemu oligi karjapoisist kuningas. Oli tal kroon, oli valitsuskepp ja s\u00fcgiseti kui \u00f5unad valmisid, ka valitsus\u00f5un.","breadcrumb":{"@id":"https:\/\/www.pokumaa.ee\/toode\/e-valter-kullast-vilepill\/#breadcrumb"},"inLanguage":"en-US","potentialAction":[{"@type":"ReadAction","target":["https:\/\/www.pokumaa.ee\/toode\/e-valter-kullast-vilepill\/"]}]},{"@type":"ImageObject","inLanguage":"en-US","@id":"https:\/\/www.pokumaa.ee\/toode\/e-valter-kullast-vilepill\/#primaryimage","url":"https:\/\/www.pokumaa.ee\/wp-content\/uploads\/2021\/07\/Kullast-vilepill-scaled-1.jpg","contentUrl":"https:\/\/www.pokumaa.ee\/wp-content\/uploads\/2021\/07\/Kullast-vilepill-scaled-1.jpg","width":1991,"height":2560},{"@type":"BreadcrumbList","@id":"https:\/\/www.pokumaa.ee\/toode\/e-valter-kullast-vilepill\/#breadcrumb","itemListElement":[{"@type":"ListItem","position":1,"name":"Home","item":"https:\/\/www.pokumaa.ee\/en\/"},{"@type":"ListItem","position":2,"name":"Shop","item":"https:\/\/www.pokumaa.ee\/en\/shop\/"},{"@type":"ListItem","position":3,"name":"E. Valter &#8220;Kullast vilepill&#8221;"}]},{"@type":"WebSite","@id":"https:\/\/www.pokumaa.ee\/ru\/#website","url":"https:\/\/www.pokumaa.ee\/ru\/","name":"Pokumaa","description":"Pokumaa ja e-pood","publisher":{"@id":"https:\/\/www.pokumaa.ee\/ru\/#organization"},"potentialAction":[{"@type":"SearchAction","target":{"@type":"EntryPoint","urlTemplate":"https:\/\/www.pokumaa.ee\/ru\/?s={search_term_string}"},"query-input":{"@type":"PropertyValueSpecification","valueRequired":true,"valueName":"search_term_string"}}],"inLanguage":"en-US"},{"@type":"Organization","@id":"https:\/\/www.pokumaa.ee\/ru\/#organization","name":"Pokumaa","url":"https:\/\/www.pokumaa.ee\/ru\/","logo":{"@type":"ImageObject","inLanguage":"en-US","@id":"https:\/\/www.pokumaa.ee\/ru\/#\/schema\/logo\/image\/","url":"https:\/\/pokumaa.ee\/wp-content\/uploads\/2021\/04\/logo60-punane.png","contentUrl":"https:\/\/pokumaa.ee\/wp-content\/uploads\/2021\/04\/logo60-punane.png","width":292,"height":60,"caption":"Pokumaa"},"image":{"@id":"https:\/\/www.pokumaa.ee\/ru\/#\/schema\/logo\/image\/"},"sameAs":["https:\/\/www.facebook.com\/Pokumaa"]}]}},"_links":{"self":[{"href":"https:\/\/www.pokumaa.ee\/en\/wp-json\/wp\/v2\/product\/637","targetHints":{"allow":["GET"]}}],"collection":[{"href":"https:\/\/www.pokumaa.ee\/en\/wp-json\/wp\/v2\/product"}],"about":[{"href":"https:\/\/www.pokumaa.ee\/en\/wp-json\/wp\/v2\/types\/product"}],"wp:featuredmedia":[{"embeddable":true,"href":"https:\/\/www.pokumaa.ee\/en\/wp-json\/wp\/v2\/media\/661"}],"wp:attachment":[{"href":"https:\/\/www.pokumaa.ee\/en\/wp-json\/wp\/v2\/media?parent=637"}],"wp:term":[{"taxonomy":"product_brand","embeddable":true,"href":"https:\/\/www.pokumaa.ee\/en\/wp-json\/wp\/v2\/product_brand?post=637"},{"taxonomy":"product_cat","embeddable":true,"href":"https:\/\/www.pokumaa.ee\/en\/wp-json\/wp\/v2\/product_cat?post=637"},{"taxonomy":"product_tag","embeddable":true,"href":"https:\/\/www.pokumaa.ee\/en\/wp-json\/wp\/v2\/product_tag?post=637"}],"curies":[{"name":"wp","href":"https:\/\/api.w.org\/{rel}","templated":true}]}}