{"id":638,"date":"2021-07-19T10:29:54","date_gmt":"2021-07-19T10:29:54","guid":{"rendered":"https:\/\/pokumaa.ee\/?post_type=product&#038;p=638"},"modified":"2025-05-15T18:27:59","modified_gmt":"2025-05-15T15:27:59","slug":"k-leppik-ja-e-valter-aastatsoor-pokudoga-aastaring-pokudega","status":"publish","type":"product","link":"https:\/\/www.pokumaa.ee\/en\/toode\/k-leppik-ja-e-valter-aastatsoor-pokudoga-aastaring-pokudega\/","title":{"rendered":"K. Leppik ja E. Valter &#8220;Aastats\u00f5\u00f5r pokud\u00f5ga&#8221; &#8220;Aastaring pokudega&#8221;"},"content":{"rendered":"<p>Raamatusse on kogutud K\u00fclli Leppiku imelised fotod pokudest ja\u00a0 nende s\u00f5pradest erinevates kodupaikades erinevatel aastaaegadel. See v\u00f5rratu looduspildiraamat viib vaataja loodusesse ning avab meeli pokude m\u00e4rkamiseks nii, nagu neid m\u00e4rkas Edgar Valter. Fotosid saadavad suurmeistri loodud pildid pokurahvast, andes aimu, kuidas muinaslugu ja loodus kokku saavad.<\/p>\n<p>Esinduslik k\u00f5vakaaneline raamat on koost\u00f6\u00f6s V\u00f5ru Instituudiga saanud eestikeelsete k\u00f5rvale ka v\u00f5rokeelsed tekstid.<\/p>\n<p>M\u00f5\u00f5dud on 28,5 cm x 22 cm ja raamatul on 244 lk.<\/p>\n","protected":false},"excerpt":{"rendered":"<p>Raamatusse on kogutud K\u00fclli Leppiku imelised fotod pokudest ja\u00a0 nende  [&#8230;]<\/p>\n","protected":false},"featured_media":662,"template":"","meta":[],"product_brand":[],"product_cat":[21],"product_tag":[],"class_list":{"0":"post-638","1":"product","2":"type-product","3":"status-publish","4":"has-post-thumbnail","6":"product_cat-raamat","8":"first","9":"instock","10":"taxable","11":"shipping-taxable","12":"purchasable","13":"product-type-simple"},"yoast_head":"<!-- This site is optimized with the Yoast SEO plugin v27.6 - https:\/\/yoast.com\/product\/yoast-seo-wordpress\/ -->\n<title>K. Leppik ja E. Valter &quot;Aastats\u00f5\u00f5r pokud\u00f5ga&quot; &quot;Aastaring pokudega&quot; - Pokumaa<\/title>\n<meta name=\"robots\" content=\"index, follow, max-snippet:-1, max-image-preview:large, max-video-preview:-1\" \/>\n<link rel=\"canonical\" href=\"https:\/\/www.pokumaa.ee\/toode\/k-leppik-ja-e-valter-aastatsoor-pokudoga-aastaring-pokudega\/\" \/>\n<meta property=\"og:locale\" content=\"en_US\" \/>\n<meta property=\"og:type\" content=\"article\" \/>\n<meta property=\"og:title\" content=\"K. Leppik ja E. Valter &quot;Aastats\u00f5\u00f5r pokud\u00f5ga&quot; &quot;Aastaring pokudega&quot; - Pokumaa\" \/>\n<meta property=\"og:description\" content=\"Raamatusse on kogutud K\u00fclli Leppiku imelised fotod pokudest ja\u00a0 nende [...]\" \/>\n<meta property=\"og:url\" content=\"https:\/\/www.pokumaa.ee\/toode\/k-leppik-ja-e-valter-aastatsoor-pokudoga-aastaring-pokudega\/\" \/>\n<meta property=\"og:site_name\" content=\"Pokumaa\" \/>\n<meta property=\"article:publisher\" content=\"https:\/\/www.facebook.com\/Pokumaa\" \/>\n<meta property=\"article:modified_time\" content=\"2025-05-15T15:27:59+00:00\" \/>\n<meta property=\"og:image\" content=\"https:\/\/www.pokumaa.ee\/wp-content\/uploads\/2021\/07\/Aastaring-pokudega-scaled-1.jpg\" \/>\n\t<meta property=\"og:image:width\" content=\"1952\" \/>\n\t<meta property=\"og:image:height\" content=\"2560\" \/>\n\t<meta property=\"og:image:type\" content=\"image\/jpeg\" \/>\n<meta name=\"twitter:card\" content=\"summary_large_image\" \/>\n<meta name=\"twitter:label1\" content=\"Est. reading time\" \/>\n\t<meta name=\"twitter:data1\" content=\"1 minute\" \/>\n<script type=\"application\/ld+json\" class=\"yoast-schema-graph\">{\"@context\":\"https:\\\/\\\/schema.org\",\"@graph\":[{\"@type\":\"WebPage\",\"@id\":\"https:\\\/\\\/www.pokumaa.ee\\\/toode\\\/k-leppik-ja-e-valter-aastatsoor-pokudoga-aastaring-pokudega\\\/\",\"url\":\"https:\\\/\\\/www.pokumaa.ee\\\/toode\\\/k-leppik-ja-e-valter-aastatsoor-pokudoga-aastaring-pokudega\\\/\",\"name\":\"K. Leppik ja E. Valter \\\"Aastats\u00f5\u00f5r pokud\u00f5ga\\\" \\\"Aastaring pokudega\\\" - Pokumaa\",\"isPartOf\":{\"@id\":\"https:\\\/\\\/www.pokumaa.ee\\\/ru\\\/#website\"},\"primaryImageOfPage\":{\"@id\":\"https:\\\/\\\/www.pokumaa.ee\\\/toode\\\/k-leppik-ja-e-valter-aastatsoor-pokudoga-aastaring-pokudega\\\/#primaryimage\"},\"image\":{\"@id\":\"https:\\\/\\\/www.pokumaa.ee\\\/toode\\\/k-leppik-ja-e-valter-aastatsoor-pokudoga-aastaring-pokudega\\\/#primaryimage\"},\"thumbnailUrl\":\"https:\\\/\\\/www.pokumaa.ee\\\/wp-content\\\/uploads\\\/2021\\\/07\\\/Aastaring-pokudega-scaled-1.jpg\",\"datePublished\":\"2021-07-19T10:29:54+00:00\",\"dateModified\":\"2025-05-15T15:27:59+00:00\",\"breadcrumb\":{\"@id\":\"https:\\\/\\\/www.pokumaa.ee\\\/toode\\\/k-leppik-ja-e-valter-aastatsoor-pokudoga-aastaring-pokudega\\\/#breadcrumb\"},\"inLanguage\":\"en-US\",\"potentialAction\":[{\"@type\":\"ReadAction\",\"target\":[\"https:\\\/\\\/www.pokumaa.ee\\\/toode\\\/k-leppik-ja-e-valter-aastatsoor-pokudoga-aastaring-pokudega\\\/\"]}]},{\"@type\":\"ImageObject\",\"inLanguage\":\"en-US\",\"@id\":\"https:\\\/\\\/www.pokumaa.ee\\\/toode\\\/k-leppik-ja-e-valter-aastatsoor-pokudoga-aastaring-pokudega\\\/#primaryimage\",\"url\":\"https:\\\/\\\/www.pokumaa.ee\\\/wp-content\\\/uploads\\\/2021\\\/07\\\/Aastaring-pokudega-scaled-1.jpg\",\"contentUrl\":\"https:\\\/\\\/www.pokumaa.ee\\\/wp-content\\\/uploads\\\/2021\\\/07\\\/Aastaring-pokudega-scaled-1.jpg\",\"width\":1952,\"height\":2560},{\"@type\":\"BreadcrumbList\",\"@id\":\"https:\\\/\\\/www.pokumaa.ee\\\/toode\\\/k-leppik-ja-e-valter-aastatsoor-pokudoga-aastaring-pokudega\\\/#breadcrumb\",\"itemListElement\":[{\"@type\":\"ListItem\",\"position\":1,\"name\":\"Home\",\"item\":\"https:\\\/\\\/www.pokumaa.ee\\\/en\\\/\"},{\"@type\":\"ListItem\",\"position\":2,\"name\":\"Shop\",\"item\":\"https:\\\/\\\/www.pokumaa.ee\\\/en\\\/shop\\\/\"},{\"@type\":\"ListItem\",\"position\":3,\"name\":\"K. Leppik ja E. Valter &#8220;Aastats\u00f5\u00f5r pokud\u00f5ga&#8221; &#8220;Aastaring pokudega&#8221;\"}]},{\"@type\":\"WebSite\",\"@id\":\"https:\\\/\\\/www.pokumaa.ee\\\/ru\\\/#website\",\"url\":\"https:\\\/\\\/www.pokumaa.ee\\\/ru\\\/\",\"name\":\"Pokumaa\",\"description\":\"Pokumaa ja e-pood\",\"publisher\":{\"@id\":\"https:\\\/\\\/www.pokumaa.ee\\\/ru\\\/#organization\"},\"potentialAction\":[{\"@type\":\"SearchAction\",\"target\":{\"@type\":\"EntryPoint\",\"urlTemplate\":\"https:\\\/\\\/www.pokumaa.ee\\\/ru\\\/?s={search_term_string}\"},\"query-input\":{\"@type\":\"PropertyValueSpecification\",\"valueRequired\":true,\"valueName\":\"search_term_string\"}}],\"inLanguage\":\"en-US\"},{\"@type\":\"Organization\",\"@id\":\"https:\\\/\\\/www.pokumaa.ee\\\/ru\\\/#organization\",\"name\":\"Pokumaa\",\"url\":\"https:\\\/\\\/www.pokumaa.ee\\\/ru\\\/\",\"logo\":{\"@type\":\"ImageObject\",\"inLanguage\":\"en-US\",\"@id\":\"https:\\\/\\\/www.pokumaa.ee\\\/ru\\\/#\\\/schema\\\/logo\\\/image\\\/\",\"url\":\"https:\\\/\\\/pokumaa.ee\\\/wp-content\\\/uploads\\\/2021\\\/04\\\/logo60-punane.png\",\"contentUrl\":\"https:\\\/\\\/pokumaa.ee\\\/wp-content\\\/uploads\\\/2021\\\/04\\\/logo60-punane.png\",\"width\":292,\"height\":60,\"caption\":\"Pokumaa\"},\"image\":{\"@id\":\"https:\\\/\\\/www.pokumaa.ee\\\/ru\\\/#\\\/schema\\\/logo\\\/image\\\/\"},\"sameAs\":[\"https:\\\/\\\/www.facebook.com\\\/Pokumaa\"]}]}<\/script>\n<!-- \/ Yoast SEO plugin. -->","yoast_head_json":{"title":"K. Leppik ja E. Valter \"Aastats\u00f5\u00f5r pokud\u00f5ga\" \"Aastaring pokudega\" - Pokumaa","robots":{"index":"index","follow":"follow","max-snippet":"max-snippet:-1","max-image-preview":"max-image-preview:large","max-video-preview":"max-video-preview:-1"},"canonical":"https:\/\/www.pokumaa.ee\/toode\/k-leppik-ja-e-valter-aastatsoor-pokudoga-aastaring-pokudega\/","og_locale":"en_US","og_type":"article","og_title":"K. Leppik ja E. Valter \"Aastats\u00f5\u00f5r pokud\u00f5ga\" \"Aastaring pokudega\" - Pokumaa","og_description":"Raamatusse on kogutud K\u00fclli Leppiku imelised fotod pokudest ja\u00a0 nende [...]","og_url":"https:\/\/www.pokumaa.ee\/toode\/k-leppik-ja-e-valter-aastatsoor-pokudoga-aastaring-pokudega\/","og_site_name":"Pokumaa","article_publisher":"https:\/\/www.facebook.com\/Pokumaa","article_modified_time":"2025-05-15T15:27:59+00:00","og_image":[{"width":1952,"height":2560,"url":"https:\/\/www.pokumaa.ee\/wp-content\/uploads\/2021\/07\/Aastaring-pokudega-scaled-1.jpg","type":"image\/jpeg"}],"twitter_card":"summary_large_image","twitter_misc":{"Est. reading time":"1 minute"},"schema":{"@context":"https:\/\/schema.org","@graph":[{"@type":"WebPage","@id":"https:\/\/www.pokumaa.ee\/toode\/k-leppik-ja-e-valter-aastatsoor-pokudoga-aastaring-pokudega\/","url":"https:\/\/www.pokumaa.ee\/toode\/k-leppik-ja-e-valter-aastatsoor-pokudoga-aastaring-pokudega\/","name":"K. Leppik ja E. Valter \"Aastats\u00f5\u00f5r pokud\u00f5ga\" \"Aastaring pokudega\" - Pokumaa","isPartOf":{"@id":"https:\/\/www.pokumaa.ee\/ru\/#website"},"primaryImageOfPage":{"@id":"https:\/\/www.pokumaa.ee\/toode\/k-leppik-ja-e-valter-aastatsoor-pokudoga-aastaring-pokudega\/#primaryimage"},"image":{"@id":"https:\/\/www.pokumaa.ee\/toode\/k-leppik-ja-e-valter-aastatsoor-pokudoga-aastaring-pokudega\/#primaryimage"},"thumbnailUrl":"https:\/\/www.pokumaa.ee\/wp-content\/uploads\/2021\/07\/Aastaring-pokudega-scaled-1.jpg","datePublished":"2021-07-19T10:29:54+00:00","dateModified":"2025-05-15T15:27:59+00:00","breadcrumb":{"@id":"https:\/\/www.pokumaa.ee\/toode\/k-leppik-ja-e-valter-aastatsoor-pokudoga-aastaring-pokudega\/#breadcrumb"},"inLanguage":"en-US","potentialAction":[{"@type":"ReadAction","target":["https:\/\/www.pokumaa.ee\/toode\/k-leppik-ja-e-valter-aastatsoor-pokudoga-aastaring-pokudega\/"]}]},{"@type":"ImageObject","inLanguage":"en-US","@id":"https:\/\/www.pokumaa.ee\/toode\/k-leppik-ja-e-valter-aastatsoor-pokudoga-aastaring-pokudega\/#primaryimage","url":"https:\/\/www.pokumaa.ee\/wp-content\/uploads\/2021\/07\/Aastaring-pokudega-scaled-1.jpg","contentUrl":"https:\/\/www.pokumaa.ee\/wp-content\/uploads\/2021\/07\/Aastaring-pokudega-scaled-1.jpg","width":1952,"height":2560},{"@type":"BreadcrumbList","@id":"https:\/\/www.pokumaa.ee\/toode\/k-leppik-ja-e-valter-aastatsoor-pokudoga-aastaring-pokudega\/#breadcrumb","itemListElement":[{"@type":"ListItem","position":1,"name":"Home","item":"https:\/\/www.pokumaa.ee\/en\/"},{"@type":"ListItem","position":2,"name":"Shop","item":"https:\/\/www.pokumaa.ee\/en\/shop\/"},{"@type":"ListItem","position":3,"name":"K. Leppik ja E. Valter &#8220;Aastats\u00f5\u00f5r pokud\u00f5ga&#8221; &#8220;Aastaring pokudega&#8221;"}]},{"@type":"WebSite","@id":"https:\/\/www.pokumaa.ee\/ru\/#website","url":"https:\/\/www.pokumaa.ee\/ru\/","name":"Pokumaa","description":"Pokumaa ja e-pood","publisher":{"@id":"https:\/\/www.pokumaa.ee\/ru\/#organization"},"potentialAction":[{"@type":"SearchAction","target":{"@type":"EntryPoint","urlTemplate":"https:\/\/www.pokumaa.ee\/ru\/?s={search_term_string}"},"query-input":{"@type":"PropertyValueSpecification","valueRequired":true,"valueName":"search_term_string"}}],"inLanguage":"en-US"},{"@type":"Organization","@id":"https:\/\/www.pokumaa.ee\/ru\/#organization","name":"Pokumaa","url":"https:\/\/www.pokumaa.ee\/ru\/","logo":{"@type":"ImageObject","inLanguage":"en-US","@id":"https:\/\/www.pokumaa.ee\/ru\/#\/schema\/logo\/image\/","url":"https:\/\/pokumaa.ee\/wp-content\/uploads\/2021\/04\/logo60-punane.png","contentUrl":"https:\/\/pokumaa.ee\/wp-content\/uploads\/2021\/04\/logo60-punane.png","width":292,"height":60,"caption":"Pokumaa"},"image":{"@id":"https:\/\/www.pokumaa.ee\/ru\/#\/schema\/logo\/image\/"},"sameAs":["https:\/\/www.facebook.com\/Pokumaa"]}]}},"_links":{"self":[{"href":"https:\/\/www.pokumaa.ee\/en\/wp-json\/wp\/v2\/product\/638","targetHints":{"allow":["GET"]}}],"collection":[{"href":"https:\/\/www.pokumaa.ee\/en\/wp-json\/wp\/v2\/product"}],"about":[{"href":"https:\/\/www.pokumaa.ee\/en\/wp-json\/wp\/v2\/types\/product"}],"wp:featuredmedia":[{"embeddable":true,"href":"https:\/\/www.pokumaa.ee\/en\/wp-json\/wp\/v2\/media\/662"}],"wp:attachment":[{"href":"https:\/\/www.pokumaa.ee\/en\/wp-json\/wp\/v2\/media?parent=638"}],"wp:term":[{"taxonomy":"product_brand","embeddable":true,"href":"https:\/\/www.pokumaa.ee\/en\/wp-json\/wp\/v2\/product_brand?post=638"},{"taxonomy":"product_cat","embeddable":true,"href":"https:\/\/www.pokumaa.ee\/en\/wp-json\/wp\/v2\/product_cat?post=638"},{"taxonomy":"product_tag","embeddable":true,"href":"https:\/\/www.pokumaa.ee\/en\/wp-json\/wp\/v2\/product_tag?post=638"}],"curies":[{"name":"wp","href":"https:\/\/api.w.org\/{rel}","templated":true}]}}