{"id":3026,"date":"2023-03-28T12:43:10","date_gmt":"2023-03-28T09:43:10","guid":{"rendered":"https:\/\/www.pokumaa.ee\/kontakti\/"},"modified":"2023-03-28T12:43:59","modified_gmt":"2023-03-28T09:43:59","slug":"kontakti","status":"publish","type":"page","link":"https:\/\/www.pokumaa.ee\/lv\/kontakti\/","title":{"rendered":"Kontakti"},"content":{"rendered":"<div class=\"fusion-fullwidth fullwidth-box fusion-builder-row-1 fusion-flex-container nonhundred-percent-fullwidth non-hundred-percent-height-scrolling\" style=\"--awb-border-radius-top-left:0px;--awb-border-radius-top-right:0px;--awb-border-radius-bottom-right:0px;--awb-border-radius-bottom-left:0px;--awb-flex-wrap:wrap;\" ><div class=\"fusion-builder-row fusion-row fusion-flex-align-items-flex-start fusion-flex-content-wrap\" style=\"max-width:1248px;margin-left: calc(-4% \/ 2 );margin-right: calc(-4% \/ 2 );\"><div class=\"fusion-layout-column fusion_builder_column fusion-builder-column-0 fusion_builder_column_1_2 1_2 fusion-flex-column\" style=\"--awb-bg-size:cover;--awb-width-large:50%;--awb-margin-top-large:0px;--awb-spacing-right-large:3.84%;--awb-margin-bottom-large:20px;--awb-spacing-left-large:3.84%;--awb-width-medium:50%;--awb-order-medium:0;--awb-spacing-right-medium:3.84%;--awb-spacing-left-medium:3.84%;--awb-width-small:100%;--awb-order-small:0;--awb-spacing-right-small:1.92%;--awb-spacing-left-small:1.92%;\"><div class=\"fusion-column-wrapper fusion-column-has-shadow fusion-flex-justify-content-flex-start fusion-content-layout-column\"><div class=\"fusion-text fusion-text-1\"><h1 class=\"fusion-responsive-typography-calculated\" style=\"--fontsize: 38; line-height: 1.16;\" data-fontsize=\"38\" data-lineheight=\"44.08px\">Kontakti<\/h1>\n<p><strong>Fonds \u201ePo\u0137u zeme\u201c<\/strong><\/p>\n<p>Reg nr 90001871<\/p>\n<p><strong><br \/>\n<\/strong><strong>Divas at\u0161\u0137ir\u012bgas pasta adreses<\/strong><\/p>\n<p>Urvaste k\u00fcla, Antsla vald, 66518 V\u00f5rumaa<\/p>\n<p>Rebaste k\u00fcla, Kanepi vald, 63120 P\u00f5lvamaa<\/p>\n<p><strong>Rezerv\u0101cijas un inform\u0101cija par programm\u0101m<\/strong><\/p>\n<p>Sirje Loodus<\/p>\n<p><a href=\"mailto:info@pokumaa.ee\">info@pokumaa.ee<\/a><\/p>\n<p>+372 5854 5864<\/p>\n<p><b>\u0112din\u0101\u0161ana, telpu noma un visas citas t\u0113mas<\/b><\/p>\n<p>Tuuli Merimaa<\/p>\n<p><a href=\"mailto:koda@pokumaa.ee\">koda@pokumaa.ee<\/a><\/p>\n<p>+372 5342 5054<\/p>\n<p><strong>Nor\u0113\u0137ina konts<\/strong><\/p>\n<p>IBAN: EE652200221014832412 Swedbank<\/p>\n<p><strong>Ziedojumi tematisk\u0101 parka att\u012bst\u012b\u0161anai<\/strong><\/p>\n<p>IBAN: EE402200221016403001 Swedbank<\/p>\n<p>Veicot p\u0101rskait\u012bjumu l\u016bdzu nor\u0101di savu personas kodu.<\/p>\n<p><strong>Koordin\u0101tes<\/strong><\/p>\n<p>GPS: 57\u00b056\u201930.5\u2033N 26\u00b035\u201909.1\u2033E (samuti 57.941817; 26.585849)<\/p>\n<\/div><\/div><\/div><div class=\"fusion-layout-column fusion_builder_column fusion-builder-column-1 fusion_builder_column_1_2 1_2 fusion-flex-column\" style=\"--awb-bg-size:cover;--awb-width-large:50%;--awb-margin-top-large:0px;--awb-spacing-right-large:3.84%;--awb-margin-bottom-large:20px;--awb-spacing-left-large:3.84%;--awb-width-medium:50%;--awb-order-medium:0;--awb-spacing-right-medium:3.84%;--awb-spacing-left-medium:3.84%;--awb-width-small:100%;--awb-order-small:0;--awb-spacing-right-small:1.92%;--awb-spacing-left-small:1.92%;\"><div class=\"fusion-column-wrapper fusion-column-has-shadow fusion-flex-justify-content-flex-start fusion-content-layout-column\"><div class=\"fusion-image-element \" style=\"--awb-caption-title-font-family:var(--h2_typography-font-family);--awb-caption-title-font-weight:var(--h2_typography-font-weight);--awb-caption-title-font-style:var(--h2_typography-font-style);--awb-caption-title-size:var(--h2_typography-font-size);--awb-caption-title-transform:var(--h2_typography-text-transform);--awb-caption-title-line-height:var(--h2_typography-line-height);--awb-caption-title-letter-spacing:var(--h2_typography-letter-spacing);\"><span class=\" fusion-imageframe imageframe-none imageframe-1 hover-type-none\"><img decoding=\"async\" width=\"1000\" height=\"800\" title=\"Poku linnuga\" src=\"https:\/\/www.pokumaa.ee\/wp-content\/uploads\/2021\/06\/Poku-linnuga.png\" alt class=\"img-responsive wp-image-2705\" srcset=\"https:\/\/www.pokumaa.ee\/wp-content\/uploads\/2021\/06\/Poku-linnuga-200x160.png 200w, https:\/\/www.pokumaa.ee\/wp-content\/uploads\/2021\/06\/Poku-linnuga-400x320.png 400w, https:\/\/www.pokumaa.ee\/wp-content\/uploads\/2021\/06\/Poku-linnuga-600x480.png 600w, https:\/\/www.pokumaa.ee\/wp-content\/uploads\/2021\/06\/Poku-linnuga-800x640.png 800w, https:\/\/www.pokumaa.ee\/wp-content\/uploads\/2021\/06\/Poku-linnuga.png 1000w\" sizes=\"(max-width: 640px) 100vw, 600px\" \/><\/span><\/div><\/div><\/div><\/div><\/div>\n","protected":false},"excerpt":{"rendered":"","protected":false},"author":1,"featured_media":0,"parent":0,"menu_order":0,"comment_status":"closed","ping_status":"closed","template":"","meta":{"footnotes":""},"class_list":["post-3026","page","type-page","status-publish","hentry"],"yoast_head":"<!-- This site is optimized with the Yoast SEO plugin v27.4 - https:\/\/yoast.com\/product\/yoast-seo-wordpress\/ -->\n<title>Kontakti - Pokumaa<\/title>\n<meta name=\"robots\" content=\"index, follow, max-snippet:-1, max-image-preview:large, max-video-preview:-1\" \/>\n<link rel=\"canonical\" href=\"https:\/\/www.pokumaa.ee\/lv\/kontakti\/\" \/>\n<meta property=\"og:locale\" content=\"lv_LV\" \/>\n<meta property=\"og:type\" content=\"article\" \/>\n<meta property=\"og:title\" content=\"Kontakti - Pokumaa\" \/>\n<meta property=\"og:url\" content=\"https:\/\/www.pokumaa.ee\/lv\/kontakti\/\" \/>\n<meta property=\"og:site_name\" content=\"Pokumaa\" \/>\n<meta property=\"article:publisher\" content=\"https:\/\/www.facebook.com\/Pokumaa\" \/>\n<meta property=\"article:modified_time\" content=\"2023-03-28T09:43:59+00:00\" \/>\n<meta name=\"twitter:card\" content=\"summary_large_image\" \/>\n<meta name=\"twitter:label1\" content=\"Est. reading time\" \/>\n\t<meta name=\"twitter:data1\" content=\"3 minutes\" \/>\n<script type=\"application\/ld+json\" class=\"yoast-schema-graph\">{\"@context\":\"https:\\\/\\\/schema.org\",\"@graph\":[{\"@type\":\"WebPage\",\"@id\":\"https:\\\/\\\/www.pokumaa.ee\\\/lv\\\/kontakti\\\/\",\"url\":\"https:\\\/\\\/www.pokumaa.ee\\\/lv\\\/kontakti\\\/\",\"name\":\"Kontakti - Pokumaa\",\"isPartOf\":{\"@id\":\"https:\\\/\\\/www.pokumaa.ee\\\/ru\\\/#website\"},\"datePublished\":\"2023-03-28T09:43:10+00:00\",\"dateModified\":\"2023-03-28T09:43:59+00:00\",\"breadcrumb\":{\"@id\":\"https:\\\/\\\/www.pokumaa.ee\\\/lv\\\/kontakti\\\/#breadcrumb\"},\"inLanguage\":\"lv-LV\",\"potentialAction\":[{\"@type\":\"ReadAction\",\"target\":[\"https:\\\/\\\/www.pokumaa.ee\\\/lv\\\/kontakti\\\/\"]}]},{\"@type\":\"BreadcrumbList\",\"@id\":\"https:\\\/\\\/www.pokumaa.ee\\\/lv\\\/kontakti\\\/#breadcrumb\",\"itemListElement\":[{\"@type\":\"ListItem\",\"position\":1,\"name\":\"Home\",\"item\":\"https:\\\/\\\/www.pokumaa.ee\\\/lv\\\/\"},{\"@type\":\"ListItem\",\"position\":2,\"name\":\"Kontakti\"}]},{\"@type\":\"WebSite\",\"@id\":\"https:\\\/\\\/www.pokumaa.ee\\\/ru\\\/#website\",\"url\":\"https:\\\/\\\/www.pokumaa.ee\\\/ru\\\/\",\"name\":\"Pokumaa\",\"description\":\"Pokumaa ja e-pood\",\"publisher\":{\"@id\":\"https:\\\/\\\/www.pokumaa.ee\\\/ru\\\/#organization\"},\"potentialAction\":[{\"@type\":\"SearchAction\",\"target\":{\"@type\":\"EntryPoint\",\"urlTemplate\":\"https:\\\/\\\/www.pokumaa.ee\\\/ru\\\/?s={search_term_string}\"},\"query-input\":{\"@type\":\"PropertyValueSpecification\",\"valueRequired\":true,\"valueName\":\"search_term_string\"}}],\"inLanguage\":\"lv-LV\"},{\"@type\":\"Organization\",\"@id\":\"https:\\\/\\\/www.pokumaa.ee\\\/ru\\\/#organization\",\"name\":\"Pokumaa\",\"url\":\"https:\\\/\\\/www.pokumaa.ee\\\/ru\\\/\",\"logo\":{\"@type\":\"ImageObject\",\"inLanguage\":\"lv-LV\",\"@id\":\"https:\\\/\\\/www.pokumaa.ee\\\/ru\\\/#\\\/schema\\\/logo\\\/image\\\/\",\"url\":\"https:\\\/\\\/pokumaa.ee\\\/wp-content\\\/uploads\\\/2021\\\/04\\\/logo60-punane.png\",\"contentUrl\":\"https:\\\/\\\/pokumaa.ee\\\/wp-content\\\/uploads\\\/2021\\\/04\\\/logo60-punane.png\",\"width\":292,\"height\":60,\"caption\":\"Pokumaa\"},\"image\":{\"@id\":\"https:\\\/\\\/www.pokumaa.ee\\\/ru\\\/#\\\/schema\\\/logo\\\/image\\\/\"},\"sameAs\":[\"https:\\\/\\\/www.facebook.com\\\/Pokumaa\"]}]}<\/script>\n<!-- \/ Yoast SEO plugin. -->","yoast_head_json":{"title":"Kontakti - Pokumaa","robots":{"index":"index","follow":"follow","max-snippet":"max-snippet:-1","max-image-preview":"max-image-preview:large","max-video-preview":"max-video-preview:-1"},"canonical":"https:\/\/www.pokumaa.ee\/lv\/kontakti\/","og_locale":"lv_LV","og_type":"article","og_title":"Kontakti - Pokumaa","og_url":"https:\/\/www.pokumaa.ee\/lv\/kontakti\/","og_site_name":"Pokumaa","article_publisher":"https:\/\/www.facebook.com\/Pokumaa","article_modified_time":"2023-03-28T09:43:59+00:00","twitter_card":"summary_large_image","twitter_misc":{"Est. reading time":"3 minutes"},"schema":{"@context":"https:\/\/schema.org","@graph":[{"@type":"WebPage","@id":"https:\/\/www.pokumaa.ee\/lv\/kontakti\/","url":"https:\/\/www.pokumaa.ee\/lv\/kontakti\/","name":"Kontakti - Pokumaa","isPartOf":{"@id":"https:\/\/www.pokumaa.ee\/ru\/#website"},"datePublished":"2023-03-28T09:43:10+00:00","dateModified":"2023-03-28T09:43:59+00:00","breadcrumb":{"@id":"https:\/\/www.pokumaa.ee\/lv\/kontakti\/#breadcrumb"},"inLanguage":"lv-LV","potentialAction":[{"@type":"ReadAction","target":["https:\/\/www.pokumaa.ee\/lv\/kontakti\/"]}]},{"@type":"BreadcrumbList","@id":"https:\/\/www.pokumaa.ee\/lv\/kontakti\/#breadcrumb","itemListElement":[{"@type":"ListItem","position":1,"name":"Home","item":"https:\/\/www.pokumaa.ee\/lv\/"},{"@type":"ListItem","position":2,"name":"Kontakti"}]},{"@type":"WebSite","@id":"https:\/\/www.pokumaa.ee\/ru\/#website","url":"https:\/\/www.pokumaa.ee\/ru\/","name":"Pokumaa","description":"Pokumaa ja e-pood","publisher":{"@id":"https:\/\/www.pokumaa.ee\/ru\/#organization"},"potentialAction":[{"@type":"SearchAction","target":{"@type":"EntryPoint","urlTemplate":"https:\/\/www.pokumaa.ee\/ru\/?s={search_term_string}"},"query-input":{"@type":"PropertyValueSpecification","valueRequired":true,"valueName":"search_term_string"}}],"inLanguage":"lv-LV"},{"@type":"Organization","@id":"https:\/\/www.pokumaa.ee\/ru\/#organization","name":"Pokumaa","url":"https:\/\/www.pokumaa.ee\/ru\/","logo":{"@type":"ImageObject","inLanguage":"lv-LV","@id":"https:\/\/www.pokumaa.ee\/ru\/#\/schema\/logo\/image\/","url":"https:\/\/pokumaa.ee\/wp-content\/uploads\/2021\/04\/logo60-punane.png","contentUrl":"https:\/\/pokumaa.ee\/wp-content\/uploads\/2021\/04\/logo60-punane.png","width":292,"height":60,"caption":"Pokumaa"},"image":{"@id":"https:\/\/www.pokumaa.ee\/ru\/#\/schema\/logo\/image\/"},"sameAs":["https:\/\/www.facebook.com\/Pokumaa"]}]}},"_links":{"self":[{"href":"https:\/\/www.pokumaa.ee\/lv\/wp-json\/wp\/v2\/pages\/3026","targetHints":{"allow":["GET"]}}],"collection":[{"href":"https:\/\/www.pokumaa.ee\/lv\/wp-json\/wp\/v2\/pages"}],"about":[{"href":"https:\/\/www.pokumaa.ee\/lv\/wp-json\/wp\/v2\/types\/page"}],"author":[{"embeddable":true,"href":"https:\/\/www.pokumaa.ee\/lv\/wp-json\/wp\/v2\/users\/1"}],"replies":[{"embeddable":true,"href":"https:\/\/www.pokumaa.ee\/lv\/wp-json\/wp\/v2\/comments?post=3026"}],"version-history":[{"count":4,"href":"https:\/\/www.pokumaa.ee\/lv\/wp-json\/wp\/v2\/pages\/3026\/revisions"}],"predecessor-version":[{"id":3030,"href":"https:\/\/www.pokumaa.ee\/lv\/wp-json\/wp\/v2\/pages\/3026\/revisions\/3030"}],"wp:attachment":[{"href":"https:\/\/www.pokumaa.ee\/lv\/wp-json\/wp\/v2\/media?parent=3026"}],"curies":[{"name":"wp","href":"https:\/\/api.w.org\/{rel}","templated":true}]}}