{"id":3053,"date":"2023-03-28T14:30:15","date_gmt":"2023-03-28T11:30:15","guid":{"rendered":"https:\/\/www.pokumaa.ee\/dumu-pirts-un-puko-maja\/"},"modified":"2023-03-28T14:30:15","modified_gmt":"2023-03-28T11:30:15","slug":"dumu-pirts-un-puko-maja","status":"publish","type":"page","link":"https:\/\/www.pokumaa.ee\/lv\/dumu-pirts-un-puko-maja\/","title":{"rendered":"D\u016bmu pirts un P\u016bko m\u0101ja"},"content":{"rendered":"<div class=\"fusion-fullwidth fullwidth-box fusion-builder-row-1 fusion-flex-container nonhundred-percent-fullwidth non-hundred-percent-height-scrolling\" style=\"--awb-border-radius-top-left:0px;--awb-border-radius-top-right:0px;--awb-border-radius-bottom-right:0px;--awb-border-radius-bottom-left:0px;--awb-flex-wrap:wrap;\" ><div class=\"fusion-builder-row fusion-row fusion-flex-align-items-flex-start fusion-flex-content-wrap\" style=\"max-width:1248px;margin-left: calc(-4% \/ 2 );margin-right: calc(-4% \/ 2 );\"><div class=\"fusion-layout-column fusion_builder_column fusion-builder-column-0 fusion_builder_column_1_1 1_1 fusion-flex-column\" style=\"--awb-bg-size:cover;--awb-width-large:100%;--awb-margin-top-large:0px;--awb-spacing-right-large:1.92%;--awb-margin-bottom-large:20px;--awb-spacing-left-large:1.92%;--awb-width-medium:100%;--awb-order-medium:0;--awb-spacing-right-medium:1.92%;--awb-spacing-left-medium:1.92%;--awb-width-small:100%;--awb-order-small:0;--awb-spacing-right-small:1.92%;--awb-spacing-left-small:1.92%;\"><div class=\"fusion-column-wrapper fusion-column-has-shadow fusion-flex-justify-content-flex-start fusion-content-layout-column\"><div class=\"fusion-text fusion-text-1\"><h1>D\u016bmu pirts un P\u016bko m\u0101ja<\/h1>\n<p>Saimniec\u012bbas d\u012b\u0137a krast\u0101 atrodas tradicion\u0101la d\u016bmu pirts, kas gaida apmekl\u0113t\u0101jus visu gadu. Pirti kurin\u0101m l\u012bdz pat 8 stund\u0101m. Kad pirts ir pietieko\u0161i karsta, izv\u0113din\u0101m to un aicin\u0101m iek\u0161\u0101 viesus. \u012asti pirts draugi var atv\u0113sin\u0101ties d\u012b\u0137\u012b vai izskraid\u012bties pa \u0101ru ar plik\u0101m k\u0101j\u0101m. Ziem\u0101 d\u012b\u0137\u012b izc\u0113rtam \u0101li\u0146\u0123i.<\/p>\n<p>D\u016bmu pirts ir sp\u0113ka pilna vieta, kur var nomazg\u0101t gan \u0137ermeni, gan garu! T\u0101d\u0113\u013c uz pirti j\u0101iet ar atv\u0113rtu un laipnu pr\u0101tu.<\/p>\n<p style=\"font-weight: 400;\"><strong>Rezerv\u0113\u0161ana un inform\u0101cija:\u00a0 <\/strong><a href=\"mailto:koda@pokumaa.ee\">koda@pokumaa.ee <\/a>\u00a0tel: <a href=\"tel:+372%205342%205054\">+372 5342 5054<\/a><\/p>\n<p style=\"font-weight: 400;\"><strong>D\u016bmu pirts iekurin\u0101\u0161ana \u2013 120 \u20ac<\/strong><\/p>\n<\/div><div class=\"fusion-alert alert custom alert-custom fusion-alert-left awb-alert-native-link-color\" style=\"--awb-background-color:rgba(255,255,255,0);--awb-accent-color:#808080;--awb-border-size:1px;--awb-border-top-left-radius:0px;--awb-border-top-right-radius:0px;--awb-border-bottom-left-radius:0px;--awb-border-bottom-right-radius:0px;\" role=\"alert\"><div class=\"fusion-alert-content-wrapper\"><span class=\"alert-icon\"><i class=\"fa-home fas\" aria-hidden=\"true\"><\/i><\/span><span class=\"fusion-alert-content\"><strong>Rezerv\u0113\u0161ana un inform\u0101cija:\u00a0 <\/strong><a href=\"mailto:koda@pokumaa.ee\">koda@pokumaa.ee <\/a>\u00a0tel: <a href=\"tel:+372 5342 5054\">+372 5342 5054<\/a><\/span><\/div><\/div><\/div><\/div><div class=\"fusion-layout-column fusion_builder_column fusion-builder-column-1 fusion_builder_column_1_2 1_2 fusion-flex-column\" style=\"--awb-bg-size:cover;--awb-width-large:50%;--awb-margin-top-large:0px;--awb-spacing-right-large:3.84%;--awb-margin-bottom-large:20px;--awb-spacing-left-large:3.84%;--awb-width-medium:50%;--awb-order-medium:0;--awb-spacing-right-medium:3.84%;--awb-spacing-left-medium:3.84%;--awb-width-small:100%;--awb-order-small:0;--awb-spacing-right-small:1.92%;--awb-spacing-left-small:1.92%;\"><div class=\"fusion-column-wrapper fusion-column-has-shadow fusion-flex-justify-content-flex-start fusion-content-layout-column\"><div class=\"fusion-image-element \" style=\"--awb-caption-title-font-family:var(--h2_typography-font-family);--awb-caption-title-font-weight:var(--h2_typography-font-weight);--awb-caption-title-font-style:var(--h2_typography-font-style);--awb-caption-title-size:var(--h2_typography-font-size);--awb-caption-title-transform:var(--h2_typography-text-transform);--awb-caption-title-line-height:var(--h2_typography-line-height);--awb-caption-title-letter-spacing:var(--h2_typography-letter-spacing);\"><span class=\" fusion-imageframe imageframe-none imageframe-1 hover-type-none\"><img decoding=\"async\" width=\"1024\" height=\"725\" title=\"Saun_uuele_kodulehele-1024&#215;725\" src=\"https:\/\/www.pokumaa.ee\/wp-content\/uploads\/2021\/05\/Saun_uuele_kodulehele-1024x725-1.jpg\" alt class=\"img-responsive wp-image-2647\" srcset=\"https:\/\/www.pokumaa.ee\/wp-content\/uploads\/2021\/05\/Saun_uuele_kodulehele-1024x725-1-200x142.jpg 200w, https:\/\/www.pokumaa.ee\/wp-content\/uploads\/2021\/05\/Saun_uuele_kodulehele-1024x725-1-400x283.jpg 400w, https:\/\/www.pokumaa.ee\/wp-content\/uploads\/2021\/05\/Saun_uuele_kodulehele-1024x725-1-600x425.jpg 600w, https:\/\/www.pokumaa.ee\/wp-content\/uploads\/2021\/05\/Saun_uuele_kodulehele-1024x725-1-800x566.jpg 800w, https:\/\/www.pokumaa.ee\/wp-content\/uploads\/2021\/05\/Saun_uuele_kodulehele-1024x725-1.jpg 1024w\" sizes=\"(max-width: 640px) 100vw, 600px\" \/><\/span><\/div><\/div><\/div><div class=\"fusion-layout-column fusion_builder_column fusion-builder-column-2 fusion_builder_column_1_2 1_2 fusion-flex-column\" style=\"--awb-bg-size:cover;--awb-width-large:50%;--awb-margin-top-large:0px;--awb-spacing-right-large:3.84%;--awb-margin-bottom-large:20px;--awb-spacing-left-large:3.84%;--awb-width-medium:50%;--awb-order-medium:0;--awb-spacing-right-medium:3.84%;--awb-spacing-left-medium:3.84%;--awb-width-small:100%;--awb-order-small:0;--awb-spacing-right-small:1.92%;--awb-spacing-left-small:1.92%;\"><div class=\"fusion-column-wrapper fusion-column-has-shadow fusion-flex-justify-content-flex-start fusion-content-layout-column\"><div class=\"fusion-text fusion-text-2\"><p><strong><a href=\"https:\/\/hotelwebsitebooking.com\/pokumaa-suitsusaun\/rooms\">\u0160eit var nok\u013c\u016bt uz rezerv\u0101cijas lapu<\/a><\/strong><\/p>\n<p><strong>D\u016bmu pirts iekurin\u0101\u0161ana \u2013 120 \u20ac<\/strong><\/p>\n<p><strong>H\u00dcVA LEILI!<\/strong><\/p>\n<p><strong>P\u016aKO M\u0100JA<\/strong><\/p>\n<p>pied\u0101v\u0101 l\u012bdz pat 20 pirts draugiem iesp\u0113ju pat\u012bkami pavad\u012bt laiku<\/p>\n<p><strong>P\u016bko m\u0101jas noma  \u2013 40 \u20ac\/stunda v\u00f5i 160 \u20ac\/diena<\/strong><\/p>\n<\/div><\/div><\/div><\/div><\/div>\n","protected":false},"excerpt":{"rendered":"","protected":false},"author":1,"featured_media":0,"parent":0,"menu_order":0,"comment_status":"closed","ping_status":"closed","template":"","meta":{"footnotes":""},"class_list":["post-3053","page","type-page","status-publish","hentry"],"yoast_head":"<!-- This site is optimized with the Yoast SEO plugin v27.4 - https:\/\/yoast.com\/product\/yoast-seo-wordpress\/ -->\n<title>D\u016bmu pirts un P\u016bko m\u0101ja - Pokumaa<\/title>\n<meta name=\"robots\" content=\"index, follow, max-snippet:-1, max-image-preview:large, max-video-preview:-1\" \/>\n<link rel=\"canonical\" href=\"https:\/\/www.pokumaa.ee\/saun\/\" \/>\n<meta property=\"og:locale\" content=\"lv_LV\" \/>\n<meta property=\"og:type\" content=\"article\" \/>\n<meta property=\"og:title\" content=\"D\u016bmu pirts un P\u016bko m\u0101ja - Pokumaa\" \/>\n<meta property=\"og:url\" content=\"https:\/\/www.pokumaa.ee\/saun\/\" \/>\n<meta property=\"og:site_name\" content=\"Pokumaa\" \/>\n<meta property=\"article:publisher\" content=\"https:\/\/www.facebook.com\/Pokumaa\" \/>\n<meta name=\"twitter:card\" content=\"summary_large_image\" \/>\n<meta name=\"twitter:label1\" content=\"Est. reading time\" \/>\n\t<meta name=\"twitter:data1\" content=\"7 minutes\" \/>\n<script type=\"application\/ld+json\" class=\"yoast-schema-graph\">{\"@context\":\"https:\\\/\\\/schema.org\",\"@graph\":[{\"@type\":\"WebPage\",\"@id\":\"https:\\\/\\\/www.pokumaa.ee\\\/saun\\\/\",\"url\":\"https:\\\/\\\/www.pokumaa.ee\\\/saun\\\/\",\"name\":\"D\u016bmu pirts un P\u016bko m\u0101ja - Pokumaa\",\"isPartOf\":{\"@id\":\"https:\\\/\\\/www.pokumaa.ee\\\/ru\\\/#website\"},\"datePublished\":\"2023-03-28T11:30:15+00:00\",\"breadcrumb\":{\"@id\":\"https:\\\/\\\/www.pokumaa.ee\\\/saun\\\/#breadcrumb\"},\"inLanguage\":\"lv-LV\",\"potentialAction\":[{\"@type\":\"ReadAction\",\"target\":[\"https:\\\/\\\/www.pokumaa.ee\\\/saun\\\/\"]}]},{\"@type\":\"BreadcrumbList\",\"@id\":\"https:\\\/\\\/www.pokumaa.ee\\\/saun\\\/#breadcrumb\",\"itemListElement\":[{\"@type\":\"ListItem\",\"position\":1,\"name\":\"Home\",\"item\":\"https:\\\/\\\/www.pokumaa.ee\\\/lv\\\/\"},{\"@type\":\"ListItem\",\"position\":2,\"name\":\"D\u016bmu pirts un P\u016bko m\u0101ja\"}]},{\"@type\":\"WebSite\",\"@id\":\"https:\\\/\\\/www.pokumaa.ee\\\/ru\\\/#website\",\"url\":\"https:\\\/\\\/www.pokumaa.ee\\\/ru\\\/\",\"name\":\"Pokumaa\",\"description\":\"Pokumaa ja e-pood\",\"publisher\":{\"@id\":\"https:\\\/\\\/www.pokumaa.ee\\\/ru\\\/#organization\"},\"potentialAction\":[{\"@type\":\"SearchAction\",\"target\":{\"@type\":\"EntryPoint\",\"urlTemplate\":\"https:\\\/\\\/www.pokumaa.ee\\\/ru\\\/?s={search_term_string}\"},\"query-input\":{\"@type\":\"PropertyValueSpecification\",\"valueRequired\":true,\"valueName\":\"search_term_string\"}}],\"inLanguage\":\"lv-LV\"},{\"@type\":\"Organization\",\"@id\":\"https:\\\/\\\/www.pokumaa.ee\\\/ru\\\/#organization\",\"name\":\"Pokumaa\",\"url\":\"https:\\\/\\\/www.pokumaa.ee\\\/ru\\\/\",\"logo\":{\"@type\":\"ImageObject\",\"inLanguage\":\"lv-LV\",\"@id\":\"https:\\\/\\\/www.pokumaa.ee\\\/ru\\\/#\\\/schema\\\/logo\\\/image\\\/\",\"url\":\"https:\\\/\\\/pokumaa.ee\\\/wp-content\\\/uploads\\\/2021\\\/04\\\/logo60-punane.png\",\"contentUrl\":\"https:\\\/\\\/pokumaa.ee\\\/wp-content\\\/uploads\\\/2021\\\/04\\\/logo60-punane.png\",\"width\":292,\"height\":60,\"caption\":\"Pokumaa\"},\"image\":{\"@id\":\"https:\\\/\\\/www.pokumaa.ee\\\/ru\\\/#\\\/schema\\\/logo\\\/image\\\/\"},\"sameAs\":[\"https:\\\/\\\/www.facebook.com\\\/Pokumaa\"]}]}<\/script>\n<!-- \/ Yoast SEO plugin. -->","yoast_head_json":{"title":"D\u016bmu pirts un P\u016bko m\u0101ja - Pokumaa","robots":{"index":"index","follow":"follow","max-snippet":"max-snippet:-1","max-image-preview":"max-image-preview:large","max-video-preview":"max-video-preview:-1"},"canonical":"https:\/\/www.pokumaa.ee\/saun\/","og_locale":"lv_LV","og_type":"article","og_title":"D\u016bmu pirts un P\u016bko m\u0101ja - Pokumaa","og_url":"https:\/\/www.pokumaa.ee\/saun\/","og_site_name":"Pokumaa","article_publisher":"https:\/\/www.facebook.com\/Pokumaa","twitter_card":"summary_large_image","twitter_misc":{"Est. reading time":"7 minutes"},"schema":{"@context":"https:\/\/schema.org","@graph":[{"@type":"WebPage","@id":"https:\/\/www.pokumaa.ee\/saun\/","url":"https:\/\/www.pokumaa.ee\/saun\/","name":"D\u016bmu pirts un P\u016bko m\u0101ja - Pokumaa","isPartOf":{"@id":"https:\/\/www.pokumaa.ee\/ru\/#website"},"datePublished":"2023-03-28T11:30:15+00:00","breadcrumb":{"@id":"https:\/\/www.pokumaa.ee\/saun\/#breadcrumb"},"inLanguage":"lv-LV","potentialAction":[{"@type":"ReadAction","target":["https:\/\/www.pokumaa.ee\/saun\/"]}]},{"@type":"BreadcrumbList","@id":"https:\/\/www.pokumaa.ee\/saun\/#breadcrumb","itemListElement":[{"@type":"ListItem","position":1,"name":"Home","item":"https:\/\/www.pokumaa.ee\/lv\/"},{"@type":"ListItem","position":2,"name":"D\u016bmu pirts un P\u016bko m\u0101ja"}]},{"@type":"WebSite","@id":"https:\/\/www.pokumaa.ee\/ru\/#website","url":"https:\/\/www.pokumaa.ee\/ru\/","name":"Pokumaa","description":"Pokumaa ja e-pood","publisher":{"@id":"https:\/\/www.pokumaa.ee\/ru\/#organization"},"potentialAction":[{"@type":"SearchAction","target":{"@type":"EntryPoint","urlTemplate":"https:\/\/www.pokumaa.ee\/ru\/?s={search_term_string}"},"query-input":{"@type":"PropertyValueSpecification","valueRequired":true,"valueName":"search_term_string"}}],"inLanguage":"lv-LV"},{"@type":"Organization","@id":"https:\/\/www.pokumaa.ee\/ru\/#organization","name":"Pokumaa","url":"https:\/\/www.pokumaa.ee\/ru\/","logo":{"@type":"ImageObject","inLanguage":"lv-LV","@id":"https:\/\/www.pokumaa.ee\/ru\/#\/schema\/logo\/image\/","url":"https:\/\/pokumaa.ee\/wp-content\/uploads\/2021\/04\/logo60-punane.png","contentUrl":"https:\/\/pokumaa.ee\/wp-content\/uploads\/2021\/04\/logo60-punane.png","width":292,"height":60,"caption":"Pokumaa"},"image":{"@id":"https:\/\/www.pokumaa.ee\/ru\/#\/schema\/logo\/image\/"},"sameAs":["https:\/\/www.facebook.com\/Pokumaa"]}]}},"_links":{"self":[{"href":"https:\/\/www.pokumaa.ee\/lv\/wp-json\/wp\/v2\/pages\/3053","targetHints":{"allow":["GET"]}}],"collection":[{"href":"https:\/\/www.pokumaa.ee\/lv\/wp-json\/wp\/v2\/pages"}],"about":[{"href":"https:\/\/www.pokumaa.ee\/lv\/wp-json\/wp\/v2\/types\/page"}],"author":[{"embeddable":true,"href":"https:\/\/www.pokumaa.ee\/lv\/wp-json\/wp\/v2\/users\/1"}],"replies":[{"embeddable":true,"href":"https:\/\/www.pokumaa.ee\/lv\/wp-json\/wp\/v2\/comments?post=3053"}],"version-history":[{"count":3,"href":"https:\/\/www.pokumaa.ee\/lv\/wp-json\/wp\/v2\/pages\/3053\/revisions"}],"predecessor-version":[{"id":3056,"href":"https:\/\/www.pokumaa.ee\/lv\/wp-json\/wp\/v2\/pages\/3053\/revisions\/3056"}],"wp:attachment":[{"href":"https:\/\/www.pokumaa.ee\/lv\/wp-json\/wp\/v2\/media?parent=3053"}],"curies":[{"name":"wp","href":"https:\/\/api.w.org\/{rel}","templated":true}]}}