{"id":3061,"date":"2023-03-28T14:42:05","date_gmt":"2023-03-28T11:42:05","guid":{"rendered":"https:\/\/www.pokumaa.ee\/iepazisanas-ar-poku-maju\/"},"modified":"2023-03-28T14:42:05","modified_gmt":"2023-03-28T11:42:05","slug":"iepazisanas-ar-poku-maju","status":"publish","type":"page","link":"https:\/\/www.pokumaa.ee\/lv\/iepazisanas-ar-poku-maju\/","title":{"rendered":"Iepaz\u012b\u0161an\u0101s ar po\u0137u m\u0101ju"},"content":{"rendered":"<div class=\"fusion-fullwidth fullwidth-box fusion-builder-row-1 fusion-flex-container nonhundred-percent-fullwidth non-hundred-percent-height-scrolling\" style=\"--awb-border-radius-top-left:0px;--awb-border-radius-top-right:0px;--awb-border-radius-bottom-right:0px;--awb-border-radius-bottom-left:0px;--awb-flex-wrap:wrap;\" ><div class=\"fusion-builder-row fusion-row fusion-flex-align-items-flex-start fusion-flex-content-wrap\" style=\"max-width:1248px;margin-left: calc(-4% \/ 2 );margin-right: calc(-4% \/ 2 );\"><div class=\"fusion-layout-column fusion_builder_column fusion-builder-column-0 fusion_builder_column_1_1 1_1 fusion-flex-column\" style=\"--awb-bg-size:cover;--awb-width-large:100%;--awb-margin-top-large:0px;--awb-spacing-right-large:1.92%;--awb-margin-bottom-large:20px;--awb-spacing-left-large:1.92%;--awb-width-medium:100%;--awb-order-medium:0;--awb-spacing-right-medium:1.92%;--awb-spacing-left-medium:1.92%;--awb-width-small:100%;--awb-order-small:0;--awb-spacing-right-small:1.92%;--awb-spacing-left-small:1.92%;\"><div class=\"fusion-column-wrapper fusion-column-has-shadow fusion-flex-justify-content-flex-start fusion-content-layout-column\"><div class=\"fusion-text fusion-text-1\"><h1>Iepaz\u012b\u0161an\u0101s ar po\u0137u m\u0101ju<\/h1>\n<p>Izp\u0113tes pastaiga ar gidu pa po\u0137u m\u0101ju<\/p>\n<p><strong>T\u0113mas: <\/strong>Po\u0137u zemes tematisk\u0101 parka rad\u012b\u0161ana, \u012bss apskats par Edgara Valtera dz\u012bvi un dai\u013cradi, iepaz\u012bstin\u0101\u0161ana ar po\u0137u m\u0101jas b\u016bvniec\u012bbu un interjeru.<\/p>\n<\/div><\/div><\/div><div class=\"fusion-layout-column fusion_builder_column fusion-builder-column-1 fusion_builder_column_3_5 3_5 fusion-flex-column\" style=\"--awb-bg-size:cover;--awb-width-large:60%;--awb-margin-top-large:0px;--awb-spacing-right-large:3.2%;--awb-margin-bottom-large:20px;--awb-spacing-left-large:3.2%;--awb-width-medium:60%;--awb-order-medium:0;--awb-spacing-right-medium:3.2%;--awb-spacing-left-medium:3.2%;--awb-width-small:100%;--awb-order-small:0;--awb-spacing-right-small:1.92%;--awb-spacing-left-small:1.92%;\"><div class=\"fusion-column-wrapper fusion-column-has-shadow fusion-flex-justify-content-flex-start fusion-content-layout-column\"><div class=\"fusion-text fusion-text-2\"><div>\n<p><strong>Ilgums:<\/strong> 45\u201360 min<br \/>\n<strong>Maksim\u0101lais dal\u012bbnieku skaits:<\/strong> l\u012bdz 25 person\u0101m<br \/>\n<strong>Cena:<\/strong> 50 \u20ac<br \/>\nplus apmekl\u0113juma bi\u013cete.<\/p>\n<p><strong>PO\u0136U MEISTARO\u0160ANA<\/strong><br \/>\n<strong>Ilgums:<\/strong> l\u012bdz 30 min<br \/>\n<strong>Cena grupai:<\/strong> 1 \u20ac\/po\u0137is<\/p>\n<\/div>\n<p><strong>Atlaides<\/strong>: B\u0113rniem vecum\u0101 l\u012bdz 10 gadiem uz katriem 10 b\u0113rniem vienam pavad\u012bt\u0101jam bezmaksas ieeja, p\u0101r\u0113j\u0101m grup\u0101m- uz katriem 15 b\u0113rniem 1 pavad\u012bt\u0101jam ieeja bez maksas. Apmekl\u0113t\u0101ja ar \u012bpa\u0161\u0101m vajadz\u012bb\u0101m pavad\u012bt\u0101jam bi\u013cete nav j\u0101ieg\u0101d\u0101jas<\/p>\n<p>Grup\u0101m iesp\u0113jams <a href=\"https:\/\/www.pokumaa.ee\/lv\/puko-ednica\/\">pas\u016bt\u012bt \u0113din\u0101\u0161anu<\/a><\/p>\n<\/div><\/div><\/div><div class=\"fusion-layout-column fusion_builder_column fusion-builder-column-2 fusion_builder_column_2_5 2_5 fusion-flex-column\" style=\"--awb-bg-size:cover;--awb-width-large:40%;--awb-margin-top-large:0px;--awb-spacing-right-large:4.8%;--awb-margin-bottom-large:20px;--awb-spacing-left-large:4.8%;--awb-width-medium:40%;--awb-order-medium:0;--awb-spacing-right-medium:4.8%;--awb-spacing-left-medium:4.8%;--awb-width-small:100%;--awb-order-small:0;--awb-spacing-right-small:1.92%;--awb-spacing-left-small:1.92%;\"><div class=\"fusion-column-wrapper fusion-column-has-shadow fusion-flex-justify-content-flex-start fusion-content-layout-column\"><div class=\"fusion-image-element \" style=\"--awb-caption-title-font-family:var(--h2_typography-font-family);--awb-caption-title-font-weight:var(--h2_typography-font-weight);--awb-caption-title-font-style:var(--h2_typography-font-style);--awb-caption-title-size:var(--h2_typography-font-size);--awb-caption-title-transform:var(--h2_typography-text-transform);--awb-caption-title-line-height:var(--h2_typography-line-height);--awb-caption-title-letter-spacing:var(--h2_typography-letter-spacing);\"><span class=\" fusion-imageframe imageframe-none imageframe-1 hover-type-zoomin\" style=\"border-radius:20px;\"><img decoding=\"async\" width=\"1000\" height=\"667\" title=\"Pokukoda_kaks-pokut_\" src=\"https:\/\/www.pokumaa.ee\/wp-content\/uploads\/2021\/04\/Pokukoda_kaks-pokut_.jpg\" alt class=\"img-responsive wp-image-2646\" srcset=\"https:\/\/www.pokumaa.ee\/wp-content\/uploads\/2021\/04\/Pokukoda_kaks-pokut_-200x133.jpg 200w, https:\/\/www.pokumaa.ee\/wp-content\/uploads\/2021\/04\/Pokukoda_kaks-pokut_-400x267.jpg 400w, https:\/\/www.pokumaa.ee\/wp-content\/uploads\/2021\/04\/Pokukoda_kaks-pokut_-600x400.jpg 600w, https:\/\/www.pokumaa.ee\/wp-content\/uploads\/2021\/04\/Pokukoda_kaks-pokut_-800x534.jpg 800w, https:\/\/www.pokumaa.ee\/wp-content\/uploads\/2021\/04\/Pokukoda_kaks-pokut_.jpg 1000w\" sizes=\"(max-width: 640px) 100vw, 600px\" \/><\/span><\/div><\/div><\/div><\/div><\/div>\n","protected":false},"excerpt":{"rendered":"","protected":false},"author":1,"featured_media":0,"parent":0,"menu_order":0,"comment_status":"closed","ping_status":"closed","template":"","meta":{"footnotes":""},"class_list":["post-3061","page","type-page","status-publish","hentry"],"yoast_head":"<!-- This site is optimized with the Yoast SEO plugin v27.4 - https:\/\/yoast.com\/product\/yoast-seo-wordpress\/ -->\n<title>Iepaz\u012b\u0161an\u0101s ar po\u0137u m\u0101ju - Pokumaa<\/title>\n<meta name=\"robots\" content=\"index, follow, max-snippet:-1, max-image-preview:large, max-video-preview:-1\" \/>\n<link rel=\"canonical\" href=\"https:\/\/www.pokumaa.ee\/lahem-tutvus-pokukojaga\/\" \/>\n<meta property=\"og:locale\" content=\"lv_LV\" \/>\n<meta property=\"og:type\" content=\"article\" \/>\n<meta property=\"og:title\" content=\"Iepaz\u012b\u0161an\u0101s ar po\u0137u m\u0101ju - Pokumaa\" \/>\n<meta property=\"og:url\" content=\"https:\/\/www.pokumaa.ee\/lahem-tutvus-pokukojaga\/\" \/>\n<meta property=\"og:site_name\" content=\"Pokumaa\" \/>\n<meta property=\"article:publisher\" content=\"https:\/\/www.facebook.com\/Pokumaa\" \/>\n<meta name=\"twitter:card\" content=\"summary_large_image\" \/>\n<meta name=\"twitter:label1\" content=\"Est. reading time\" \/>\n\t<meta name=\"twitter:data1\" content=\"7 minutes\" \/>\n<script type=\"application\/ld+json\" class=\"yoast-schema-graph\">{\"@context\":\"https:\\\/\\\/schema.org\",\"@graph\":[{\"@type\":\"WebPage\",\"@id\":\"https:\\\/\\\/www.pokumaa.ee\\\/lahem-tutvus-pokukojaga\\\/\",\"url\":\"https:\\\/\\\/www.pokumaa.ee\\\/lahem-tutvus-pokukojaga\\\/\",\"name\":\"Iepaz\u012b\u0161an\u0101s ar po\u0137u m\u0101ju - Pokumaa\",\"isPartOf\":{\"@id\":\"https:\\\/\\\/www.pokumaa.ee\\\/ru\\\/#website\"},\"datePublished\":\"2023-03-28T11:42:05+00:00\",\"breadcrumb\":{\"@id\":\"https:\\\/\\\/www.pokumaa.ee\\\/lahem-tutvus-pokukojaga\\\/#breadcrumb\"},\"inLanguage\":\"lv-LV\",\"potentialAction\":[{\"@type\":\"ReadAction\",\"target\":[\"https:\\\/\\\/www.pokumaa.ee\\\/lahem-tutvus-pokukojaga\\\/\"]}]},{\"@type\":\"BreadcrumbList\",\"@id\":\"https:\\\/\\\/www.pokumaa.ee\\\/lahem-tutvus-pokukojaga\\\/#breadcrumb\",\"itemListElement\":[{\"@type\":\"ListItem\",\"position\":1,\"name\":\"Home\",\"item\":\"https:\\\/\\\/www.pokumaa.ee\\\/lv\\\/\"},{\"@type\":\"ListItem\",\"position\":2,\"name\":\"Iepaz\u012b\u0161an\u0101s ar po\u0137u m\u0101ju\"}]},{\"@type\":\"WebSite\",\"@id\":\"https:\\\/\\\/www.pokumaa.ee\\\/ru\\\/#website\",\"url\":\"https:\\\/\\\/www.pokumaa.ee\\\/ru\\\/\",\"name\":\"Pokumaa\",\"description\":\"Pokumaa ja e-pood\",\"publisher\":{\"@id\":\"https:\\\/\\\/www.pokumaa.ee\\\/ru\\\/#organization\"},\"potentialAction\":[{\"@type\":\"SearchAction\",\"target\":{\"@type\":\"EntryPoint\",\"urlTemplate\":\"https:\\\/\\\/www.pokumaa.ee\\\/ru\\\/?s={search_term_string}\"},\"query-input\":{\"@type\":\"PropertyValueSpecification\",\"valueRequired\":true,\"valueName\":\"search_term_string\"}}],\"inLanguage\":\"lv-LV\"},{\"@type\":\"Organization\",\"@id\":\"https:\\\/\\\/www.pokumaa.ee\\\/ru\\\/#organization\",\"name\":\"Pokumaa\",\"url\":\"https:\\\/\\\/www.pokumaa.ee\\\/ru\\\/\",\"logo\":{\"@type\":\"ImageObject\",\"inLanguage\":\"lv-LV\",\"@id\":\"https:\\\/\\\/www.pokumaa.ee\\\/ru\\\/#\\\/schema\\\/logo\\\/image\\\/\",\"url\":\"https:\\\/\\\/pokumaa.ee\\\/wp-content\\\/uploads\\\/2021\\\/04\\\/logo60-punane.png\",\"contentUrl\":\"https:\\\/\\\/pokumaa.ee\\\/wp-content\\\/uploads\\\/2021\\\/04\\\/logo60-punane.png\",\"width\":292,\"height\":60,\"caption\":\"Pokumaa\"},\"image\":{\"@id\":\"https:\\\/\\\/www.pokumaa.ee\\\/ru\\\/#\\\/schema\\\/logo\\\/image\\\/\"},\"sameAs\":[\"https:\\\/\\\/www.facebook.com\\\/Pokumaa\"]}]}<\/script>\n<!-- \/ Yoast SEO plugin. -->","yoast_head_json":{"title":"Iepaz\u012b\u0161an\u0101s ar po\u0137u m\u0101ju - Pokumaa","robots":{"index":"index","follow":"follow","max-snippet":"max-snippet:-1","max-image-preview":"max-image-preview:large","max-video-preview":"max-video-preview:-1"},"canonical":"https:\/\/www.pokumaa.ee\/lahem-tutvus-pokukojaga\/","og_locale":"lv_LV","og_type":"article","og_title":"Iepaz\u012b\u0161an\u0101s ar po\u0137u m\u0101ju - Pokumaa","og_url":"https:\/\/www.pokumaa.ee\/lahem-tutvus-pokukojaga\/","og_site_name":"Pokumaa","article_publisher":"https:\/\/www.facebook.com\/Pokumaa","twitter_card":"summary_large_image","twitter_misc":{"Est. reading time":"7 minutes"},"schema":{"@context":"https:\/\/schema.org","@graph":[{"@type":"WebPage","@id":"https:\/\/www.pokumaa.ee\/lahem-tutvus-pokukojaga\/","url":"https:\/\/www.pokumaa.ee\/lahem-tutvus-pokukojaga\/","name":"Iepaz\u012b\u0161an\u0101s ar po\u0137u m\u0101ju - Pokumaa","isPartOf":{"@id":"https:\/\/www.pokumaa.ee\/ru\/#website"},"datePublished":"2023-03-28T11:42:05+00:00","breadcrumb":{"@id":"https:\/\/www.pokumaa.ee\/lahem-tutvus-pokukojaga\/#breadcrumb"},"inLanguage":"lv-LV","potentialAction":[{"@type":"ReadAction","target":["https:\/\/www.pokumaa.ee\/lahem-tutvus-pokukojaga\/"]}]},{"@type":"BreadcrumbList","@id":"https:\/\/www.pokumaa.ee\/lahem-tutvus-pokukojaga\/#breadcrumb","itemListElement":[{"@type":"ListItem","position":1,"name":"Home","item":"https:\/\/www.pokumaa.ee\/lv\/"},{"@type":"ListItem","position":2,"name":"Iepaz\u012b\u0161an\u0101s ar po\u0137u m\u0101ju"}]},{"@type":"WebSite","@id":"https:\/\/www.pokumaa.ee\/ru\/#website","url":"https:\/\/www.pokumaa.ee\/ru\/","name":"Pokumaa","description":"Pokumaa ja e-pood","publisher":{"@id":"https:\/\/www.pokumaa.ee\/ru\/#organization"},"potentialAction":[{"@type":"SearchAction","target":{"@type":"EntryPoint","urlTemplate":"https:\/\/www.pokumaa.ee\/ru\/?s={search_term_string}"},"query-input":{"@type":"PropertyValueSpecification","valueRequired":true,"valueName":"search_term_string"}}],"inLanguage":"lv-LV"},{"@type":"Organization","@id":"https:\/\/www.pokumaa.ee\/ru\/#organization","name":"Pokumaa","url":"https:\/\/www.pokumaa.ee\/ru\/","logo":{"@type":"ImageObject","inLanguage":"lv-LV","@id":"https:\/\/www.pokumaa.ee\/ru\/#\/schema\/logo\/image\/","url":"https:\/\/pokumaa.ee\/wp-content\/uploads\/2021\/04\/logo60-punane.png","contentUrl":"https:\/\/pokumaa.ee\/wp-content\/uploads\/2021\/04\/logo60-punane.png","width":292,"height":60,"caption":"Pokumaa"},"image":{"@id":"https:\/\/www.pokumaa.ee\/ru\/#\/schema\/logo\/image\/"},"sameAs":["https:\/\/www.facebook.com\/Pokumaa"]}]}},"_links":{"self":[{"href":"https:\/\/www.pokumaa.ee\/lv\/wp-json\/wp\/v2\/pages\/3061","targetHints":{"allow":["GET"]}}],"collection":[{"href":"https:\/\/www.pokumaa.ee\/lv\/wp-json\/wp\/v2\/pages"}],"about":[{"href":"https:\/\/www.pokumaa.ee\/lv\/wp-json\/wp\/v2\/types\/page"}],"author":[{"embeddable":true,"href":"https:\/\/www.pokumaa.ee\/lv\/wp-json\/wp\/v2\/users\/1"}],"replies":[{"embeddable":true,"href":"https:\/\/www.pokumaa.ee\/lv\/wp-json\/wp\/v2\/comments?post=3061"}],"version-history":[{"count":3,"href":"https:\/\/www.pokumaa.ee\/lv\/wp-json\/wp\/v2\/pages\/3061\/revisions"}],"predecessor-version":[{"id":3064,"href":"https:\/\/www.pokumaa.ee\/lv\/wp-json\/wp\/v2\/pages\/3061\/revisions\/3064"}],"wp:attachment":[{"href":"https:\/\/www.pokumaa.ee\/lv\/wp-json\/wp\/v2\/media?parent=3061"}],"curies":[{"name":"wp","href":"https:\/\/api.w.org\/{rel}","templated":true}]}}