{"id":3076,"date":"2023-03-28T15:13:05","date_gmt":"2023-03-28T12:13:05","guid":{"rendered":"https:\/\/www.pokumaa.ee\/tematiskais-parks\/"},"modified":"2023-03-28T15:15:47","modified_gmt":"2023-03-28T12:15:47","slug":"tematiskais-parks","status":"publish","type":"page","link":"https:\/\/www.pokumaa.ee\/lv\/tematiskais-parks\/","title":{"rendered":"Tematiskais parks"},"content":{"rendered":"<p><div class=\"fusion-fullwidth fullwidth-box fusion-builder-row-1 fusion-flex-container nonhundred-percent-fullwidth non-hundred-percent-height-scrolling\" style=\"--awb-border-radius-top-left:0px;--awb-border-radius-top-right:0px;--awb-border-radius-bottom-right:0px;--awb-border-radius-bottom-left:0px;--awb-flex-wrap:wrap;\" ><div class=\"fusion-builder-row fusion-row fusion-flex-align-items-center fusion-flex-content-wrap\" style=\"max-width:1248px;margin-left: calc(-4% \/ 2 );margin-right: calc(-4% \/ 2 );\"><div class=\"fusion-layout-column fusion_builder_column fusion-builder-column-0 fusion_builder_column_1_1 1_1 fusion-flex-column\" style=\"--awb-bg-size:cover;--awb-width-large:100%;--awb-margin-top-large:0px;--awb-spacing-right-large:1.92%;--awb-margin-bottom-large:20px;--awb-spacing-left-large:1.92%;--awb-width-medium:100%;--awb-order-medium:0;--awb-spacing-right-medium:1.92%;--awb-spacing-left-medium:1.92%;--awb-width-small:100%;--awb-order-small:0;--awb-spacing-right-small:1.92%;--awb-spacing-left-small:1.92%;\"><div class=\"fusion-column-wrapper fusion-column-has-shadow fusion-flex-justify-content-flex-start fusion-content-layout-column\"><div class=\"fusion-text fusion-text-1\"><h1 class=\"fusion-responsive-typography-calculated\" style=\"--fontsize: 38; line-height: 1.16;\" data-fontsize=\"38\" data-lineheight=\"44.08px\">Po\u0137u zemes tematiskais parks<\/h1>\n<p>Po\u0137u zeme ir Igaunij\u0101 visiem zin\u0101m\u0101 m\u0101kslinieka un b\u0113rnu gr\u0101matu autora Edgara Valtera ideja un p\u0113c \u201ePo\u0137u gr\u0101matas\u201c veidots tematiskais parks, kur\u0101 atrodas tr\u012bs nodarbes zonas: Po\u0137u m\u0101ja, Padasoom\u0113 kop\u0101 ar saimniec\u012bbas \u0113k\u0101m un Hauka saimniec\u012bba.<\/p>\n<\/div><\/div><\/div><div class=\"fusion-layout-column fusion_builder_column fusion-builder-column-1 fusion_builder_column_1_2 1_2 fusion-flex-column\" style=\"--awb-bg-size:cover;--awb-width-large:50%;--awb-margin-top-large:0px;--awb-spacing-right-large:3.84%;--awb-margin-bottom-large:20px;--awb-spacing-left-large:3.84%;--awb-width-medium:50%;--awb-order-medium:0;--awb-spacing-right-medium:3.84%;--awb-spacing-left-medium:3.84%;--awb-width-small:100%;--awb-order-small:0;--awb-spacing-right-small:1.92%;--awb-spacing-left-small:1.92%;\"><div class=\"fusion-column-wrapper fusion-column-has-shadow fusion-flex-justify-content-flex-start fusion-content-layout-column\"><div class=\"fusion-text fusion-text-2\"><p>Po\u0137u m\u0101j\u0101 var iepaz\u012bties ar Edgara Valtera dai\u013cradi \u2013 apskat\u012bt Po\u0137u gr\u0101matas ilustr\u0101cijas, e\u013c\u013cas gleznu kolekciju, b\u0113rnu gr\u0101matu varo\u0146us- lelles un vair\u0101kas ekspoz\u012bcijas.<\/p>\n<p>Po\u0137u m\u0101j\u0101 ir unik\u0101ls interjers un mas\u012bvkoka dizaina elementi.<\/p>\n<p>\u0160eit notiek izr\u0101des, koncerti un citi pas\u0101kumi, par kuriem vair\u0101k var uzzin\u0101t pas\u0101kumu lap\u0101.<\/p>\n<p>P\u016bko m\u0101j\u0101 jau\u0161ama iepriek\u0161\u0113j\u0101 gadsimta dvesma. Aiz m\u0101jas atrad\u012bsi m\u0101jlopus un putnus. P\u0113c vieno\u0161an\u0101s iesp\u0113jams izmantot d\u016bmu pirti. Me\u017ea taku mal\u0101s apskat\u0101mas koka skulpt\u016bras un ainavu m\u0101ksla.<\/p>\n<p>Po\u0137u zemes me\u017e\u0101 ir 5 da\u017e\u0101das pastaigu takas. Ar Po\u0137u zemes aplik\u0101cijas pal\u012bdz\u012bbu var\u0113si uzzin\u0101t ce\u013cu un papildu inform\u0101ciju par tak\u0101m.<\/p>\n<p>Uz taku z\u012bm\u0113m eso\u0161os att\u0113lus rad\u012bjis pats Edgars Valters.<\/p>\n<p>Hauka saimniec\u012bbas teritorij\u0101 var\u0113si iz\u0161\u016bpoties uz ciema \u0161\u016bpol\u0113m, slieten\u012b nedaudz apdom\u0101ties vai ietur\u0113t pikniku. \u0160eit atrodas ar\u012b skatu tornis. Visi elementi ir rad\u012bti p\u0113c Edgara Valtera skic\u0113m.<\/p>\n<p><strong>Blakus apskat\u0101ma Edgara Valtera sap\u0146u Po\u0137u zeme, kuru cen\u0161amies \u0161obr\u012bd rad\u012bt<\/strong><\/p>\n<\/div><div class=\"fusion-video fusion-youtube\" style=\"--awb-max-width:600px;--awb-max-height:360px;--awb-align-self:center;--awb-width:100%;\"><div class=\"video-shortcode\"><lite-youtube videoid=\"cdJJDkuMVn4\" class=\"landscape\" params=\"wmode=transparent&autoplay=1&amp;enablejsapi=1\" title=\"YouTube video player 1\" data-button-label=\"Play Video\" width=\"600\" height=\"360\" data-thumbnail-size=\"auto\" data-no-cookie=\"on\"><\/lite-youtube><\/div><\/div><\/div><\/div><div class=\"fusion-layout-column fusion_builder_column fusion-builder-column-2 fusion_builder_column_1_2 1_2 fusion-flex-column\" style=\"--awb-bg-size:cover;--awb-width-large:50%;--awb-margin-top-large:0px;--awb-spacing-right-large:3.84%;--awb-margin-bottom-large:20px;--awb-spacing-left-large:3.84%;--awb-width-medium:50%;--awb-order-medium:0;--awb-spacing-right-medium:3.84%;--awb-spacing-left-medium:3.84%;--awb-width-small:100%;--awb-order-small:0;--awb-spacing-right-small:1.92%;--awb-spacing-left-small:1.92%;\"><div class=\"fusion-column-wrapper fusion-column-has-shadow fusion-flex-justify-content-flex-start fusion-content-layout-column\"><div class=\"fusion-video fusion-youtube\" style=\"--awb-max-width:600px;--awb-max-height:360px;\"><div class=\"video-shortcode\"><lite-youtube videoid=\"TxwazZJtr58\" class=\"landscape\" params=\"wmode=transparent&autoplay=1&amp;enablejsapi=1\" title=\"YouTube video player 2\" data-button-label=\"Play Video\" width=\"600\" height=\"360\" data-thumbnail-size=\"auto\" data-no-cookie=\"on\"><\/lite-youtube><\/div><\/div><div class=\"fusion-image-element \" style=\"--awb-liftup-border-radius:0px;--awb-margin-top:20px;--awb-caption-title-font-family:var(--h2_typography-font-family);--awb-caption-title-font-weight:var(--h2_typography-font-weight);--awb-caption-title-font-style:var(--h2_typography-font-style);--awb-caption-title-size:var(--h2_typography-font-size);--awb-caption-title-transform:var(--h2_typography-text-transform);--awb-caption-title-line-height:var(--h2_typography-line-height);--awb-caption-title-letter-spacing:var(--h2_typography-letter-spacing);\"><div class=\"awb-image-frame awb-image-frame-1 imageframe-liftup\"><span class=\" fusion-imageframe imageframe-none imageframe-1\"><a href=\"https:\/\/www.pokumaa.ee\/wp-content\/uploads\/2021\/07\/active_map.jpeg\" class=\"fusion-lightbox\" data-rel=\"iLightbox[76f504267b7cca2e555]\" data-title=\"active_map\" title=\"active_map\"><img decoding=\"async\" width=\"580\" height=\"615\" alt=\"Edgar Valteri unistus Pokumaast kus on olemas nii Pokukoja k\u00fclastus- ja infokeskus, kui toimivad talud Padasoom\u00e4el ja Haukal, p\u00f5lismets koos pokude ning ohtrate metsloomadega kes k\u00f5ik tunnevad ennast imeliselt. \" src=\"https:\/\/www.pokumaa.ee\/wp-content\/uploads\/2021\/07\/active_map.jpeg\" class=\"img-responsive wp-image-2874\" srcset=\"https:\/\/www.pokumaa.ee\/wp-content\/uploads\/2021\/07\/active_map-200x212.jpeg 200w, https:\/\/www.pokumaa.ee\/wp-content\/uploads\/2021\/07\/active_map-400x424.jpeg 400w, https:\/\/www.pokumaa.ee\/wp-content\/uploads\/2021\/07\/active_map.jpeg 580w\" sizes=\"(max-width: 640px) 100vw, 580px\" \/><\/a><\/span><\/div><\/div><div style=\"text-align:center;\"><a class=\"fusion-button button-flat button-xlarge button-default fusion-button-default button-1 fusion-button-default-span fusion-button-default-type\" style=\"--awb-margin-top:20px;--button_text_transform:uppercase;\" target=\"_self\" href=\"https:\/\/www.pokumaa.ee\/kulastusinfo\/\"><span class=\"fusion-button-text awb-button__text awb-button__text--default\">Pakalpojumi un cenas<\/span><\/a><\/div><\/div><\/div><\/div><\/div><div class=\"fusion-fullwidth fullwidth-box fusion-builder-row-2 fusion-flex-container nonhundred-percent-fullwidth non-hundred-percent-height-scrolling\" style=\"--awb-border-radius-top-left:0px;--awb-border-radius-top-right:0px;--awb-border-radius-bottom-right:0px;--awb-border-radius-bottom-left:0px;--awb-margin-top:30px;--awb-flex-wrap:wrap;\" ><div class=\"fusion-builder-row fusion-row fusion-flex-align-items-center fusion-flex-justify-content-center fusion-flex-content-wrap\" style=\"max-width:1248px;margin-left: calc(-4% \/ 2 );margin-right: calc(-4% \/ 2 );\"><div class=\"fusion-layout-column fusion_builder_column fusion-builder-column-3 fusion_builder_column_3_4 3_4 fusion-flex-column\" style=\"--awb-bg-size:cover;--awb-width-large:75%;--awb-margin-top-large:0px;--awb-spacing-right-large:2.56%;--awb-margin-bottom-large:20px;--awb-spacing-left-large:2.56%;--awb-width-medium:75%;--awb-order-medium:0;--awb-spacing-right-medium:2.56%;--awb-spacing-left-medium:2.56%;--awb-width-small:100%;--awb-order-small:0;--awb-spacing-right-small:1.92%;--awb-spacing-left-small:1.92%;\"><div class=\"fusion-column-wrapper fusion-column-has-shadow fusion-flex-justify-content-flex-start fusion-content-layout-column\"><\/div><\/div><\/div><\/div><\/p>\n","protected":false},"excerpt":{"rendered":"","protected":false},"author":1,"featured_media":0,"parent":0,"menu_order":0,"comment_status":"closed","ping_status":"closed","template":"","meta":{"footnotes":""},"class_list":["post-3076","page","type-page","status-publish","hentry"],"yoast_head":"<!-- This site is optimized with the Yoast SEO plugin v27.6 - https:\/\/yoast.com\/product\/yoast-seo-wordpress\/ -->\n<title>Tematiskais parks - Pokumaa<\/title>\n<meta name=\"robots\" content=\"index, follow, max-snippet:-1, max-image-preview:large, max-video-preview:-1\" \/>\n<link rel=\"canonical\" href=\"https:\/\/www.pokumaa.ee\/lv\/tematiskais-parks\/\" \/>\n<meta property=\"og:locale\" content=\"lv_LV\" \/>\n<meta property=\"og:type\" content=\"article\" \/>\n<meta property=\"og:title\" content=\"Tematiskais parks - Pokumaa\" \/>\n<meta property=\"og:url\" content=\"https:\/\/www.pokumaa.ee\/lv\/tematiskais-parks\/\" \/>\n<meta property=\"og:site_name\" content=\"Pokumaa\" \/>\n<meta property=\"article:publisher\" content=\"https:\/\/www.facebook.com\/Pokumaa\" \/>\n<meta property=\"article:modified_time\" content=\"2023-03-28T12:15:47+00:00\" \/>\n<meta name=\"twitter:card\" content=\"summary_large_image\" \/>\n<meta name=\"twitter:label1\" content=\"Est. reading time\" \/>\n\t<meta name=\"twitter:data1\" content=\"5 minutes\" \/>\n<script type=\"application\/ld+json\" class=\"yoast-schema-graph\">{\"@context\":\"https:\\\/\\\/schema.org\",\"@graph\":[{\"@type\":\"WebPage\",\"@id\":\"https:\\\/\\\/www.pokumaa.ee\\\/lv\\\/tematiskais-parks\\\/\",\"url\":\"https:\\\/\\\/www.pokumaa.ee\\\/lv\\\/tematiskais-parks\\\/\",\"name\":\"Tematiskais parks - Pokumaa\",\"isPartOf\":{\"@id\":\"https:\\\/\\\/www.pokumaa.ee\\\/ru\\\/#website\"},\"datePublished\":\"2023-03-28T12:13:05+00:00\",\"dateModified\":\"2023-03-28T12:15:47+00:00\",\"breadcrumb\":{\"@id\":\"https:\\\/\\\/www.pokumaa.ee\\\/lv\\\/tematiskais-parks\\\/#breadcrumb\"},\"inLanguage\":\"lv-LV\",\"potentialAction\":[{\"@type\":\"ReadAction\",\"target\":[\"https:\\\/\\\/www.pokumaa.ee\\\/lv\\\/tematiskais-parks\\\/\"]}]},{\"@type\":\"BreadcrumbList\",\"@id\":\"https:\\\/\\\/www.pokumaa.ee\\\/lv\\\/tematiskais-parks\\\/#breadcrumb\",\"itemListElement\":[{\"@type\":\"ListItem\",\"position\":1,\"name\":\"Home\",\"item\":\"https:\\\/\\\/www.pokumaa.ee\\\/lv\\\/\"},{\"@type\":\"ListItem\",\"position\":2,\"name\":\"Tematiskais parks\"}]},{\"@type\":\"WebSite\",\"@id\":\"https:\\\/\\\/www.pokumaa.ee\\\/ru\\\/#website\",\"url\":\"https:\\\/\\\/www.pokumaa.ee\\\/ru\\\/\",\"name\":\"Pokumaa\",\"description\":\"Pokumaa ja e-pood\",\"publisher\":{\"@id\":\"https:\\\/\\\/www.pokumaa.ee\\\/ru\\\/#organization\"},\"potentialAction\":[{\"@type\":\"SearchAction\",\"target\":{\"@type\":\"EntryPoint\",\"urlTemplate\":\"https:\\\/\\\/www.pokumaa.ee\\\/ru\\\/?s={search_term_string}\"},\"query-input\":{\"@type\":\"PropertyValueSpecification\",\"valueRequired\":true,\"valueName\":\"search_term_string\"}}],\"inLanguage\":\"lv-LV\"},{\"@type\":\"Organization\",\"@id\":\"https:\\\/\\\/www.pokumaa.ee\\\/ru\\\/#organization\",\"name\":\"Pokumaa\",\"url\":\"https:\\\/\\\/www.pokumaa.ee\\\/ru\\\/\",\"logo\":{\"@type\":\"ImageObject\",\"inLanguage\":\"lv-LV\",\"@id\":\"https:\\\/\\\/www.pokumaa.ee\\\/ru\\\/#\\\/schema\\\/logo\\\/image\\\/\",\"url\":\"https:\\\/\\\/pokumaa.ee\\\/wp-content\\\/uploads\\\/2021\\\/04\\\/logo60-punane.png\",\"contentUrl\":\"https:\\\/\\\/pokumaa.ee\\\/wp-content\\\/uploads\\\/2021\\\/04\\\/logo60-punane.png\",\"width\":292,\"height\":60,\"caption\":\"Pokumaa\"},\"image\":{\"@id\":\"https:\\\/\\\/www.pokumaa.ee\\\/ru\\\/#\\\/schema\\\/logo\\\/image\\\/\"},\"sameAs\":[\"https:\\\/\\\/www.facebook.com\\\/Pokumaa\"]}]}<\/script>\n<!-- \/ Yoast SEO plugin. -->","yoast_head_json":{"title":"Tematiskais parks - Pokumaa","robots":{"index":"index","follow":"follow","max-snippet":"max-snippet:-1","max-image-preview":"max-image-preview:large","max-video-preview":"max-video-preview:-1"},"canonical":"https:\/\/www.pokumaa.ee\/lv\/tematiskais-parks\/","og_locale":"lv_LV","og_type":"article","og_title":"Tematiskais parks - Pokumaa","og_url":"https:\/\/www.pokumaa.ee\/lv\/tematiskais-parks\/","og_site_name":"Pokumaa","article_publisher":"https:\/\/www.facebook.com\/Pokumaa","article_modified_time":"2023-03-28T12:15:47+00:00","twitter_card":"summary_large_image","twitter_misc":{"Est. reading time":"5 minutes"},"schema":{"@context":"https:\/\/schema.org","@graph":[{"@type":"WebPage","@id":"https:\/\/www.pokumaa.ee\/lv\/tematiskais-parks\/","url":"https:\/\/www.pokumaa.ee\/lv\/tematiskais-parks\/","name":"Tematiskais parks - Pokumaa","isPartOf":{"@id":"https:\/\/www.pokumaa.ee\/ru\/#website"},"datePublished":"2023-03-28T12:13:05+00:00","dateModified":"2023-03-28T12:15:47+00:00","breadcrumb":{"@id":"https:\/\/www.pokumaa.ee\/lv\/tematiskais-parks\/#breadcrumb"},"inLanguage":"lv-LV","potentialAction":[{"@type":"ReadAction","target":["https:\/\/www.pokumaa.ee\/lv\/tematiskais-parks\/"]}]},{"@type":"BreadcrumbList","@id":"https:\/\/www.pokumaa.ee\/lv\/tematiskais-parks\/#breadcrumb","itemListElement":[{"@type":"ListItem","position":1,"name":"Home","item":"https:\/\/www.pokumaa.ee\/lv\/"},{"@type":"ListItem","position":2,"name":"Tematiskais parks"}]},{"@type":"WebSite","@id":"https:\/\/www.pokumaa.ee\/ru\/#website","url":"https:\/\/www.pokumaa.ee\/ru\/","name":"Pokumaa","description":"Pokumaa ja e-pood","publisher":{"@id":"https:\/\/www.pokumaa.ee\/ru\/#organization"},"potentialAction":[{"@type":"SearchAction","target":{"@type":"EntryPoint","urlTemplate":"https:\/\/www.pokumaa.ee\/ru\/?s={search_term_string}"},"query-input":{"@type":"PropertyValueSpecification","valueRequired":true,"valueName":"search_term_string"}}],"inLanguage":"lv-LV"},{"@type":"Organization","@id":"https:\/\/www.pokumaa.ee\/ru\/#organization","name":"Pokumaa","url":"https:\/\/www.pokumaa.ee\/ru\/","logo":{"@type":"ImageObject","inLanguage":"lv-LV","@id":"https:\/\/www.pokumaa.ee\/ru\/#\/schema\/logo\/image\/","url":"https:\/\/pokumaa.ee\/wp-content\/uploads\/2021\/04\/logo60-punane.png","contentUrl":"https:\/\/pokumaa.ee\/wp-content\/uploads\/2021\/04\/logo60-punane.png","width":292,"height":60,"caption":"Pokumaa"},"image":{"@id":"https:\/\/www.pokumaa.ee\/ru\/#\/schema\/logo\/image\/"},"sameAs":["https:\/\/www.facebook.com\/Pokumaa"]}]}},"_links":{"self":[{"href":"https:\/\/www.pokumaa.ee\/lv\/wp-json\/wp\/v2\/pages\/3076","targetHints":{"allow":["GET"]}}],"collection":[{"href":"https:\/\/www.pokumaa.ee\/lv\/wp-json\/wp\/v2\/pages"}],"about":[{"href":"https:\/\/www.pokumaa.ee\/lv\/wp-json\/wp\/v2\/types\/page"}],"author":[{"embeddable":true,"href":"https:\/\/www.pokumaa.ee\/lv\/wp-json\/wp\/v2\/users\/1"}],"replies":[{"embeddable":true,"href":"https:\/\/www.pokumaa.ee\/lv\/wp-json\/wp\/v2\/comments?post=3076"}],"version-history":[{"count":5,"href":"https:\/\/www.pokumaa.ee\/lv\/wp-json\/wp\/v2\/pages\/3076\/revisions"}],"predecessor-version":[{"id":3081,"href":"https:\/\/www.pokumaa.ee\/lv\/wp-json\/wp\/v2\/pages\/3076\/revisions\/3081"}],"wp:attachment":[{"href":"https:\/\/www.pokumaa.ee\/lv\/wp-json\/wp\/v2\/media?parent=3076"}],"curies":[{"name":"wp","href":"https:\/\/api.w.org\/{rel}","templated":true}]}}