{"id":3155,"date":"2023-05-02T19:15:23","date_gmt":"2023-05-02T16:15:23","guid":{"rendered":"https:\/\/www.pokumaa.ee\/?post_type=product&#038;p=3155"},"modified":"2023-08-10T16:32:15","modified_gmt":"2023-08-10T13:32:15","slug":"suitsusaun-pokumaal","status":"publish","type":"product","link":"https:\/\/www.pokumaa.ee\/lv\/toode\/suitsusaun-pokumaal\/","title":{"rendered":"Suitsusauna rent"},"content":{"rendered":"<p>Padasoom\u00e4e talu\u00f5ue tiigi kaldal asub traditsiooniline suitsusaun, mis ootab k\u00fclalisi igal aastaajal. M\u00f5nusa leili saamiseks k\u00fctame kuni 8 tundi. Kui saun on kuum, peletame v\u00e4lja \u00fcleliigse suitsu ja kutsume sisse saunalised. \u00d5iged saunalised saavad leiliv\u00f5tmise vahepeal ennast tiigis jahutada v\u00f5i paljajalu \u00f5uel joosta. Talvel raiume tiigij\u00e4\u00e4le augu.<\/p>\n<p>Suitsusaun on v\u00e4ge t\u00e4is koht, kus saab puhtaks nii ihu kui hing! Seep\u00e4rast minnakse sauna ikka lahke ja avatud meelega.<\/p>\n<p>Tellimust esitades m\u00e4rgi palun kommentaaride lahtrisse soovitud kuup\u00e4ev ja kellaaeg!<\/p>\n<p>&nbsp;<\/p>\n","protected":false},"excerpt":{"rendered":"<p>Padasoom\u00e4e talu\u00f5ue tiigi kaldal asub traditsiooniline suitsusaun, mis ootab k\u00fclalisi  [&#8230;]<\/p>\n","protected":false},"featured_media":26,"template":"","meta":[],"product_brand":[],"product_cat":[45],"product_tag":[],"class_list":{"0":"post-3155","1":"product","2":"type-product","3":"status-publish","4":"has-post-thumbnail","6":"product_cat-saunarent","8":"first","9":"instock","10":"taxable","11":"shipping-taxable","12":"purchasable","13":"product-type-simple"},"yoast_head":"<!-- This site is optimized with the Yoast SEO plugin v27.3 - https:\/\/yoast.com\/product\/yoast-seo-wordpress\/ -->\n<title>Suitsusauna rent - Pokumaa<\/title>\n<meta name=\"description\" content=\"Suitsusaun on v\u00e4ge t\u00e4is koht, kus saab puhtaks nii ihu kui hing!\" \/>\n<meta name=\"robots\" content=\"index, follow, max-snippet:-1, max-image-preview:large, max-video-preview:-1\" \/>\n<link rel=\"canonical\" href=\"https:\/\/www.pokumaa.ee\/toode\/suitsusaun-pokumaal\/\" \/>\n<meta property=\"og:locale\" content=\"lv_LV\" \/>\n<meta property=\"og:type\" content=\"article\" \/>\n<meta property=\"og:title\" content=\"Suitsusauna rent - Pokumaa\" \/>\n<meta property=\"og:description\" content=\"Suitsusaun on v\u00e4ge t\u00e4is koht, kus saab puhtaks nii ihu kui hing!\" \/>\n<meta property=\"og:url\" content=\"https:\/\/www.pokumaa.ee\/toode\/suitsusaun-pokumaal\/\" \/>\n<meta property=\"og:site_name\" content=\"Pokumaa\" \/>\n<meta property=\"article:publisher\" content=\"https:\/\/www.facebook.com\/Pokumaa\" \/>\n<meta property=\"article:modified_time\" content=\"2023-08-10T13:32:15+00:00\" \/>\n<meta property=\"og:image\" content=\"https:\/\/www.pokumaa.ee\/wp-content\/uploads\/2021\/05\/Saun_uuele_kodulehele-1024x725-1.jpg\" \/>\n\t<meta property=\"og:image:width\" content=\"1024\" \/>\n\t<meta property=\"og:image:height\" content=\"725\" \/>\n\t<meta property=\"og:image:type\" content=\"image\/jpeg\" \/>\n<meta name=\"twitter:card\" content=\"summary_large_image\" \/>\n<meta name=\"twitter:label1\" content=\"Est. reading time\" \/>\n\t<meta name=\"twitter:data1\" content=\"1 minute\" \/>\n<script type=\"application\/ld+json\" class=\"yoast-schema-graph\">{\"@context\":\"https:\\\/\\\/schema.org\",\"@graph\":[{\"@type\":\"WebPage\",\"@id\":\"https:\\\/\\\/www.pokumaa.ee\\\/toode\\\/suitsusaun-pokumaal\\\/\",\"url\":\"https:\\\/\\\/www.pokumaa.ee\\\/toode\\\/suitsusaun-pokumaal\\\/\",\"name\":\"Suitsusauna rent - Pokumaa\",\"isPartOf\":{\"@id\":\"https:\\\/\\\/www.pokumaa.ee\\\/ru\\\/#website\"},\"primaryImageOfPage\":{\"@id\":\"https:\\\/\\\/www.pokumaa.ee\\\/toode\\\/suitsusaun-pokumaal\\\/#primaryimage\"},\"image\":{\"@id\":\"https:\\\/\\\/www.pokumaa.ee\\\/toode\\\/suitsusaun-pokumaal\\\/#primaryimage\"},\"thumbnailUrl\":\"https:\\\/\\\/www.pokumaa.ee\\\/wp-content\\\/uploads\\\/2021\\\/05\\\/Saun_uuele_kodulehele-1024x725-1.jpg\",\"datePublished\":\"2023-05-02T16:15:23+00:00\",\"dateModified\":\"2023-08-10T13:32:15+00:00\",\"description\":\"Suitsusaun on v\u00e4ge t\u00e4is koht, kus saab puhtaks nii ihu kui hing!\",\"breadcrumb\":{\"@id\":\"https:\\\/\\\/www.pokumaa.ee\\\/toode\\\/suitsusaun-pokumaal\\\/#breadcrumb\"},\"inLanguage\":\"lv-LV\",\"potentialAction\":[{\"@type\":\"ReadAction\",\"target\":[\"https:\\\/\\\/www.pokumaa.ee\\\/toode\\\/suitsusaun-pokumaal\\\/\"]}]},{\"@type\":\"ImageObject\",\"inLanguage\":\"lv-LV\",\"@id\":\"https:\\\/\\\/www.pokumaa.ee\\\/toode\\\/suitsusaun-pokumaal\\\/#primaryimage\",\"url\":\"https:\\\/\\\/www.pokumaa.ee\\\/wp-content\\\/uploads\\\/2021\\\/05\\\/Saun_uuele_kodulehele-1024x725-1.jpg\",\"contentUrl\":\"https:\\\/\\\/www.pokumaa.ee\\\/wp-content\\\/uploads\\\/2021\\\/05\\\/Saun_uuele_kodulehele-1024x725-1.jpg\",\"width\":1024,\"height\":725,\"caption\":\"Puuko tare suitsusaun\"},{\"@type\":\"BreadcrumbList\",\"@id\":\"https:\\\/\\\/www.pokumaa.ee\\\/toode\\\/suitsusaun-pokumaal\\\/#breadcrumb\",\"itemListElement\":[{\"@type\":\"ListItem\",\"position\":1,\"name\":\"Home\",\"item\":\"https:\\\/\\\/www.pokumaa.ee\\\/lv\\\/\"},{\"@type\":\"ListItem\",\"position\":2,\"name\":\"E-pood\",\"item\":\"https:\\\/\\\/www.pokumaa.ee\\\/e-pood\\\/\"},{\"@type\":\"ListItem\",\"position\":3,\"name\":\"Suitsusauna rent\"}]},{\"@type\":\"WebSite\",\"@id\":\"https:\\\/\\\/www.pokumaa.ee\\\/ru\\\/#website\",\"url\":\"https:\\\/\\\/www.pokumaa.ee\\\/ru\\\/\",\"name\":\"Pokumaa\",\"description\":\"Pokumaa ja e-pood\",\"publisher\":{\"@id\":\"https:\\\/\\\/www.pokumaa.ee\\\/ru\\\/#organization\"},\"potentialAction\":[{\"@type\":\"SearchAction\",\"target\":{\"@type\":\"EntryPoint\",\"urlTemplate\":\"https:\\\/\\\/www.pokumaa.ee\\\/ru\\\/?s={search_term_string}\"},\"query-input\":{\"@type\":\"PropertyValueSpecification\",\"valueRequired\":true,\"valueName\":\"search_term_string\"}}],\"inLanguage\":\"lv-LV\"},{\"@type\":\"Organization\",\"@id\":\"https:\\\/\\\/www.pokumaa.ee\\\/ru\\\/#organization\",\"name\":\"Pokumaa\",\"url\":\"https:\\\/\\\/www.pokumaa.ee\\\/ru\\\/\",\"logo\":{\"@type\":\"ImageObject\",\"inLanguage\":\"lv-LV\",\"@id\":\"https:\\\/\\\/www.pokumaa.ee\\\/ru\\\/#\\\/schema\\\/logo\\\/image\\\/\",\"url\":\"https:\\\/\\\/pokumaa.ee\\\/wp-content\\\/uploads\\\/2021\\\/04\\\/logo60-punane.png\",\"contentUrl\":\"https:\\\/\\\/pokumaa.ee\\\/wp-content\\\/uploads\\\/2021\\\/04\\\/logo60-punane.png\",\"width\":292,\"height\":60,\"caption\":\"Pokumaa\"},\"image\":{\"@id\":\"https:\\\/\\\/www.pokumaa.ee\\\/ru\\\/#\\\/schema\\\/logo\\\/image\\\/\"},\"sameAs\":[\"https:\\\/\\\/www.facebook.com\\\/Pokumaa\"]}]}<\/script>\n<!-- \/ Yoast SEO plugin. -->","yoast_head_json":{"title":"Suitsusauna rent - Pokumaa","description":"Suitsusaun on v\u00e4ge t\u00e4is koht, kus saab puhtaks nii ihu kui hing!","robots":{"index":"index","follow":"follow","max-snippet":"max-snippet:-1","max-image-preview":"max-image-preview:large","max-video-preview":"max-video-preview:-1"},"canonical":"https:\/\/www.pokumaa.ee\/toode\/suitsusaun-pokumaal\/","og_locale":"lv_LV","og_type":"article","og_title":"Suitsusauna rent - Pokumaa","og_description":"Suitsusaun on v\u00e4ge t\u00e4is koht, kus saab puhtaks nii ihu kui hing!","og_url":"https:\/\/www.pokumaa.ee\/toode\/suitsusaun-pokumaal\/","og_site_name":"Pokumaa","article_publisher":"https:\/\/www.facebook.com\/Pokumaa","article_modified_time":"2023-08-10T13:32:15+00:00","og_image":[{"width":1024,"height":725,"url":"https:\/\/www.pokumaa.ee\/wp-content\/uploads\/2021\/05\/Saun_uuele_kodulehele-1024x725-1.jpg","type":"image\/jpeg"}],"twitter_card":"summary_large_image","twitter_misc":{"Est. reading time":"1 minute"},"schema":{"@context":"https:\/\/schema.org","@graph":[{"@type":"WebPage","@id":"https:\/\/www.pokumaa.ee\/toode\/suitsusaun-pokumaal\/","url":"https:\/\/www.pokumaa.ee\/toode\/suitsusaun-pokumaal\/","name":"Suitsusauna rent - Pokumaa","isPartOf":{"@id":"https:\/\/www.pokumaa.ee\/ru\/#website"},"primaryImageOfPage":{"@id":"https:\/\/www.pokumaa.ee\/toode\/suitsusaun-pokumaal\/#primaryimage"},"image":{"@id":"https:\/\/www.pokumaa.ee\/toode\/suitsusaun-pokumaal\/#primaryimage"},"thumbnailUrl":"https:\/\/www.pokumaa.ee\/wp-content\/uploads\/2021\/05\/Saun_uuele_kodulehele-1024x725-1.jpg","datePublished":"2023-05-02T16:15:23+00:00","dateModified":"2023-08-10T13:32:15+00:00","description":"Suitsusaun on v\u00e4ge t\u00e4is koht, kus saab puhtaks nii ihu kui hing!","breadcrumb":{"@id":"https:\/\/www.pokumaa.ee\/toode\/suitsusaun-pokumaal\/#breadcrumb"},"inLanguage":"lv-LV","potentialAction":[{"@type":"ReadAction","target":["https:\/\/www.pokumaa.ee\/toode\/suitsusaun-pokumaal\/"]}]},{"@type":"ImageObject","inLanguage":"lv-LV","@id":"https:\/\/www.pokumaa.ee\/toode\/suitsusaun-pokumaal\/#primaryimage","url":"https:\/\/www.pokumaa.ee\/wp-content\/uploads\/2021\/05\/Saun_uuele_kodulehele-1024x725-1.jpg","contentUrl":"https:\/\/www.pokumaa.ee\/wp-content\/uploads\/2021\/05\/Saun_uuele_kodulehele-1024x725-1.jpg","width":1024,"height":725,"caption":"Puuko tare suitsusaun"},{"@type":"BreadcrumbList","@id":"https:\/\/www.pokumaa.ee\/toode\/suitsusaun-pokumaal\/#breadcrumb","itemListElement":[{"@type":"ListItem","position":1,"name":"Home","item":"https:\/\/www.pokumaa.ee\/lv\/"},{"@type":"ListItem","position":2,"name":"E-pood","item":"https:\/\/www.pokumaa.ee\/e-pood\/"},{"@type":"ListItem","position":3,"name":"Suitsusauna rent"}]},{"@type":"WebSite","@id":"https:\/\/www.pokumaa.ee\/ru\/#website","url":"https:\/\/www.pokumaa.ee\/ru\/","name":"Pokumaa","description":"Pokumaa ja e-pood","publisher":{"@id":"https:\/\/www.pokumaa.ee\/ru\/#organization"},"potentialAction":[{"@type":"SearchAction","target":{"@type":"EntryPoint","urlTemplate":"https:\/\/www.pokumaa.ee\/ru\/?s={search_term_string}"},"query-input":{"@type":"PropertyValueSpecification","valueRequired":true,"valueName":"search_term_string"}}],"inLanguage":"lv-LV"},{"@type":"Organization","@id":"https:\/\/www.pokumaa.ee\/ru\/#organization","name":"Pokumaa","url":"https:\/\/www.pokumaa.ee\/ru\/","logo":{"@type":"ImageObject","inLanguage":"lv-LV","@id":"https:\/\/www.pokumaa.ee\/ru\/#\/schema\/logo\/image\/","url":"https:\/\/pokumaa.ee\/wp-content\/uploads\/2021\/04\/logo60-punane.png","contentUrl":"https:\/\/pokumaa.ee\/wp-content\/uploads\/2021\/04\/logo60-punane.png","width":292,"height":60,"caption":"Pokumaa"},"image":{"@id":"https:\/\/www.pokumaa.ee\/ru\/#\/schema\/logo\/image\/"},"sameAs":["https:\/\/www.facebook.com\/Pokumaa"]}]}},"_links":{"self":[{"href":"https:\/\/www.pokumaa.ee\/lv\/wp-json\/wp\/v2\/product\/3155","targetHints":{"allow":["GET"]}}],"collection":[{"href":"https:\/\/www.pokumaa.ee\/lv\/wp-json\/wp\/v2\/product"}],"about":[{"href":"https:\/\/www.pokumaa.ee\/lv\/wp-json\/wp\/v2\/types\/product"}],"wp:featuredmedia":[{"embeddable":true,"href":"https:\/\/www.pokumaa.ee\/lv\/wp-json\/wp\/v2\/media\/26"}],"wp:attachment":[{"href":"https:\/\/www.pokumaa.ee\/lv\/wp-json\/wp\/v2\/media?parent=3155"}],"wp:term":[{"taxonomy":"product_brand","embeddable":true,"href":"https:\/\/www.pokumaa.ee\/lv\/wp-json\/wp\/v2\/product_brand?post=3155"},{"taxonomy":"product_cat","embeddable":true,"href":"https:\/\/www.pokumaa.ee\/lv\/wp-json\/wp\/v2\/product_cat?post=3155"},{"taxonomy":"product_tag","embeddable":true,"href":"https:\/\/www.pokumaa.ee\/lv\/wp-json\/wp\/v2\/product_tag?post=3155"}],"curies":[{"name":"wp","href":"https:\/\/api.w.org\/{rel}","templated":true}]}}