{"id":632,"date":"2021-07-19T10:29:54","date_gmt":"2021-07-19T10:29:54","guid":{"rendered":"https:\/\/pokumaa.ee\/?post_type=product&#038;p=632"},"modified":"2025-11-16T15:53:13","modified_gmt":"2025-11-16T13:53:13","slug":"e-valter-jahikoera-memuaarid-2","status":"publish","type":"product","link":"https:\/\/www.pokumaa.ee\/lv\/toode\/e-valter-jahikoera-memuaarid-2\/","title":{"rendered":"E. Valter &#8220;Jahikoera memuaarid&#8221;"},"content":{"rendered":"<p>Jahikoer Ramsese vembud on j\u00f5udnud ka multikasse. Siin on k\u00f5ik tema seiklused. Raamatus ei ole ainsatki s\u00f5na, kuid \u00f5petab pildiridadel toimuvat m\u00f5istma ja arendama huumorisoont. Olgu siis suurel v\u00f5i v\u00e4iksel vaatajal.<\/p>\n<p>Raamatul on k\u00f5vad kaaned ja 96 lk.<\/p>\n<p>M\u00f5\u00f5tmed on 22 cm x 22 cm<\/p>\n<p><span class=\"styles_greyText__1qDdE\">ISBN <\/span>9789916400449<\/p>\n<p>&nbsp;<\/p>\n","protected":false},"excerpt":{"rendered":"<p>Jahikoer Ramsese vembud on j\u00f5udnud ka multikasse. Siin on k\u00f5ik  [&#8230;]<\/p>\n","protected":false},"featured_media":498,"template":"","meta":[],"product_brand":[],"product_cat":[21],"product_tag":[],"class_list":{"0":"post-632","1":"product","2":"type-product","3":"status-publish","4":"has-post-thumbnail","6":"product_cat-raamat","8":"first","9":"instock","10":"taxable","11":"shipping-taxable","12":"purchasable","13":"product-type-simple"},"yoast_head":"<!-- This site is optimized with the Yoast SEO plugin v27.5 - https:\/\/yoast.com\/product\/yoast-seo-wordpress\/ -->\n<title>E. Valter &quot;Jahikoera memuaarid&quot; - Pokumaa<\/title>\n<meta name=\"description\" content=\"Ja mis siis muud kui jahile! Kui te aga piltepidi kannul p\u00fcsite, saate meie ettev\u00f5tmistest t\u00e4ieliku \u00fclevaate. Head jahi\u00f5nne meile!\" \/>\n<meta name=\"robots\" content=\"index, follow, max-snippet:-1, max-image-preview:large, max-video-preview:-1\" \/>\n<link rel=\"canonical\" href=\"https:\/\/www.pokumaa.ee\/toode\/e-valter-jahikoera-memuaarid-2\/\" \/>\n<meta property=\"og:locale\" content=\"lv_LV\" \/>\n<meta property=\"og:type\" content=\"article\" \/>\n<meta property=\"og:title\" content=\"E. Valter &quot;Jahikoera memuaarid&quot; - Pokumaa\" \/>\n<meta property=\"og:description\" content=\"Ja mis siis muud kui jahile! Kui te aga piltepidi kannul p\u00fcsite, saate meie ettev\u00f5tmistest t\u00e4ieliku \u00fclevaate. Head jahi\u00f5nne meile!\" \/>\n<meta property=\"og:url\" content=\"https:\/\/www.pokumaa.ee\/toode\/e-valter-jahikoera-memuaarid-2\/\" \/>\n<meta property=\"og:site_name\" content=\"Pokumaa\" \/>\n<meta property=\"article:publisher\" content=\"https:\/\/www.facebook.com\/Pokumaa\" \/>\n<meta property=\"article:modified_time\" content=\"2025-11-16T13:53:13+00:00\" \/>\n<meta property=\"og:image\" content=\"https:\/\/www.pokumaa.ee\/wp-content\/uploads\/2021\/07\/Jahikoera-memuaarid.jpg\" \/>\n\t<meta property=\"og:image:width\" content=\"2313\" \/>\n\t<meta property=\"og:image:height\" content=\"2537\" \/>\n\t<meta property=\"og:image:type\" content=\"image\/jpeg\" \/>\n<meta name=\"twitter:card\" content=\"summary_large_image\" \/>\n<meta name=\"twitter:label1\" content=\"Est. reading time\" \/>\n\t<meta name=\"twitter:data1\" content=\"1 minute\" \/>\n<script type=\"application\/ld+json\" class=\"yoast-schema-graph\">{\"@context\":\"https:\\\/\\\/schema.org\",\"@graph\":[{\"@type\":\"WebPage\",\"@id\":\"https:\\\/\\\/www.pokumaa.ee\\\/toode\\\/e-valter-jahikoera-memuaarid-2\\\/\",\"url\":\"https:\\\/\\\/www.pokumaa.ee\\\/toode\\\/e-valter-jahikoera-memuaarid-2\\\/\",\"name\":\"E. Valter \\\"Jahikoera memuaarid\\\" - Pokumaa\",\"isPartOf\":{\"@id\":\"https:\\\/\\\/www.pokumaa.ee\\\/ru\\\/#website\"},\"primaryImageOfPage\":{\"@id\":\"https:\\\/\\\/www.pokumaa.ee\\\/toode\\\/e-valter-jahikoera-memuaarid-2\\\/#primaryimage\"},\"image\":{\"@id\":\"https:\\\/\\\/www.pokumaa.ee\\\/toode\\\/e-valter-jahikoera-memuaarid-2\\\/#primaryimage\"},\"thumbnailUrl\":\"https:\\\/\\\/www.pokumaa.ee\\\/wp-content\\\/uploads\\\/2021\\\/07\\\/Jahikoera-memuaarid.jpg\",\"datePublished\":\"2021-07-19T10:29:54+00:00\",\"dateModified\":\"2025-11-16T13:53:13+00:00\",\"description\":\"Ja mis siis muud kui jahile! Kui te aga piltepidi kannul p\u00fcsite, saate meie ettev\u00f5tmistest t\u00e4ieliku \u00fclevaate. Head jahi\u00f5nne meile!\",\"breadcrumb\":{\"@id\":\"https:\\\/\\\/www.pokumaa.ee\\\/toode\\\/e-valter-jahikoera-memuaarid-2\\\/#breadcrumb\"},\"inLanguage\":\"lv-LV\",\"potentialAction\":[{\"@type\":\"ReadAction\",\"target\":[\"https:\\\/\\\/www.pokumaa.ee\\\/toode\\\/e-valter-jahikoera-memuaarid-2\\\/\"]}]},{\"@type\":\"ImageObject\",\"inLanguage\":\"lv-LV\",\"@id\":\"https:\\\/\\\/www.pokumaa.ee\\\/toode\\\/e-valter-jahikoera-memuaarid-2\\\/#primaryimage\",\"url\":\"https:\\\/\\\/www.pokumaa.ee\\\/wp-content\\\/uploads\\\/2021\\\/07\\\/Jahikoera-memuaarid.jpg\",\"contentUrl\":\"https:\\\/\\\/www.pokumaa.ee\\\/wp-content\\\/uploads\\\/2021\\\/07\\\/Jahikoera-memuaarid.jpg\",\"width\":2313,\"height\":2537},{\"@type\":\"BreadcrumbList\",\"@id\":\"https:\\\/\\\/www.pokumaa.ee\\\/toode\\\/e-valter-jahikoera-memuaarid-2\\\/#breadcrumb\",\"itemListElement\":[{\"@type\":\"ListItem\",\"position\":1,\"name\":\"Home\",\"item\":\"https:\\\/\\\/www.pokumaa.ee\\\/lv\\\/\"},{\"@type\":\"ListItem\",\"position\":2,\"name\":\"E-pood\",\"item\":\"https:\\\/\\\/www.pokumaa.ee\\\/e-pood\\\/\"},{\"@type\":\"ListItem\",\"position\":3,\"name\":\"E. Valter &#8220;Jahikoera memuaarid&#8221;\"}]},{\"@type\":\"WebSite\",\"@id\":\"https:\\\/\\\/www.pokumaa.ee\\\/ru\\\/#website\",\"url\":\"https:\\\/\\\/www.pokumaa.ee\\\/ru\\\/\",\"name\":\"Pokumaa\",\"description\":\"Pokumaa ja e-pood\",\"publisher\":{\"@id\":\"https:\\\/\\\/www.pokumaa.ee\\\/ru\\\/#organization\"},\"potentialAction\":[{\"@type\":\"SearchAction\",\"target\":{\"@type\":\"EntryPoint\",\"urlTemplate\":\"https:\\\/\\\/www.pokumaa.ee\\\/ru\\\/?s={search_term_string}\"},\"query-input\":{\"@type\":\"PropertyValueSpecification\",\"valueRequired\":true,\"valueName\":\"search_term_string\"}}],\"inLanguage\":\"lv-LV\"},{\"@type\":\"Organization\",\"@id\":\"https:\\\/\\\/www.pokumaa.ee\\\/ru\\\/#organization\",\"name\":\"Pokumaa\",\"url\":\"https:\\\/\\\/www.pokumaa.ee\\\/ru\\\/\",\"logo\":{\"@type\":\"ImageObject\",\"inLanguage\":\"lv-LV\",\"@id\":\"https:\\\/\\\/www.pokumaa.ee\\\/ru\\\/#\\\/schema\\\/logo\\\/image\\\/\",\"url\":\"https:\\\/\\\/pokumaa.ee\\\/wp-content\\\/uploads\\\/2021\\\/04\\\/logo60-punane.png\",\"contentUrl\":\"https:\\\/\\\/pokumaa.ee\\\/wp-content\\\/uploads\\\/2021\\\/04\\\/logo60-punane.png\",\"width\":292,\"height\":60,\"caption\":\"Pokumaa\"},\"image\":{\"@id\":\"https:\\\/\\\/www.pokumaa.ee\\\/ru\\\/#\\\/schema\\\/logo\\\/image\\\/\"},\"sameAs\":[\"https:\\\/\\\/www.facebook.com\\\/Pokumaa\"]}]}<\/script>\n<!-- \/ Yoast SEO plugin. -->","yoast_head_json":{"title":"E. Valter \"Jahikoera memuaarid\" - Pokumaa","description":"Ja mis siis muud kui jahile! Kui te aga piltepidi kannul p\u00fcsite, saate meie ettev\u00f5tmistest t\u00e4ieliku \u00fclevaate. Head jahi\u00f5nne meile!","robots":{"index":"index","follow":"follow","max-snippet":"max-snippet:-1","max-image-preview":"max-image-preview:large","max-video-preview":"max-video-preview:-1"},"canonical":"https:\/\/www.pokumaa.ee\/toode\/e-valter-jahikoera-memuaarid-2\/","og_locale":"lv_LV","og_type":"article","og_title":"E. Valter \"Jahikoera memuaarid\" - Pokumaa","og_description":"Ja mis siis muud kui jahile! Kui te aga piltepidi kannul p\u00fcsite, saate meie ettev\u00f5tmistest t\u00e4ieliku \u00fclevaate. Head jahi\u00f5nne meile!","og_url":"https:\/\/www.pokumaa.ee\/toode\/e-valter-jahikoera-memuaarid-2\/","og_site_name":"Pokumaa","article_publisher":"https:\/\/www.facebook.com\/Pokumaa","article_modified_time":"2025-11-16T13:53:13+00:00","og_image":[{"width":2313,"height":2537,"url":"https:\/\/www.pokumaa.ee\/wp-content\/uploads\/2021\/07\/Jahikoera-memuaarid.jpg","type":"image\/jpeg"}],"twitter_card":"summary_large_image","twitter_misc":{"Est. reading time":"1 minute"},"schema":{"@context":"https:\/\/schema.org","@graph":[{"@type":"WebPage","@id":"https:\/\/www.pokumaa.ee\/toode\/e-valter-jahikoera-memuaarid-2\/","url":"https:\/\/www.pokumaa.ee\/toode\/e-valter-jahikoera-memuaarid-2\/","name":"E. Valter \"Jahikoera memuaarid\" - Pokumaa","isPartOf":{"@id":"https:\/\/www.pokumaa.ee\/ru\/#website"},"primaryImageOfPage":{"@id":"https:\/\/www.pokumaa.ee\/toode\/e-valter-jahikoera-memuaarid-2\/#primaryimage"},"image":{"@id":"https:\/\/www.pokumaa.ee\/toode\/e-valter-jahikoera-memuaarid-2\/#primaryimage"},"thumbnailUrl":"https:\/\/www.pokumaa.ee\/wp-content\/uploads\/2021\/07\/Jahikoera-memuaarid.jpg","datePublished":"2021-07-19T10:29:54+00:00","dateModified":"2025-11-16T13:53:13+00:00","description":"Ja mis siis muud kui jahile! Kui te aga piltepidi kannul p\u00fcsite, saate meie ettev\u00f5tmistest t\u00e4ieliku \u00fclevaate. Head jahi\u00f5nne meile!","breadcrumb":{"@id":"https:\/\/www.pokumaa.ee\/toode\/e-valter-jahikoera-memuaarid-2\/#breadcrumb"},"inLanguage":"lv-LV","potentialAction":[{"@type":"ReadAction","target":["https:\/\/www.pokumaa.ee\/toode\/e-valter-jahikoera-memuaarid-2\/"]}]},{"@type":"ImageObject","inLanguage":"lv-LV","@id":"https:\/\/www.pokumaa.ee\/toode\/e-valter-jahikoera-memuaarid-2\/#primaryimage","url":"https:\/\/www.pokumaa.ee\/wp-content\/uploads\/2021\/07\/Jahikoera-memuaarid.jpg","contentUrl":"https:\/\/www.pokumaa.ee\/wp-content\/uploads\/2021\/07\/Jahikoera-memuaarid.jpg","width":2313,"height":2537},{"@type":"BreadcrumbList","@id":"https:\/\/www.pokumaa.ee\/toode\/e-valter-jahikoera-memuaarid-2\/#breadcrumb","itemListElement":[{"@type":"ListItem","position":1,"name":"Home","item":"https:\/\/www.pokumaa.ee\/lv\/"},{"@type":"ListItem","position":2,"name":"E-pood","item":"https:\/\/www.pokumaa.ee\/e-pood\/"},{"@type":"ListItem","position":3,"name":"E. Valter &#8220;Jahikoera memuaarid&#8221;"}]},{"@type":"WebSite","@id":"https:\/\/www.pokumaa.ee\/ru\/#website","url":"https:\/\/www.pokumaa.ee\/ru\/","name":"Pokumaa","description":"Pokumaa ja e-pood","publisher":{"@id":"https:\/\/www.pokumaa.ee\/ru\/#organization"},"potentialAction":[{"@type":"SearchAction","target":{"@type":"EntryPoint","urlTemplate":"https:\/\/www.pokumaa.ee\/ru\/?s={search_term_string}"},"query-input":{"@type":"PropertyValueSpecification","valueRequired":true,"valueName":"search_term_string"}}],"inLanguage":"lv-LV"},{"@type":"Organization","@id":"https:\/\/www.pokumaa.ee\/ru\/#organization","name":"Pokumaa","url":"https:\/\/www.pokumaa.ee\/ru\/","logo":{"@type":"ImageObject","inLanguage":"lv-LV","@id":"https:\/\/www.pokumaa.ee\/ru\/#\/schema\/logo\/image\/","url":"https:\/\/pokumaa.ee\/wp-content\/uploads\/2021\/04\/logo60-punane.png","contentUrl":"https:\/\/pokumaa.ee\/wp-content\/uploads\/2021\/04\/logo60-punane.png","width":292,"height":60,"caption":"Pokumaa"},"image":{"@id":"https:\/\/www.pokumaa.ee\/ru\/#\/schema\/logo\/image\/"},"sameAs":["https:\/\/www.facebook.com\/Pokumaa"]}]}},"_links":{"self":[{"href":"https:\/\/www.pokumaa.ee\/lv\/wp-json\/wp\/v2\/product\/632","targetHints":{"allow":["GET"]}}],"collection":[{"href":"https:\/\/www.pokumaa.ee\/lv\/wp-json\/wp\/v2\/product"}],"about":[{"href":"https:\/\/www.pokumaa.ee\/lv\/wp-json\/wp\/v2\/types\/product"}],"wp:featuredmedia":[{"embeddable":true,"href":"https:\/\/www.pokumaa.ee\/lv\/wp-json\/wp\/v2\/media\/498"}],"wp:attachment":[{"href":"https:\/\/www.pokumaa.ee\/lv\/wp-json\/wp\/v2\/media?parent=632"}],"wp:term":[{"taxonomy":"product_brand","embeddable":true,"href":"https:\/\/www.pokumaa.ee\/lv\/wp-json\/wp\/v2\/product_brand?post=632"},{"taxonomy":"product_cat","embeddable":true,"href":"https:\/\/www.pokumaa.ee\/lv\/wp-json\/wp\/v2\/product_cat?post=632"},{"taxonomy":"product_tag","embeddable":true,"href":"https:\/\/www.pokumaa.ee\/lv\/wp-json\/wp\/v2\/product_tag?post=632"}],"curies":[{"name":"wp","href":"https:\/\/api.w.org\/{rel}","templated":true}]}}