{"id":718,"date":"2021-07-19T11:32:20","date_gmt":"2021-07-19T11:32:20","guid":{"rendered":"https:\/\/pokumaa.ee\/?post_type=product&#038;p=718"},"modified":"2023-06-29T13:08:01","modified_gmt":"2023-06-29T10:08:01","slug":"postkaardikomplekt","status":"publish","type":"product","link":"https:\/\/www.pokumaa.ee\/lv\/toode\/postkaardikomplekt\/","title":{"rendered":"Postkaardikomplekt"},"content":{"rendered":"<p>Postkaardikomplektist leiad k\u00f5ik Pokukalendri 22 t\u00e4htp\u00e4eva kaarti. Kaardid on kahepoolsed.<\/p>\n","protected":false},"excerpt":{"rendered":"<p>Postkaardikomplektist leiad k\u00f5ik Pokukalendri 22 t\u00e4htp\u00e4eva kaarti. Kaardid on kahepoolsed.<\/p>\n","protected":false},"featured_media":721,"template":"","meta":[],"product_brand":[],"product_cat":[21],"product_tag":[],"class_list":{"0":"post-718","1":"product","2":"type-product","3":"status-publish","4":"has-post-thumbnail","6":"product_cat-raamat","8":"first","9":"outofstock","10":"taxable","11":"shipping-taxable","12":"purchasable","13":"product-type-simple"},"yoast_head":"<!-- This site is optimized with the Yoast SEO plugin v27.5 - https:\/\/yoast.com\/product\/yoast-seo-wordpress\/ -->\n<title>Postkaardikomplekt - Pokumaa<\/title>\n<meta name=\"robots\" content=\"index, follow, max-snippet:-1, max-image-preview:large, max-video-preview:-1\" \/>\n<link rel=\"canonical\" href=\"https:\/\/www.pokumaa.ee\/toode\/postkaardikomplekt\/\" \/>\n<meta property=\"og:locale\" content=\"lv_LV\" \/>\n<meta property=\"og:type\" content=\"article\" \/>\n<meta property=\"og:title\" content=\"Postkaardikomplekt - Pokumaa\" \/>\n<meta property=\"og:description\" content=\"Postkaardikomplektist leiad k\u00f5ik Pokukalendri 22 t\u00e4htp\u00e4eva kaarti. Kaardid on kahepoolsed.\" \/>\n<meta property=\"og:url\" content=\"https:\/\/www.pokumaa.ee\/toode\/postkaardikomplekt\/\" \/>\n<meta property=\"og:site_name\" content=\"Pokumaa\" \/>\n<meta property=\"article:publisher\" content=\"https:\/\/www.facebook.com\/Pokumaa\" \/>\n<meta property=\"article:modified_time\" content=\"2023-06-29T10:08:01+00:00\" \/>\n<meta property=\"og:image\" content=\"https:\/\/www.pokumaa.ee\/wp-content\/uploads\/2021\/07\/suure-suveymina-paev-15_juuli.jpg\" \/>\n\t<meta property=\"og:image:width\" content=\"300\" \/>\n\t<meta property=\"og:image:height\" content=\"302\" \/>\n\t<meta property=\"og:image:type\" content=\"image\/jpeg\" \/>\n<meta name=\"twitter:card\" content=\"summary_large_image\" \/>\n<meta name=\"twitter:label1\" content=\"Est. reading time\" \/>\n\t<meta name=\"twitter:data1\" content=\"1 minute\" \/>\n<script type=\"application\/ld+json\" class=\"yoast-schema-graph\">{\"@context\":\"https:\\\/\\\/schema.org\",\"@graph\":[{\"@type\":\"WebPage\",\"@id\":\"https:\\\/\\\/www.pokumaa.ee\\\/toode\\\/postkaardikomplekt\\\/\",\"url\":\"https:\\\/\\\/www.pokumaa.ee\\\/toode\\\/postkaardikomplekt\\\/\",\"name\":\"Postkaardikomplekt - Pokumaa\",\"isPartOf\":{\"@id\":\"https:\\\/\\\/www.pokumaa.ee\\\/ru\\\/#website\"},\"primaryImageOfPage\":{\"@id\":\"https:\\\/\\\/www.pokumaa.ee\\\/toode\\\/postkaardikomplekt\\\/#primaryimage\"},\"image\":{\"@id\":\"https:\\\/\\\/www.pokumaa.ee\\\/toode\\\/postkaardikomplekt\\\/#primaryimage\"},\"thumbnailUrl\":\"https:\\\/\\\/www.pokumaa.ee\\\/wp-content\\\/uploads\\\/2021\\\/07\\\/suure-suveymina-paev-15_juuli.jpg\",\"datePublished\":\"2021-07-19T11:32:20+00:00\",\"dateModified\":\"2023-06-29T10:08:01+00:00\",\"breadcrumb\":{\"@id\":\"https:\\\/\\\/www.pokumaa.ee\\\/toode\\\/postkaardikomplekt\\\/#breadcrumb\"},\"inLanguage\":\"lv-LV\",\"potentialAction\":[{\"@type\":\"ReadAction\",\"target\":[\"https:\\\/\\\/www.pokumaa.ee\\\/toode\\\/postkaardikomplekt\\\/\"]}]},{\"@type\":\"ImageObject\",\"inLanguage\":\"lv-LV\",\"@id\":\"https:\\\/\\\/www.pokumaa.ee\\\/toode\\\/postkaardikomplekt\\\/#primaryimage\",\"url\":\"https:\\\/\\\/www.pokumaa.ee\\\/wp-content\\\/uploads\\\/2021\\\/07\\\/suure-suveymina-paev-15_juuli.jpg\",\"contentUrl\":\"https:\\\/\\\/www.pokumaa.ee\\\/wp-content\\\/uploads\\\/2021\\\/07\\\/suure-suveymina-paev-15_juuli.jpg\",\"width\":300,\"height\":302},{\"@type\":\"BreadcrumbList\",\"@id\":\"https:\\\/\\\/www.pokumaa.ee\\\/toode\\\/postkaardikomplekt\\\/#breadcrumb\",\"itemListElement\":[{\"@type\":\"ListItem\",\"position\":1,\"name\":\"Home\",\"item\":\"https:\\\/\\\/www.pokumaa.ee\\\/lv\\\/\"},{\"@type\":\"ListItem\",\"position\":2,\"name\":\"E-pood\",\"item\":\"https:\\\/\\\/www.pokumaa.ee\\\/e-pood\\\/\"},{\"@type\":\"ListItem\",\"position\":3,\"name\":\"Postkaardikomplekt\"}]},{\"@type\":\"WebSite\",\"@id\":\"https:\\\/\\\/www.pokumaa.ee\\\/ru\\\/#website\",\"url\":\"https:\\\/\\\/www.pokumaa.ee\\\/ru\\\/\",\"name\":\"Pokumaa\",\"description\":\"Pokumaa ja e-pood\",\"publisher\":{\"@id\":\"https:\\\/\\\/www.pokumaa.ee\\\/ru\\\/#organization\"},\"potentialAction\":[{\"@type\":\"SearchAction\",\"target\":{\"@type\":\"EntryPoint\",\"urlTemplate\":\"https:\\\/\\\/www.pokumaa.ee\\\/ru\\\/?s={search_term_string}\"},\"query-input\":{\"@type\":\"PropertyValueSpecification\",\"valueRequired\":true,\"valueName\":\"search_term_string\"}}],\"inLanguage\":\"lv-LV\"},{\"@type\":\"Organization\",\"@id\":\"https:\\\/\\\/www.pokumaa.ee\\\/ru\\\/#organization\",\"name\":\"Pokumaa\",\"url\":\"https:\\\/\\\/www.pokumaa.ee\\\/ru\\\/\",\"logo\":{\"@type\":\"ImageObject\",\"inLanguage\":\"lv-LV\",\"@id\":\"https:\\\/\\\/www.pokumaa.ee\\\/ru\\\/#\\\/schema\\\/logo\\\/image\\\/\",\"url\":\"https:\\\/\\\/pokumaa.ee\\\/wp-content\\\/uploads\\\/2021\\\/04\\\/logo60-punane.png\",\"contentUrl\":\"https:\\\/\\\/pokumaa.ee\\\/wp-content\\\/uploads\\\/2021\\\/04\\\/logo60-punane.png\",\"width\":292,\"height\":60,\"caption\":\"Pokumaa\"},\"image\":{\"@id\":\"https:\\\/\\\/www.pokumaa.ee\\\/ru\\\/#\\\/schema\\\/logo\\\/image\\\/\"},\"sameAs\":[\"https:\\\/\\\/www.facebook.com\\\/Pokumaa\"]}]}<\/script>\n<!-- \/ Yoast SEO plugin. -->","yoast_head_json":{"title":"Postkaardikomplekt - Pokumaa","robots":{"index":"index","follow":"follow","max-snippet":"max-snippet:-1","max-image-preview":"max-image-preview:large","max-video-preview":"max-video-preview:-1"},"canonical":"https:\/\/www.pokumaa.ee\/toode\/postkaardikomplekt\/","og_locale":"lv_LV","og_type":"article","og_title":"Postkaardikomplekt - Pokumaa","og_description":"Postkaardikomplektist leiad k\u00f5ik Pokukalendri 22 t\u00e4htp\u00e4eva kaarti. Kaardid on kahepoolsed.","og_url":"https:\/\/www.pokumaa.ee\/toode\/postkaardikomplekt\/","og_site_name":"Pokumaa","article_publisher":"https:\/\/www.facebook.com\/Pokumaa","article_modified_time":"2023-06-29T10:08:01+00:00","og_image":[{"width":300,"height":302,"url":"https:\/\/www.pokumaa.ee\/wp-content\/uploads\/2021\/07\/suure-suveymina-paev-15_juuli.jpg","type":"image\/jpeg"}],"twitter_card":"summary_large_image","twitter_misc":{"Est. reading time":"1 minute"},"schema":{"@context":"https:\/\/schema.org","@graph":[{"@type":"WebPage","@id":"https:\/\/www.pokumaa.ee\/toode\/postkaardikomplekt\/","url":"https:\/\/www.pokumaa.ee\/toode\/postkaardikomplekt\/","name":"Postkaardikomplekt - Pokumaa","isPartOf":{"@id":"https:\/\/www.pokumaa.ee\/ru\/#website"},"primaryImageOfPage":{"@id":"https:\/\/www.pokumaa.ee\/toode\/postkaardikomplekt\/#primaryimage"},"image":{"@id":"https:\/\/www.pokumaa.ee\/toode\/postkaardikomplekt\/#primaryimage"},"thumbnailUrl":"https:\/\/www.pokumaa.ee\/wp-content\/uploads\/2021\/07\/suure-suveymina-paev-15_juuli.jpg","datePublished":"2021-07-19T11:32:20+00:00","dateModified":"2023-06-29T10:08:01+00:00","breadcrumb":{"@id":"https:\/\/www.pokumaa.ee\/toode\/postkaardikomplekt\/#breadcrumb"},"inLanguage":"lv-LV","potentialAction":[{"@type":"ReadAction","target":["https:\/\/www.pokumaa.ee\/toode\/postkaardikomplekt\/"]}]},{"@type":"ImageObject","inLanguage":"lv-LV","@id":"https:\/\/www.pokumaa.ee\/toode\/postkaardikomplekt\/#primaryimage","url":"https:\/\/www.pokumaa.ee\/wp-content\/uploads\/2021\/07\/suure-suveymina-paev-15_juuli.jpg","contentUrl":"https:\/\/www.pokumaa.ee\/wp-content\/uploads\/2021\/07\/suure-suveymina-paev-15_juuli.jpg","width":300,"height":302},{"@type":"BreadcrumbList","@id":"https:\/\/www.pokumaa.ee\/toode\/postkaardikomplekt\/#breadcrumb","itemListElement":[{"@type":"ListItem","position":1,"name":"Home","item":"https:\/\/www.pokumaa.ee\/lv\/"},{"@type":"ListItem","position":2,"name":"E-pood","item":"https:\/\/www.pokumaa.ee\/e-pood\/"},{"@type":"ListItem","position":3,"name":"Postkaardikomplekt"}]},{"@type":"WebSite","@id":"https:\/\/www.pokumaa.ee\/ru\/#website","url":"https:\/\/www.pokumaa.ee\/ru\/","name":"Pokumaa","description":"Pokumaa ja e-pood","publisher":{"@id":"https:\/\/www.pokumaa.ee\/ru\/#organization"},"potentialAction":[{"@type":"SearchAction","target":{"@type":"EntryPoint","urlTemplate":"https:\/\/www.pokumaa.ee\/ru\/?s={search_term_string}"},"query-input":{"@type":"PropertyValueSpecification","valueRequired":true,"valueName":"search_term_string"}}],"inLanguage":"lv-LV"},{"@type":"Organization","@id":"https:\/\/www.pokumaa.ee\/ru\/#organization","name":"Pokumaa","url":"https:\/\/www.pokumaa.ee\/ru\/","logo":{"@type":"ImageObject","inLanguage":"lv-LV","@id":"https:\/\/www.pokumaa.ee\/ru\/#\/schema\/logo\/image\/","url":"https:\/\/pokumaa.ee\/wp-content\/uploads\/2021\/04\/logo60-punane.png","contentUrl":"https:\/\/pokumaa.ee\/wp-content\/uploads\/2021\/04\/logo60-punane.png","width":292,"height":60,"caption":"Pokumaa"},"image":{"@id":"https:\/\/www.pokumaa.ee\/ru\/#\/schema\/logo\/image\/"},"sameAs":["https:\/\/www.facebook.com\/Pokumaa"]}]}},"_links":{"self":[{"href":"https:\/\/www.pokumaa.ee\/lv\/wp-json\/wp\/v2\/product\/718","targetHints":{"allow":["GET"]}}],"collection":[{"href":"https:\/\/www.pokumaa.ee\/lv\/wp-json\/wp\/v2\/product"}],"about":[{"href":"https:\/\/www.pokumaa.ee\/lv\/wp-json\/wp\/v2\/types\/product"}],"wp:featuredmedia":[{"embeddable":true,"href":"https:\/\/www.pokumaa.ee\/lv\/wp-json\/wp\/v2\/media\/721"}],"wp:attachment":[{"href":"https:\/\/www.pokumaa.ee\/lv\/wp-json\/wp\/v2\/media?parent=718"}],"wp:term":[{"taxonomy":"product_brand","embeddable":true,"href":"https:\/\/www.pokumaa.ee\/lv\/wp-json\/wp\/v2\/product_brand?post=718"},{"taxonomy":"product_cat","embeddable":true,"href":"https:\/\/www.pokumaa.ee\/lv\/wp-json\/wp\/v2\/product_cat?post=718"},{"taxonomy":"product_tag","embeddable":true,"href":"https:\/\/www.pokumaa.ee\/lv\/wp-json\/wp\/v2\/product_tag?post=718"}],"curies":[{"name":"wp","href":"https:\/\/api.w.org\/{rel}","templated":true}]}}