{"id":1720,"date":"2021-10-05T15:17:46","date_gmt":"2021-10-05T12:17:46","guid":{"rendered":"https:\/\/www.pokumaa.ee\/%d1%82%d0%b5%d0%bc%d0%b0%d1%82%d0%b8%d1%87%d0%b5%d1%81%d0%ba%d0%b8%d0%b9-%d0%bf%d0%b0%d1%80%d0%ba-%d0%bf%d0%be%d0%ba%d1%83%d0%bc%d0%b0%d0%b0\/"},"modified":"2021-10-05T15:22:03","modified_gmt":"2021-10-05T12:22:03","slug":"tematiceskij-park-pokumaa","status":"publish","type":"page","link":"https:\/\/www.pokumaa.ee\/ru\/tematiceskij-park-pokumaa\/","title":{"rendered":"\u0422\u0435\u043c\u0430\u0442\u0438\u0447\u0435\u0441\u043a\u0438\u0439 \u043f\u0430\u0440\u043a \u041f\u043e\u043a\u0443\u043c\u0430\u0430"},"content":{"rendered":"<p><div class=\"fusion-fullwidth fullwidth-box fusion-builder-row-1 fusion-flex-container nonhundred-percent-fullwidth non-hundred-percent-height-scrolling\" style=\"--awb-border-radius-top-left:0px;--awb-border-radius-top-right:0px;--awb-border-radius-bottom-right:0px;--awb-border-radius-bottom-left:0px;--awb-flex-wrap:wrap;\" ><div class=\"fusion-builder-row fusion-row fusion-flex-align-items-center fusion-flex-content-wrap\" style=\"max-width:1248px;margin-left: calc(-4% \/ 2 );margin-right: calc(-4% \/ 2 );\"><div class=\"fusion-layout-column fusion_builder_column fusion-builder-column-0 fusion_builder_column_1_1 1_1 fusion-flex-column\" style=\"--awb-bg-size:cover;--awb-width-large:100%;--awb-margin-top-large:0px;--awb-spacing-right-large:1.92%;--awb-margin-bottom-large:20px;--awb-spacing-left-large:1.92%;--awb-width-medium:100%;--awb-order-medium:0;--awb-spacing-right-medium:1.92%;--awb-spacing-left-medium:1.92%;--awb-width-small:100%;--awb-order-small:0;--awb-spacing-right-small:1.92%;--awb-spacing-left-small:1.92%;\"><div class=\"fusion-column-wrapper fusion-column-has-shadow fusion-flex-justify-content-flex-start fusion-content-layout-column\"><div class=\"fusion-text fusion-text-1\"><h1 class=\"fusion-responsive-typography-calculated\" style=\"--fontsize: 38; line-height: 1.16;\" data-fontsize=\"38\" data-lineheight=\"44.08px\">\u0422\u0435\u043c\u0430\u0442\u0438\u0447\u0435\u0441\u043a\u0438\u0439 \u043f\u0430\u0440\u043a \u041f\u043e\u043a\u0443\u043c\u0430\u0430<\/h1>\n<p>\u041f\u0430\u0440\u043a \u041f\u043e\u043a\u0443\u043c\u0430\u0430 \u0441\u043e\u0437\u0434\u0430\u043d \u043f\u043e \u0438\u0434\u0435\u044f\u043c \u0438 \u043a\u043d\u0438\u0433\u0435 \u0438\u0437\u0432\u0435\u0441\u0442\u043d\u043e\u0433\u043e \u044d\u0441\u0442\u043e\u043d\u0441\u043a\u043e\u0433\u043e \u0434\u0435\u0442\u0441\u043a\u043e\u0433\u043e \u0445\u0443\u0434\u043e\u0436\u043d\u0438\u043a\u0430 \u0438 \u043f\u0438\u0441\u0430\u0442\u0435\u043b\u044f \u042d\u0434\u0433\u0430\u0440\u0430 \u0412\u0430\u043b\u0442\u0435\u0440\u0430 \u201c \u041f\u043e\u043a\u0438 &#187; (&#187; Pokuraamat\u201d). &#171;\u041f\u043e\u043a\u0438&#187; &#8212; \u044d\u0442\u043e \u0441\u043a\u0430\u0437\u043a\u0430 \u043e \u0437\u0430\u0431\u0430\u0432\u043d\u044b\u0445 \u043b\u0435\u0441\u043d\u044b\u0445 \u0447\u0435\u043b\u043e\u0432\u0435\u0447\u043a\u0430\u0445, \u043e\u0436\u0438\u0432\u0448\u0438\u0445 \u0442\u0440\u0430\u0432\u044f\u043d\u044b\u0445 \u043a\u043e\u0447\u043a\u0430\u0445, \u0412 \u0442\u0435\u043c\u0430\u0442\u0438\u0447\u0435\u0441\u043a\u043e\u043c \u043f\u0430\u0440\u043a\u0435 \u0442\u0440\u0438 \u0433\u043b\u0430\u0432\u043d\u044b\u0445 \u043c\u0435\u0441\u0442\u0430 \u0434\u0435\u0439\u0441\u0442\u0432\u0438\u044f: \u041f\u043e\u043a\u0443\u0434\u043e\u043c (P\u043e\u043aukod\u0430), \u0441\u0442\u0430\u0440\u0430\u044f \u043a\u0440\u0435\u0441\u0442\u044c\u044f\u043d\u0441\u043a\u0430\u044f \u0438\u0437\u0431\u0430 \u043d\u0430 \u0432\u0435\u0440\u0448\u0438\u043d\u0435 \u041f\u0430\u0434\u0430\u0441\u043e\u043e (Padasoo) \u0438 \u0445\u0443\u0442\u043e\u0440 \u0425\u0430\u0443\u043a\u0430 (Hauka).<\/p>\n<\/div><\/div><\/div><div class=\"fusion-layout-column fusion_builder_column fusion-builder-column-1 fusion_builder_column_1_2 1_2 fusion-flex-column\" style=\"--awb-bg-size:cover;--awb-width-large:50%;--awb-margin-top-large:0px;--awb-spacing-right-large:3.84%;--awb-margin-bottom-large:20px;--awb-spacing-left-large:3.84%;--awb-width-medium:50%;--awb-order-medium:0;--awb-spacing-right-medium:3.84%;--awb-spacing-left-medium:3.84%;--awb-width-small:100%;--awb-order-small:0;--awb-spacing-right-small:1.92%;--awb-spacing-left-small:1.92%;\"><div class=\"fusion-column-wrapper fusion-column-has-shadow fusion-flex-justify-content-flex-start fusion-content-layout-column\"><div class=\"fusion-text fusion-text-2\"><p>\u0412 \u041f\u043e\u043a\u0443\u0434\u043e\u043c\u0435 (Pokukoda) \u043c\u043e\u0436\u043d\u043e \u043f\u043e\u0437\u043d\u0430\u043a\u043e\u043c\u0438\u0442\u044c\u0441\u044f \u0441 \u0442\u0432\u043e\u0440\u0447\u0435\u0441\u0442\u0432\u043e\u043c \u042d\u0434\u0433\u0430\u0440\u0430 \u0412\u0430\u043b\u0442\u0435\u0440\u0430- \u0443\u0432\u0438\u0434\u0435\u0442\u044c \u0438\u043b\u043b\u044e\u0441\u0442\u0440\u0430\u0446\u0438\u0438 \u043a\u043d\u0438\u0433\u0438 \u201c \u041f\u043e\u043a\u0438 &#187; (&#187; Pokuraamat\u201d). \u043a\u043e\u043b\u043b\u0435\u043a\u0446\u0438\u044e \u043a\u0430\u0440\u0442\u0438\u043d \u0445\u0443\u0434\u043e\u0436\u043d\u0438\u043a\u0430, \u043f\u043e\u0437\u043d\u0430\u043a\u043e\u043c\u0438\u0442\u044c\u0441\u044f \u0441 \u043a\u0443\u043a\u043b\u0430\u043c\u0438-\u043f\u0435\u0440\u0441\u043e\u043d\u0430\u0436\u0430\u043c\u0438 \u0435\u0433\u043e \u0434\u0435\u0442\u0441\u043a\u0438\u0445 \u043a\u043d\u0438\u0433 \u0438 \u043f\u043e\u0441\u0435\u0442\u0438\u0442\u044c \u043d\u0435\u0441\u043a\u043e\u043b\u044c\u043a\u043e \u0432\u044b\u0441\u0442\u0430\u0432\u043e\u043a.<\/p>\n<p>\u041f\u043e\u043a\u0443\u0434\u043e\u043c \u0441\u043e\u043e\u0440\u0443\u0436\u0435\u043d \u043f\u043e \u044d\u0441\u043a\u0438\u0437\u0443 \u0441\u0430\u043c\u043e\u0433\u043e \u042d\u0434\u0433\u0430\u0440\u0430 \u0412\u0430\u043b\u044c\u0442\u0435\u0440\u0430. \u042d\u0442\u043e \u0437\u0434\u0430\u043d\u0438\u0435 \u043e\u0442\u043b\u0438\u0447\u0430e\u0442\u0441\u044f \u0443\u043d\u0438\u043a\u0430\u043b\u044c\u043d\u044b\u043c \u0434\u0438\u0437\u0430\u0439\u043d\u043e\u043c \u0438\u043d\u0442\u0435\u0440\u044c\u0435\u0440\u0430, \u043f\u0440\u0435\u0434\u043b\u0430\u0433\u0430\u0435\u0442 \u043f\u043e\u0441\u0435\u0442\u0438\u0442\u0435\u043b\u044f\u043c \u0441\u044e\u0440\u043f\u0440\u0438\u0437\u044b \u0432 \u0432\u0438\u0434\u0435 \u043c\u0430\u0441\u0441\u0438\u0432\u043d\u044b\u0445 \u0434\u0435\u0440\u0435\u0432\u044f\u043d\u043d\u044b\u0445 \u0434\u0435\u0442\u0430\u043b\u0435\u0439, \u0441\u0432\u043e\u0435\u043e\u0431\u0440\u0430\u0437\u043d\u044b\u0445 \u043b\u0435\u0441\u0442\u043d\u0438\u0446 \u0438 \u043d\u0435\u043e\u0436\u0438\u0434\u0430\u043d\u043d\u044b\u0445 \u0445\u043e\u0434\u043e\u0432.<\/p>\n<p>\u0417\u0434\u0435\u0441\u044c \u043f\u0440\u043e\u0432\u043e\u0434\u044f\u0442\u0441\u044f \u0441\u043f\u0435\u043a\u0442\u0430\u043a\u043b\u0438, \u043a\u043e\u043d\u0446\u0435\u0440\u0442\u044b \u0438 \u0434\u0440\u0443\u0433\u0438\u0435 \u043c\u0435\u0440\u043e\u043f\u0440\u0438\u044f\u0442\u0438\u044f, \u043e \u043a\u043e\u0442\u043e\u0440\u044b\u0445 \u0432\u044b \u043c\u043e\u0436\u0435\u0442\u0435 \u043f\u0440\u043e\u0447\u0438\u0442\u0430\u0442\u044c \u043f\u043e\u0434\u0440\u043e\u0431\u043d\u0435\u0435 na \u0441\u0442\u0440\u0430\u043d\u0438\u0446e \u043c\u0435\u0440\u043e\u043f\u0440\u0438\u044f\u0442\u0438\u0439.<br \/>\n\u0418\u0437\u0431\u0430 \u0441\u0442\u0430\u0440\u0438\u043a\u0430 \u041f\u0443\u0443\u043a\u043e \u043d\u0430 \u0445\u043e\u043b\u043c\u0435 \u041f\u0430\u0434\u0430\u0441oo \u043f\u0435\u0440\u0435\u0434\u0430\u0451\u0442 \u0430\u0442\u043c\u043e\u0441\u0444\u0435\u0440\u0443 \u043f\u0440\u043e\u0448\u043b\u043e\u0433\u043e \u0432\u0435\u043a\u0430. \u041d\u0430 \u0437\u0430\u0434\u043d\u0435\u043c \u0434\u0432\u043e\u0440\u0435 \u0433\u0443\u043b\u044f\u044e\u0442 \u0434\u043e\u043c\u0430\u0448\u043d\u0438\u0435 \u0436\u0438\u0432\u043e\u0442\u043d\u044b\u0435 \u0438 \u043a\u043e\u043f\u043e\u0448\u0430\u0442\u0441\u044f \u043a\u0443\u0440\u044b. \u041f\u043e \u043f\u0440\u0435\u0434\u0432\u0430\u0440\u0438\u0442\u0435\u043b\u044c\u043d\u043e\u0439 \u0437\u0430\u043f\u0438\u0441\u0438 \u043f\u043e\u0441\u0435\u0442\u0438\u0442\u0435\u043b\u0438 \u043c\u043e\u0433\u0443\u0442 \u043f\u043e\u0441\u0435\u0442\u0438\u0442\u044c \u0431\u0430\u043d\u044e \u201e\u043f\u043e-\u0447\u0451\u0440\u043d\u043e\u043c\u0443\u201c. \u0412\u0434\u043e\u043b\u044c \u043b\u0435\u0441\u043d\u044b\u0445 \u0442\u0440\u043e\u043f \u0437\u0434\u0435\u0441\u044c \u0438 \u0442\u0430\u043c \u0440\u0430\u0437\u0431\u0440\u043e\u0441\u0430\u043d\u044b \u0434\u0435\u0440\u0435\u0432\u044f\u043d\u043d\u044b\u0435 \u0441\u043a\u0443\u043b\u044c\u043f\u0442\u0443\u0440\u044b.<\/p>\n<p>\u0412 \u043b\u0435\u0441\u0430\u0445 \u041f\u043e\u043a\u0443\u043c\u0430\u0430 \u0435\u0441\u0442\u044c \u043f\u044f\u0442\u044c \u043c\u0430\u0440\u0448\u0440\u0443\u0442\u043e\u0432. \u0423\u0447\u0435\u0431\u043d\u0430\u044f \u0442\u0440\u043e\u043f\u0430 Laanetarga (\u0417\u043d\u0430\u0442\u043e\u043a \u043b\u0435\u0441\u0430) \u043d\u0430\u0447\u0438\u043d\u0430\u0435\u0442\u0441\u044f \u0441\u0440\u0430\u0437\u0443 \u0437\u0430 \u041f\u043e\u043a\u0443\u0434\u043e\u043c\u043e\u043c \u0438 \u043f\u043e\u0441\u0432\u044f\u0449\u0430\u0435\u0442\u0441\u044f \u044d\u043a\u043e\u043b\u043e\u0433\u0438\u0447\u0435\u0441\u043a\u0438 \u0447\u0438\u0441\u0442\u043e\u043c\u0443 \u0438\u0441\u043f\u043e\u043b\u044c\u0437\u043e\u0432\u0430\u043d\u0438\u044e \u043b\u0435\u0441\u0430. \u0412\u0435\u0441\u043d\u043e\u0439 2019 \u0433\u043e\u0434\u0430 \u0432 \u042d\u0441\u0442\u043e\u043d\u0438\u0438 \u0432 \u041f\u043e\u043a\u0443\u043c\u0430\u0430 \u0441\u043e\u0437\u0434\u0430\u043d\u0430 \u043f\u0435\u0440\u0432\u0430\u044f \u043f\u043e\u0441\u0442\u043e\u044f\u043d\u043d\u0430\u044f \u0434\u0435\u043c\u043e\u043d\u0441\u0442\u0440\u0430\u0446\u0438\u043e\u043d\u043d\u0430\u044f \u043b\u0435\u0441\u043d\u0430\u044f \u0437\u043e\u043d\u0430. \u0421\u043e\u0432\u0440\u0435\u043c\u0435\u043d\u043d\u043e\u0435 \u044d\u043b\u0435\u043a\u0442\u0440\u043e\u043d\u043d\u043e\u0435 \u043f\u0440\u0438\u043b\u043e\u0436\u0435\u043d\u0438\u0435 \u201cPokumaa\u201d \u043e\u0431\u044a\u044f\u0441\u043d\u044f\u0435\u0442 \u043d\u0430 \u0447\u0442\u043e \u043e\u0431\u0440\u0430\u0442\u0438\u0442\u044a \u0432\u043d\u0438\u043c\u0430\u043d\u0438\u0435 \u0438 \u043f\u043e\u043c\u043e\u0433\u0430\u0435\u0442 \u0441\u043e\u0440\u0438\u0435\u043d\u0442\u0438\u0440\u043e\u0432\u0430\u0442\u044c\u044f \u043d\u0430 \u0442\u0435\u0440\u0440\u0438\u0442\u043e\u0440\u0438\u0438 \u043f\u0430\u0440\u043a\u0430.<\/p>\n<p>\u0420\u0438\u0441\u0443\u043d\u043a\u0438 \u043d\u0430 \u0434\u043e\u0440\u043e\u0436\u043d\u044b\u0445 \u0437\u043d\u0430\u043a\u0430\u0445 \u0441\u0434\u0435\u043b\u0430\u043d\u044b \u042d\u0434\u0433\u0430\u0440\u043e\u043c \u0412\u0430\u043b\u044c\u0442\u0435\u0440\u043e\u043c.<\/p>\n<p>\u0412 \u0425\u0430\u0443\u043a\u0430 \u0432\u044b \u043c\u043e\u0436\u0435\u0442\u0435 \u043f\u043e\u043a\u0430\u0447\u0430\u0442\u044c\u0441\u044f \u043d\u0430 \u0431\u043e\u043b\u044c\u0448\u0438\u0445 \u043a\u0430\u0447\u0435\u043b\u044f\u0445, \u043f\u043e\u0440\u0430\u0437\u043c\u044b\u0448\u043b\u044f\u0442\u044c \u0432 \u0432\u0438\u0433\u0432\u0430\u043ce \u0438\u043b\u0438 \u0443\u0441\u0442\u0440\u043e\u0438\u0442\u044c \u043f\u0438\u043a\u043d\u0438\u043a \u0441 \u0434\u0440\u0443\u0437\u044c\u044f\u043c\u0438<\/p>\n<p>\u0422\u0430\u043c \u0436\u0435 \u0435\u0441\u0442\u044c \u0441\u043c\u043e\u0442\u0440\u043e\u0432\u0430\u044f \u0432\u044b\u0448\u043a\u0430. \u0412 \u043a\u0443\u0441\u0442\u0430\u0440\u043d\u0438\u043a\u0435 \u0441\u043f\u0440\u044f\u0442\u0430\u043d \u0442\u0443\u0430\u043b\u0435\u0442. \u0412\u0441\u0435 \u043e\u0431\u044a\u0435\u043a\u0442\u044b \u043f\u043e\u0441\u0442\u0440\u043e\u0435\u043d\u044b \u043f\u043e \u044d\u0441\u043a\u0438\u0430\u043c \u0441\u0430\u043c\u043e\u0433\u043e \u042d\u0434\u0433\u0430\u0440\u0430 \u0412\u0430\u043b\u044c\u0442\u0435\u0440\u0430.<\/p>\n<p><b>\u0420\u044f\u0434\u043e\u043c \u0432\u044b \u0432\u0438\u0434\u0438\u0442\u0435 \u041f\u043e\u043a\u0443\u043c\u0430\u0430 \u043a\u0430\u043a \u043c\u0435\u0447\u0442\u0430\u043b \u043e \u043d\u0435\u0439 \u042d\u0434\u0433\u0430\u0440 \u0412\u0430\u043b\u044c\u0442\u0435\u0440. \u041d\u0430\u0448\u0435 \u0441\u0442\u0440\u0435\u043c\u043b\u0435\u043d\u0438\u0435 &#8212; \u043e\u0441\u0443\u0449\u0435\u0441\u0442\u0432\u0438\u0442\u044c \u043c\u0435\u0447\u0442\u0443 \u0445\u0443\u0434\u043e\u0436\u043d\u0438\u043a\u0430.<\/b><\/p>\n<\/div><\/div><\/div><div class=\"fusion-layout-column fusion_builder_column fusion-builder-column-2 fusion_builder_column_1_2 1_2 fusion-flex-column\" style=\"--awb-bg-size:cover;--awb-width-large:50%;--awb-margin-top-large:0px;--awb-spacing-right-large:3.84%;--awb-margin-bottom-large:20px;--awb-spacing-left-large:3.84%;--awb-width-medium:50%;--awb-order-medium:0;--awb-spacing-right-medium:3.84%;--awb-spacing-left-medium:3.84%;--awb-width-small:100%;--awb-order-small:0;--awb-spacing-right-small:1.92%;--awb-spacing-left-small:1.92%;\"><div class=\"fusion-column-wrapper fusion-column-has-shadow fusion-flex-justify-content-flex-start fusion-content-layout-column\"><div class=\"fusion-video fusion-youtube\" style=\"--awb-max-width:600px;--awb-max-height:360px;\"><div class=\"video-shortcode\"><lite-youtube videoid=\"TxwazZJtr58\" class=\"landscape\" params=\"wmode=transparent&autoplay=1&amp;enablejsapi=1\" title=\"YouTube video player 1\" data-button-label=\"Play Video\" width=\"600\" height=\"360\" data-thumbnail-size=\"auto\" data-no-cookie=\"on\"><\/lite-youtube><\/div><\/div><div class=\"fusion-image-element \" style=\"--awb-liftup-border-radius:0px;--awb-margin-top:20px;--awb-caption-title-font-family:var(--h2_typography-font-family);--awb-caption-title-font-weight:var(--h2_typography-font-weight);--awb-caption-title-font-style:var(--h2_typography-font-style);--awb-caption-title-size:var(--h2_typography-font-size);--awb-caption-title-transform:var(--h2_typography-text-transform);--awb-caption-title-line-height:var(--h2_typography-line-height);--awb-caption-title-letter-spacing:var(--h2_typography-letter-spacing);\"><div class=\"awb-image-frame awb-image-frame-1 imageframe-liftup\"><span class=\" fusion-imageframe imageframe-none imageframe-1\"><a href=\"https:\/\/www.pokumaa.ee\/wp-content\/uploads\/2021\/07\/active_map.jpeg\" class=\"fusion-lightbox\" data-rel=\"iLightbox[76f504267b7cca2e555]\" data-title=\"active_map\" title=\"active_map\"><img decoding=\"async\" width=\"580\" height=\"615\" alt=\"Edgar Valteri unistus Pokumaast kus on olemas nii Pokukoja k\u00fclastus- ja infokeskus, kui toimivad talud Padasoom\u00e4el ja Haukal, p\u00f5lismets koos pokude ning ohtrate metsloomadega kes k\u00f5ik tunnevad ennast imeliselt. \" src=\"https:\/\/www.pokumaa.ee\/wp-content\/uploads\/2021\/07\/active_map.jpeg\" class=\"img-responsive wp-image-1310\" srcset=\"https:\/\/www.pokumaa.ee\/wp-content\/uploads\/2021\/07\/active_map-200x212.jpeg 200w, https:\/\/www.pokumaa.ee\/wp-content\/uploads\/2021\/07\/active_map-400x424.jpeg 400w, https:\/\/www.pokumaa.ee\/wp-content\/uploads\/2021\/07\/active_map.jpeg 580w\" sizes=\"(max-width: 640px) 100vw, 580px\" \/><\/a><\/span><\/div><\/div><\/div><\/div><\/div><\/div><div class=\"fusion-fullwidth fullwidth-box fusion-builder-row-2 fusion-flex-container nonhundred-percent-fullwidth non-hundred-percent-height-scrolling\" style=\"--awb-border-radius-top-left:0px;--awb-border-radius-top-right:0px;--awb-border-radius-bottom-right:0px;--awb-border-radius-bottom-left:0px;--awb-margin-top:30px;--awb-flex-wrap:wrap;\" ><div class=\"fusion-builder-row fusion-row fusion-flex-align-items-center fusion-flex-justify-content-center fusion-flex-content-wrap\" style=\"max-width:1248px;margin-left: calc(-4% \/ 2 );margin-right: calc(-4% \/ 2 );\"><div class=\"fusion-layout-column fusion_builder_column fusion-builder-column-3 fusion_builder_column_3_4 3_4 fusion-flex-column\" style=\"--awb-bg-size:cover;--awb-width-large:75%;--awb-margin-top-large:0px;--awb-spacing-right-large:2.56%;--awb-margin-bottom-large:20px;--awb-spacing-left-large:2.56%;--awb-width-medium:75%;--awb-order-medium:0;--awb-spacing-right-medium:2.56%;--awb-spacing-left-medium:2.56%;--awb-width-small:100%;--awb-order-small:0;--awb-spacing-right-small:1.92%;--awb-spacing-left-small:1.92%;\"><div class=\"fusion-column-wrapper fusion-column-has-shadow fusion-flex-justify-content-flex-start fusion-content-layout-column\"><div class=\"fusion-video fusion-youtube\" style=\"--awb-max-width:600px;--awb-max-height:360px;--awb-align-self:center;--awb-width:100%;\"><div class=\"video-shortcode\"><lite-youtube videoid=\"cdJJDkuMVn4\" class=\"landscape\" params=\"wmode=transparent&autoplay=1&amp;enablejsapi=1\" title=\"YouTube video player 2\" data-button-label=\"Play Video\" width=\"600\" height=\"360\" data-thumbnail-size=\"auto\" data-no-cookie=\"on\"><\/lite-youtube><\/div><\/div><\/div><\/div><\/div><\/div><\/p>\n","protected":false},"excerpt":{"rendered":"","protected":false},"author":1,"featured_media":0,"parent":0,"menu_order":0,"comment_status":"closed","ping_status":"closed","template":"","meta":{"footnotes":""},"class_list":["post-1720","page","type-page","status-publish","hentry"],"yoast_head":"<!-- This site is optimized with the Yoast SEO plugin v27.4 - https:\/\/yoast.com\/product\/yoast-seo-wordpress\/ -->\n<title>\u0422\u0435\u043c\u0430\u0442\u0438\u0447\u0435\u0441\u043a\u0438\u0439 \u043f\u0430\u0440\u043a \u041f\u043e\u043a\u0443\u043c\u0430\u0430 - Pokumaa<\/title>\n<meta name=\"robots\" content=\"index, follow, max-snippet:-1, max-image-preview:large, max-video-preview:-1\" \/>\n<link rel=\"canonical\" href=\"https:\/\/www.pokumaa.ee\/ru\/tematiceskij-park-pokumaa\/\" \/>\n<meta property=\"og:locale\" content=\"ru_RU\" \/>\n<meta property=\"og:type\" content=\"article\" \/>\n<meta property=\"og:title\" content=\"\u0422\u0435\u043c\u0430\u0442\u0438\u0447\u0435\u0441\u043a\u0438\u0439 \u043f\u0430\u0440\u043a \u041f\u043e\u043a\u0443\u043c\u0430\u0430 - Pokumaa\" \/>\n<meta property=\"og:url\" content=\"https:\/\/www.pokumaa.ee\/ru\/tematiceskij-park-pokumaa\/\" \/>\n<meta property=\"og:site_name\" content=\"Pokumaa\" \/>\n<meta property=\"article:publisher\" content=\"https:\/\/www.facebook.com\/Pokumaa\" \/>\n<meta property=\"article:modified_time\" content=\"2021-10-05T12:22:03+00:00\" \/>\n<meta name=\"twitter:card\" content=\"summary_large_image\" \/>\n<meta name=\"twitter:label1\" content=\"\u041f\u0440\u0438\u043c\u0435\u0440\u043d\u043e\u0435 \u0432\u0440\u0435\u043c\u044f \u0434\u043b\u044f \u0447\u0442\u0435\u043d\u0438\u044f\" \/>\n\t<meta name=\"twitter:data1\" content=\"8 \u043c\u0438\u043d\u0443\u0442\" \/>\n<script type=\"application\/ld+json\" class=\"yoast-schema-graph\">{\"@context\":\"https:\\\/\\\/schema.org\",\"@graph\":[{\"@type\":\"WebPage\",\"@id\":\"https:\\\/\\\/www.pokumaa.ee\\\/ru\\\/tematiceskij-park-pokumaa\\\/\",\"url\":\"https:\\\/\\\/www.pokumaa.ee\\\/ru\\\/tematiceskij-park-pokumaa\\\/\",\"name\":\"\u0422\u0435\u043c\u0430\u0442\u0438\u0447\u0435\u0441\u043a\u0438\u0439 \u043f\u0430\u0440\u043a \u041f\u043e\u043a\u0443\u043c\u0430\u0430 - Pokumaa\",\"isPartOf\":{\"@id\":\"https:\\\/\\\/www.pokumaa.ee\\\/ru\\\/#website\"},\"datePublished\":\"2021-10-05T12:17:46+00:00\",\"dateModified\":\"2021-10-05T12:22:03+00:00\",\"breadcrumb\":{\"@id\":\"https:\\\/\\\/www.pokumaa.ee\\\/ru\\\/tematiceskij-park-pokumaa\\\/#breadcrumb\"},\"inLanguage\":\"ru-RU\",\"potentialAction\":[{\"@type\":\"ReadAction\",\"target\":[\"https:\\\/\\\/www.pokumaa.ee\\\/ru\\\/tematiceskij-park-pokumaa\\\/\"]}]},{\"@type\":\"BreadcrumbList\",\"@id\":\"https:\\\/\\\/www.pokumaa.ee\\\/ru\\\/tematiceskij-park-pokumaa\\\/#breadcrumb\",\"itemListElement\":[{\"@type\":\"ListItem\",\"position\":1,\"name\":\"Home\",\"item\":\"https:\\\/\\\/www.pokumaa.ee\\\/ru\\\/\"},{\"@type\":\"ListItem\",\"position\":2,\"name\":\"\u0422\u0435\u043c\u0430\u0442\u0438\u0447\u0435\u0441\u043a\u0438\u0439 \u043f\u0430\u0440\u043a \u041f\u043e\u043a\u0443\u043c\u0430\u0430\"}]},{\"@type\":\"WebSite\",\"@id\":\"https:\\\/\\\/www.pokumaa.ee\\\/ru\\\/#website\",\"url\":\"https:\\\/\\\/www.pokumaa.ee\\\/ru\\\/\",\"name\":\"Pokumaa\",\"description\":\"Pokumaa ja e-pood\",\"publisher\":{\"@id\":\"https:\\\/\\\/www.pokumaa.ee\\\/ru\\\/#organization\"},\"potentialAction\":[{\"@type\":\"SearchAction\",\"target\":{\"@type\":\"EntryPoint\",\"urlTemplate\":\"https:\\\/\\\/www.pokumaa.ee\\\/ru\\\/?s={search_term_string}\"},\"query-input\":{\"@type\":\"PropertyValueSpecification\",\"valueRequired\":true,\"valueName\":\"search_term_string\"}}],\"inLanguage\":\"ru-RU\"},{\"@type\":\"Organization\",\"@id\":\"https:\\\/\\\/www.pokumaa.ee\\\/ru\\\/#organization\",\"name\":\"Pokumaa\",\"url\":\"https:\\\/\\\/www.pokumaa.ee\\\/ru\\\/\",\"logo\":{\"@type\":\"ImageObject\",\"inLanguage\":\"ru-RU\",\"@id\":\"https:\\\/\\\/www.pokumaa.ee\\\/ru\\\/#\\\/schema\\\/logo\\\/image\\\/\",\"url\":\"https:\\\/\\\/pokumaa.ee\\\/wp-content\\\/uploads\\\/2021\\\/04\\\/logo60-punane.png\",\"contentUrl\":\"https:\\\/\\\/pokumaa.ee\\\/wp-content\\\/uploads\\\/2021\\\/04\\\/logo60-punane.png\",\"width\":292,\"height\":60,\"caption\":\"Pokumaa\"},\"image\":{\"@id\":\"https:\\\/\\\/www.pokumaa.ee\\\/ru\\\/#\\\/schema\\\/logo\\\/image\\\/\"},\"sameAs\":[\"https:\\\/\\\/www.facebook.com\\\/Pokumaa\"]}]}<\/script>\n<!-- \/ Yoast SEO plugin. -->","yoast_head_json":{"title":"\u0422\u0435\u043c\u0430\u0442\u0438\u0447\u0435\u0441\u043a\u0438\u0439 \u043f\u0430\u0440\u043a \u041f\u043e\u043a\u0443\u043c\u0430\u0430 - Pokumaa","robots":{"index":"index","follow":"follow","max-snippet":"max-snippet:-1","max-image-preview":"max-image-preview:large","max-video-preview":"max-video-preview:-1"},"canonical":"https:\/\/www.pokumaa.ee\/ru\/tematiceskij-park-pokumaa\/","og_locale":"ru_RU","og_type":"article","og_title":"\u0422\u0435\u043c\u0430\u0442\u0438\u0447\u0435\u0441\u043a\u0438\u0439 \u043f\u0430\u0440\u043a \u041f\u043e\u043a\u0443\u043c\u0430\u0430 - Pokumaa","og_url":"https:\/\/www.pokumaa.ee\/ru\/tematiceskij-park-pokumaa\/","og_site_name":"Pokumaa","article_publisher":"https:\/\/www.facebook.com\/Pokumaa","article_modified_time":"2021-10-05T12:22:03+00:00","twitter_card":"summary_large_image","twitter_misc":{"\u041f\u0440\u0438\u043c\u0435\u0440\u043d\u043e\u0435 \u0432\u0440\u0435\u043c\u044f \u0434\u043b\u044f \u0447\u0442\u0435\u043d\u0438\u044f":"8 \u043c\u0438\u043d\u0443\u0442"},"schema":{"@context":"https:\/\/schema.org","@graph":[{"@type":"WebPage","@id":"https:\/\/www.pokumaa.ee\/ru\/tematiceskij-park-pokumaa\/","url":"https:\/\/www.pokumaa.ee\/ru\/tematiceskij-park-pokumaa\/","name":"\u0422\u0435\u043c\u0430\u0442\u0438\u0447\u0435\u0441\u043a\u0438\u0439 \u043f\u0430\u0440\u043a \u041f\u043e\u043a\u0443\u043c\u0430\u0430 - Pokumaa","isPartOf":{"@id":"https:\/\/www.pokumaa.ee\/ru\/#website"},"datePublished":"2021-10-05T12:17:46+00:00","dateModified":"2021-10-05T12:22:03+00:00","breadcrumb":{"@id":"https:\/\/www.pokumaa.ee\/ru\/tematiceskij-park-pokumaa\/#breadcrumb"},"inLanguage":"ru-RU","potentialAction":[{"@type":"ReadAction","target":["https:\/\/www.pokumaa.ee\/ru\/tematiceskij-park-pokumaa\/"]}]},{"@type":"BreadcrumbList","@id":"https:\/\/www.pokumaa.ee\/ru\/tematiceskij-park-pokumaa\/#breadcrumb","itemListElement":[{"@type":"ListItem","position":1,"name":"Home","item":"https:\/\/www.pokumaa.ee\/ru\/"},{"@type":"ListItem","position":2,"name":"\u0422\u0435\u043c\u0430\u0442\u0438\u0447\u0435\u0441\u043a\u0438\u0439 \u043f\u0430\u0440\u043a \u041f\u043e\u043a\u0443\u043c\u0430\u0430"}]},{"@type":"WebSite","@id":"https:\/\/www.pokumaa.ee\/ru\/#website","url":"https:\/\/www.pokumaa.ee\/ru\/","name":"Pokumaa","description":"Pokumaa ja e-pood","publisher":{"@id":"https:\/\/www.pokumaa.ee\/ru\/#organization"},"potentialAction":[{"@type":"SearchAction","target":{"@type":"EntryPoint","urlTemplate":"https:\/\/www.pokumaa.ee\/ru\/?s={search_term_string}"},"query-input":{"@type":"PropertyValueSpecification","valueRequired":true,"valueName":"search_term_string"}}],"inLanguage":"ru-RU"},{"@type":"Organization","@id":"https:\/\/www.pokumaa.ee\/ru\/#organization","name":"Pokumaa","url":"https:\/\/www.pokumaa.ee\/ru\/","logo":{"@type":"ImageObject","inLanguage":"ru-RU","@id":"https:\/\/www.pokumaa.ee\/ru\/#\/schema\/logo\/image\/","url":"https:\/\/pokumaa.ee\/wp-content\/uploads\/2021\/04\/logo60-punane.png","contentUrl":"https:\/\/pokumaa.ee\/wp-content\/uploads\/2021\/04\/logo60-punane.png","width":292,"height":60,"caption":"Pokumaa"},"image":{"@id":"https:\/\/www.pokumaa.ee\/ru\/#\/schema\/logo\/image\/"},"sameAs":["https:\/\/www.facebook.com\/Pokumaa"]}]}},"_links":{"self":[{"href":"https:\/\/www.pokumaa.ee\/ru\/wp-json\/wp\/v2\/pages\/1720","targetHints":{"allow":["GET"]}}],"collection":[{"href":"https:\/\/www.pokumaa.ee\/ru\/wp-json\/wp\/v2\/pages"}],"about":[{"href":"https:\/\/www.pokumaa.ee\/ru\/wp-json\/wp\/v2\/types\/page"}],"author":[{"embeddable":true,"href":"https:\/\/www.pokumaa.ee\/ru\/wp-json\/wp\/v2\/users\/1"}],"replies":[{"embeddable":true,"href":"https:\/\/www.pokumaa.ee\/ru\/wp-json\/wp\/v2\/comments?post=1720"}],"version-history":[{"count":10,"href":"https:\/\/www.pokumaa.ee\/ru\/wp-json\/wp\/v2\/pages\/1720\/revisions"}],"predecessor-version":[{"id":1730,"href":"https:\/\/www.pokumaa.ee\/ru\/wp-json\/wp\/v2\/pages\/1720\/revisions\/1730"}],"wp:attachment":[{"href":"https:\/\/www.pokumaa.ee\/ru\/wp-json\/wp\/v2\/media?parent=1720"}],"curies":[{"name":"wp","href":"https:\/\/api.w.org\/{rel}","templated":true}]}}