{"id":3287,"date":"2023-06-19T15:07:29","date_gmt":"2023-06-19T12:07:29","guid":{"rendered":"https:\/\/www.pokumaa.ee\/?post_type=product&#038;p=3287"},"modified":"2024-04-02T12:01:38","modified_gmt":"2024-04-02T09:01:38","slug":"k-leppik-unenaolised-hetked-vaikese-eesti-laanerannikul","status":"publish","type":"product","link":"https:\/\/www.pokumaa.ee\/ru\/toode\/k-leppik-unenaolised-hetked-vaikese-eesti-laanerannikul\/","title":{"rendered":"K. Leppik &#187; Unen\u00e4olised hetked v\u00e4ikese Eesti L\u00e4\u00e4nerannikul&#187;"},"content":{"rendered":"<p>L\u00e4\u00e4nerannikul peatuvad r\u00e4ndlinnud. Peatume meiegi. Siinne valgus on eriline. See meid vist esmalt v\u00f5luski. N\u00fc\u00fcd oleme siin vanad tuttavad. Ahmime endasse hetki ja muljeid. Igal aastal on need omamoodi, aga ikka veidi unen\u00e4olised.Ei teagi, miks. See v\u00f5lumaail, mis \u00fcmberringi, k\u00fctkestab iga\u00fcht, kes seda n\u00e4eb ja tajub. Tulge selle maailma k\u00fclalisteks ja veenduge ise!<\/p>\n<p>&nbsp;<\/p>\n<p>Edgar Valteri p\u00e4randihoidja poolt ilmunud k\u00f5vade kaantega raamat on eesti ja inglise keelne.<\/p>\n<p>104lk 28x 21,5 cm<\/p>\n","protected":false},"excerpt":{"rendered":"<p>L\u00e4\u00e4nerannikul peatuvad r\u00e4ndlinnud. Peatume meiegi. Siinne valgus on eriline. See  [&#8230;]<\/p>\n","protected":false},"featured_media":3262,"template":"","meta":[],"product_brand":[],"product_cat":[21],"product_tag":[],"class_list":{"0":"post-3287","1":"product","2":"type-product","3":"status-publish","4":"has-post-thumbnail","6":"product_cat-raamat","8":"first","9":"instock","10":"taxable","11":"shipping-taxable","12":"purchasable","13":"product-type-simple"},"yoast_head":"<!-- This site is optimized with the Yoast SEO plugin v27.3 - https:\/\/yoast.com\/product\/yoast-seo-wordpress\/ -->\n<title>K. Leppik &quot; Unen\u00e4olised hetked v\u00e4ikese Eesti L\u00e4\u00e4nerannikul&quot; - Pokumaa<\/title>\n<meta name=\"description\" content=\"L\u00e4\u00e4nerannikul peatuvad r\u00e4ndlinnud. Peatume meiegi. Siinne valgus on eriline. See meid vist esmalt v\u00f5luski. N\u00fc\u00fcd oleme siin vanad tuttavad. Ahmime endasse hetki ja muljeid. Igal aastal on need omamoodi, aga ikka veidi unen\u00e4olised.Ei teagi, miks. See v\u00f5lumaail, mis \u00fcmberringi, k\u00fctkestab iga\u00fcht, kes seda n\u00e4eb ja tajub. Tulge selle maailma k\u00fclalisteks ja veenduge ise! Vabakutselise kunstniku K\u00fclli Leppiku kaunite loodusfotodega unen\u00e4oline r\u00e4nnakuraamat.\" \/>\n<meta name=\"robots\" content=\"index, follow, max-snippet:-1, max-image-preview:large, max-video-preview:-1\" \/>\n<link rel=\"canonical\" href=\"https:\/\/www.pokumaa.ee\/toode\/k-leppik-unenaolised-hetked-vaikese-eesti-laanerannikul\/\" \/>\n<meta property=\"og:locale\" content=\"ru_RU\" \/>\n<meta property=\"og:type\" content=\"article\" \/>\n<meta property=\"og:title\" content=\"K. Leppik &quot; Unen\u00e4olised hetked v\u00e4ikese Eesti L\u00e4\u00e4nerannikul&quot; - Pokumaa\" \/>\n<meta property=\"og:description\" content=\"L\u00e4\u00e4nerannikul peatuvad r\u00e4ndlinnud. Peatume meiegi. Siinne valgus on eriline. See meid vist esmalt v\u00f5luski. N\u00fc\u00fcd oleme siin vanad tuttavad. Ahmime endasse hetki ja muljeid. Igal aastal on need omamoodi, aga ikka veidi unen\u00e4olised.Ei teagi, miks. See v\u00f5lumaail, mis \u00fcmberringi, k\u00fctkestab iga\u00fcht, kes seda n\u00e4eb ja tajub. Tulge selle maailma k\u00fclalisteks ja veenduge ise! Vabakutselise kunstniku K\u00fclli Leppiku kaunite loodusfotodega unen\u00e4oline r\u00e4nnakuraamat.\" \/>\n<meta property=\"og:url\" content=\"https:\/\/www.pokumaa.ee\/toode\/k-leppik-unenaolised-hetked-vaikese-eesti-laanerannikul\/\" \/>\n<meta property=\"og:site_name\" content=\"Pokumaa\" \/>\n<meta property=\"article:publisher\" content=\"https:\/\/www.facebook.com\/Pokumaa\" \/>\n<meta property=\"article:modified_time\" content=\"2024-04-02T09:01:38+00:00\" \/>\n<meta property=\"og:image\" content=\"https:\/\/www.pokumaa.ee\/wp-content\/uploads\/2023\/06\/352885018_792665252399458_4230346197133033268_n.jpg\" \/>\n\t<meta property=\"og:image:width\" content=\"1494\" \/>\n\t<meta property=\"og:image:height\" content=\"2048\" \/>\n\t<meta property=\"og:image:type\" content=\"image\/jpeg\" \/>\n<meta name=\"twitter:card\" content=\"summary_large_image\" \/>\n<meta name=\"twitter:label1\" content=\"\u041f\u0440\u0438\u043c\u0435\u0440\u043d\u043e\u0435 \u0432\u0440\u0435\u043c\u044f \u0434\u043b\u044f \u0447\u0442\u0435\u043d\u0438\u044f\" \/>\n\t<meta name=\"twitter:data1\" content=\"1 \u043c\u0438\u043d\u0443\u0442\u0430\" \/>\n<script type=\"application\/ld+json\" class=\"yoast-schema-graph\">{\"@context\":\"https:\\\/\\\/schema.org\",\"@graph\":[{\"@type\":\"WebPage\",\"@id\":\"https:\\\/\\\/www.pokumaa.ee\\\/toode\\\/k-leppik-unenaolised-hetked-vaikese-eesti-laanerannikul\\\/\",\"url\":\"https:\\\/\\\/www.pokumaa.ee\\\/toode\\\/k-leppik-unenaolised-hetked-vaikese-eesti-laanerannikul\\\/\",\"name\":\"K. Leppik \\\" Unen\u00e4olised hetked v\u00e4ikese Eesti L\u00e4\u00e4nerannikul\\\" - Pokumaa\",\"isPartOf\":{\"@id\":\"https:\\\/\\\/www.pokumaa.ee\\\/ru\\\/#website\"},\"primaryImageOfPage\":{\"@id\":\"https:\\\/\\\/www.pokumaa.ee\\\/toode\\\/k-leppik-unenaolised-hetked-vaikese-eesti-laanerannikul\\\/#primaryimage\"},\"image\":{\"@id\":\"https:\\\/\\\/www.pokumaa.ee\\\/toode\\\/k-leppik-unenaolised-hetked-vaikese-eesti-laanerannikul\\\/#primaryimage\"},\"thumbnailUrl\":\"https:\\\/\\\/www.pokumaa.ee\\\/wp-content\\\/uploads\\\/2023\\\/06\\\/352885018_792665252399458_4230346197133033268_n.jpg\",\"datePublished\":\"2023-06-19T12:07:29+00:00\",\"dateModified\":\"2024-04-02T09:01:38+00:00\",\"description\":\"L\u00e4\u00e4nerannikul peatuvad r\u00e4ndlinnud. Peatume meiegi. Siinne valgus on eriline. See meid vist esmalt v\u00f5luski. N\u00fc\u00fcd oleme siin vanad tuttavad. Ahmime endasse hetki ja muljeid. Igal aastal on need omamoodi, aga ikka veidi unen\u00e4olised.Ei teagi, miks. See v\u00f5lumaail, mis \u00fcmberringi, k\u00fctkestab iga\u00fcht, kes seda n\u00e4eb ja tajub. Tulge selle maailma k\u00fclalisteks ja veenduge ise! Vabakutselise kunstniku K\u00fclli Leppiku kaunite loodusfotodega unen\u00e4oline r\u00e4nnakuraamat.\",\"breadcrumb\":{\"@id\":\"https:\\\/\\\/www.pokumaa.ee\\\/toode\\\/k-leppik-unenaolised-hetked-vaikese-eesti-laanerannikul\\\/#breadcrumb\"},\"inLanguage\":\"ru-RU\",\"potentialAction\":[{\"@type\":\"ReadAction\",\"target\":[\"https:\\\/\\\/www.pokumaa.ee\\\/toode\\\/k-leppik-unenaolised-hetked-vaikese-eesti-laanerannikul\\\/\"]}]},{\"@type\":\"ImageObject\",\"inLanguage\":\"ru-RU\",\"@id\":\"https:\\\/\\\/www.pokumaa.ee\\\/toode\\\/k-leppik-unenaolised-hetked-vaikese-eesti-laanerannikul\\\/#primaryimage\",\"url\":\"https:\\\/\\\/www.pokumaa.ee\\\/wp-content\\\/uploads\\\/2023\\\/06\\\/352885018_792665252399458_4230346197133033268_n.jpg\",\"contentUrl\":\"https:\\\/\\\/www.pokumaa.ee\\\/wp-content\\\/uploads\\\/2023\\\/06\\\/352885018_792665252399458_4230346197133033268_n.jpg\",\"width\":1494,\"height\":2048},{\"@type\":\"BreadcrumbList\",\"@id\":\"https:\\\/\\\/www.pokumaa.ee\\\/toode\\\/k-leppik-unenaolised-hetked-vaikese-eesti-laanerannikul\\\/#breadcrumb\",\"itemListElement\":[{\"@type\":\"ListItem\",\"position\":1,\"name\":\"Home\",\"item\":\"https:\\\/\\\/www.pokumaa.ee\\\/ru\\\/\"},{\"@type\":\"ListItem\",\"position\":2,\"name\":\"\u041c\u0430\u0433\u0430\u0437\u0438\u043d\",\"item\":\"https:\\\/\\\/www.pokumaa.ee\\\/ru\\\/%d0%bc%d0%b0%d0%b3%d0%b0%d0%b7%d0%b8%d0%bd\\\/\"},{\"@type\":\"ListItem\",\"position\":3,\"name\":\"K. Leppik &#8221; Unen\u00e4olised hetked v\u00e4ikese Eesti L\u00e4\u00e4nerannikul&#8221;\"}]},{\"@type\":\"WebSite\",\"@id\":\"https:\\\/\\\/www.pokumaa.ee\\\/ru\\\/#website\",\"url\":\"https:\\\/\\\/www.pokumaa.ee\\\/ru\\\/\",\"name\":\"Pokumaa\",\"description\":\"Pokumaa ja e-pood\",\"publisher\":{\"@id\":\"https:\\\/\\\/www.pokumaa.ee\\\/ru\\\/#organization\"},\"potentialAction\":[{\"@type\":\"SearchAction\",\"target\":{\"@type\":\"EntryPoint\",\"urlTemplate\":\"https:\\\/\\\/www.pokumaa.ee\\\/ru\\\/?s={search_term_string}\"},\"query-input\":{\"@type\":\"PropertyValueSpecification\",\"valueRequired\":true,\"valueName\":\"search_term_string\"}}],\"inLanguage\":\"ru-RU\"},{\"@type\":\"Organization\",\"@id\":\"https:\\\/\\\/www.pokumaa.ee\\\/ru\\\/#organization\",\"name\":\"Pokumaa\",\"url\":\"https:\\\/\\\/www.pokumaa.ee\\\/ru\\\/\",\"logo\":{\"@type\":\"ImageObject\",\"inLanguage\":\"ru-RU\",\"@id\":\"https:\\\/\\\/www.pokumaa.ee\\\/ru\\\/#\\\/schema\\\/logo\\\/image\\\/\",\"url\":\"https:\\\/\\\/pokumaa.ee\\\/wp-content\\\/uploads\\\/2021\\\/04\\\/logo60-punane.png\",\"contentUrl\":\"https:\\\/\\\/pokumaa.ee\\\/wp-content\\\/uploads\\\/2021\\\/04\\\/logo60-punane.png\",\"width\":292,\"height\":60,\"caption\":\"Pokumaa\"},\"image\":{\"@id\":\"https:\\\/\\\/www.pokumaa.ee\\\/ru\\\/#\\\/schema\\\/logo\\\/image\\\/\"},\"sameAs\":[\"https:\\\/\\\/www.facebook.com\\\/Pokumaa\"]}]}<\/script>\n<!-- \/ Yoast SEO plugin. -->","yoast_head_json":{"title":"K. Leppik \" Unen\u00e4olised hetked v\u00e4ikese Eesti L\u00e4\u00e4nerannikul\" - Pokumaa","description":"L\u00e4\u00e4nerannikul peatuvad r\u00e4ndlinnud. Peatume meiegi. Siinne valgus on eriline. See meid vist esmalt v\u00f5luski. N\u00fc\u00fcd oleme siin vanad tuttavad. Ahmime endasse hetki ja muljeid. Igal aastal on need omamoodi, aga ikka veidi unen\u00e4olised.Ei teagi, miks. See v\u00f5lumaail, mis \u00fcmberringi, k\u00fctkestab iga\u00fcht, kes seda n\u00e4eb ja tajub. Tulge selle maailma k\u00fclalisteks ja veenduge ise! Vabakutselise kunstniku K\u00fclli Leppiku kaunite loodusfotodega unen\u00e4oline r\u00e4nnakuraamat.","robots":{"index":"index","follow":"follow","max-snippet":"max-snippet:-1","max-image-preview":"max-image-preview:large","max-video-preview":"max-video-preview:-1"},"canonical":"https:\/\/www.pokumaa.ee\/toode\/k-leppik-unenaolised-hetked-vaikese-eesti-laanerannikul\/","og_locale":"ru_RU","og_type":"article","og_title":"K. Leppik \" Unen\u00e4olised hetked v\u00e4ikese Eesti L\u00e4\u00e4nerannikul\" - Pokumaa","og_description":"L\u00e4\u00e4nerannikul peatuvad r\u00e4ndlinnud. Peatume meiegi. Siinne valgus on eriline. See meid vist esmalt v\u00f5luski. N\u00fc\u00fcd oleme siin vanad tuttavad. Ahmime endasse hetki ja muljeid. Igal aastal on need omamoodi, aga ikka veidi unen\u00e4olised.Ei teagi, miks. See v\u00f5lumaail, mis \u00fcmberringi, k\u00fctkestab iga\u00fcht, kes seda n\u00e4eb ja tajub. Tulge selle maailma k\u00fclalisteks ja veenduge ise! Vabakutselise kunstniku K\u00fclli Leppiku kaunite loodusfotodega unen\u00e4oline r\u00e4nnakuraamat.","og_url":"https:\/\/www.pokumaa.ee\/toode\/k-leppik-unenaolised-hetked-vaikese-eesti-laanerannikul\/","og_site_name":"Pokumaa","article_publisher":"https:\/\/www.facebook.com\/Pokumaa","article_modified_time":"2024-04-02T09:01:38+00:00","og_image":[{"width":1494,"height":2048,"url":"https:\/\/www.pokumaa.ee\/wp-content\/uploads\/2023\/06\/352885018_792665252399458_4230346197133033268_n.jpg","type":"image\/jpeg"}],"twitter_card":"summary_large_image","twitter_misc":{"\u041f\u0440\u0438\u043c\u0435\u0440\u043d\u043e\u0435 \u0432\u0440\u0435\u043c\u044f \u0434\u043b\u044f \u0447\u0442\u0435\u043d\u0438\u044f":"1 \u043c\u0438\u043d\u0443\u0442\u0430"},"schema":{"@context":"https:\/\/schema.org","@graph":[{"@type":"WebPage","@id":"https:\/\/www.pokumaa.ee\/toode\/k-leppik-unenaolised-hetked-vaikese-eesti-laanerannikul\/","url":"https:\/\/www.pokumaa.ee\/toode\/k-leppik-unenaolised-hetked-vaikese-eesti-laanerannikul\/","name":"K. Leppik \" Unen\u00e4olised hetked v\u00e4ikese Eesti L\u00e4\u00e4nerannikul\" - Pokumaa","isPartOf":{"@id":"https:\/\/www.pokumaa.ee\/ru\/#website"},"primaryImageOfPage":{"@id":"https:\/\/www.pokumaa.ee\/toode\/k-leppik-unenaolised-hetked-vaikese-eesti-laanerannikul\/#primaryimage"},"image":{"@id":"https:\/\/www.pokumaa.ee\/toode\/k-leppik-unenaolised-hetked-vaikese-eesti-laanerannikul\/#primaryimage"},"thumbnailUrl":"https:\/\/www.pokumaa.ee\/wp-content\/uploads\/2023\/06\/352885018_792665252399458_4230346197133033268_n.jpg","datePublished":"2023-06-19T12:07:29+00:00","dateModified":"2024-04-02T09:01:38+00:00","description":"L\u00e4\u00e4nerannikul peatuvad r\u00e4ndlinnud. Peatume meiegi. Siinne valgus on eriline. See meid vist esmalt v\u00f5luski. N\u00fc\u00fcd oleme siin vanad tuttavad. Ahmime endasse hetki ja muljeid. Igal aastal on need omamoodi, aga ikka veidi unen\u00e4olised.Ei teagi, miks. See v\u00f5lumaail, mis \u00fcmberringi, k\u00fctkestab iga\u00fcht, kes seda n\u00e4eb ja tajub. Tulge selle maailma k\u00fclalisteks ja veenduge ise! Vabakutselise kunstniku K\u00fclli Leppiku kaunite loodusfotodega unen\u00e4oline r\u00e4nnakuraamat.","breadcrumb":{"@id":"https:\/\/www.pokumaa.ee\/toode\/k-leppik-unenaolised-hetked-vaikese-eesti-laanerannikul\/#breadcrumb"},"inLanguage":"ru-RU","potentialAction":[{"@type":"ReadAction","target":["https:\/\/www.pokumaa.ee\/toode\/k-leppik-unenaolised-hetked-vaikese-eesti-laanerannikul\/"]}]},{"@type":"ImageObject","inLanguage":"ru-RU","@id":"https:\/\/www.pokumaa.ee\/toode\/k-leppik-unenaolised-hetked-vaikese-eesti-laanerannikul\/#primaryimage","url":"https:\/\/www.pokumaa.ee\/wp-content\/uploads\/2023\/06\/352885018_792665252399458_4230346197133033268_n.jpg","contentUrl":"https:\/\/www.pokumaa.ee\/wp-content\/uploads\/2023\/06\/352885018_792665252399458_4230346197133033268_n.jpg","width":1494,"height":2048},{"@type":"BreadcrumbList","@id":"https:\/\/www.pokumaa.ee\/toode\/k-leppik-unenaolised-hetked-vaikese-eesti-laanerannikul\/#breadcrumb","itemListElement":[{"@type":"ListItem","position":1,"name":"Home","item":"https:\/\/www.pokumaa.ee\/ru\/"},{"@type":"ListItem","position":2,"name":"\u041c\u0430\u0433\u0430\u0437\u0438\u043d","item":"https:\/\/www.pokumaa.ee\/ru\/%d0%bc%d0%b0%d0%b3%d0%b0%d0%b7%d0%b8%d0%bd\/"},{"@type":"ListItem","position":3,"name":"K. Leppik &#8221; Unen\u00e4olised hetked v\u00e4ikese Eesti L\u00e4\u00e4nerannikul&#8221;"}]},{"@type":"WebSite","@id":"https:\/\/www.pokumaa.ee\/ru\/#website","url":"https:\/\/www.pokumaa.ee\/ru\/","name":"Pokumaa","description":"Pokumaa ja e-pood","publisher":{"@id":"https:\/\/www.pokumaa.ee\/ru\/#organization"},"potentialAction":[{"@type":"SearchAction","target":{"@type":"EntryPoint","urlTemplate":"https:\/\/www.pokumaa.ee\/ru\/?s={search_term_string}"},"query-input":{"@type":"PropertyValueSpecification","valueRequired":true,"valueName":"search_term_string"}}],"inLanguage":"ru-RU"},{"@type":"Organization","@id":"https:\/\/www.pokumaa.ee\/ru\/#organization","name":"Pokumaa","url":"https:\/\/www.pokumaa.ee\/ru\/","logo":{"@type":"ImageObject","inLanguage":"ru-RU","@id":"https:\/\/www.pokumaa.ee\/ru\/#\/schema\/logo\/image\/","url":"https:\/\/pokumaa.ee\/wp-content\/uploads\/2021\/04\/logo60-punane.png","contentUrl":"https:\/\/pokumaa.ee\/wp-content\/uploads\/2021\/04\/logo60-punane.png","width":292,"height":60,"caption":"Pokumaa"},"image":{"@id":"https:\/\/www.pokumaa.ee\/ru\/#\/schema\/logo\/image\/"},"sameAs":["https:\/\/www.facebook.com\/Pokumaa"]}]}},"_links":{"self":[{"href":"https:\/\/www.pokumaa.ee\/ru\/wp-json\/wp\/v2\/product\/3287","targetHints":{"allow":["GET"]}}],"collection":[{"href":"https:\/\/www.pokumaa.ee\/ru\/wp-json\/wp\/v2\/product"}],"about":[{"href":"https:\/\/www.pokumaa.ee\/ru\/wp-json\/wp\/v2\/types\/product"}],"wp:featuredmedia":[{"embeddable":true,"href":"https:\/\/www.pokumaa.ee\/ru\/wp-json\/wp\/v2\/media\/3262"}],"wp:attachment":[{"href":"https:\/\/www.pokumaa.ee\/ru\/wp-json\/wp\/v2\/media?parent=3287"}],"wp:term":[{"taxonomy":"product_brand","embeddable":true,"href":"https:\/\/www.pokumaa.ee\/ru\/wp-json\/wp\/v2\/product_brand?post=3287"},{"taxonomy":"product_cat","embeddable":true,"href":"https:\/\/www.pokumaa.ee\/ru\/wp-json\/wp\/v2\/product_cat?post=3287"},{"taxonomy":"product_tag","embeddable":true,"href":"https:\/\/www.pokumaa.ee\/ru\/wp-json\/wp\/v2\/product_tag?post=3287"}],"curies":[{"name":"wp","href":"https:\/\/api.w.org\/{rel}","templated":true}]}}