{"id":636,"date":"2021-07-19T10:29:54","date_gmt":"2021-07-19T10:29:54","guid":{"rendered":"https:\/\/pokumaa.ee\/?post_type=product&#038;p=636"},"modified":"2024-11-21T20:57:28","modified_gmt":"2024-11-21T18:57:28","slug":"edgar-valteri-elulooraamatu-i-osa-karid-ja-korgused","status":"publish","type":"product","link":"https:\/\/www.pokumaa.ee\/ru\/toode\/edgar-valteri-elulooraamatu-i-osa-karid-ja-korgused\/","title":{"rendered":"Edgar Valteri elulooraamatu I osa &#8212; &#171;Karid ja k\u00f5rgused&#187;"},"content":{"rendered":"<p>Edgar Valter on oma kasut\u00fctrele K\u00fclli Leppikule pajatanud m\u00e4lestusi oma elust. I ossa on mahtunud meenutused lapsep\u00f5lvest k\u00fcpse keskea k\u00fcnniseni (1929-1964).<\/p>\n<p>Meenutusi saadab rikkalik fotokogu ja v\u00e4rvierksust annab valik suurmeistri teostest.<\/p>\n<p>K\u00f5vakaanelise ja esinduslikult paberkattega raamatu m\u00f5\u00f5dud on 28 cm x 22 cm ja 366 lk.<\/p>\n<p><span class=\"styles_greyText__1qDdE\">ISBN <\/span>9789949435449<\/p>\n<p>&nbsp;<\/p>\n","protected":false},"excerpt":{"rendered":"<p>Edgar Valter on oma kasut\u00fctrele K\u00fclli Leppikule pajatanud m\u00e4lestusi oma  [&#8230;]<\/p>\n","protected":false},"featured_media":660,"template":"","meta":[],"product_brand":[],"product_cat":[21],"product_tag":[],"class_list":{"0":"post-636","1":"product","2":"type-product","3":"status-publish","4":"has-post-thumbnail","6":"product_cat-raamat","8":"first","9":"outofstock","10":"taxable","11":"shipping-taxable","12":"purchasable","13":"product-type-simple"},"yoast_head":"<!-- This site is optimized with the Yoast SEO plugin v27.3 - https:\/\/yoast.com\/product\/yoast-seo-wordpress\/ -->\n<title>Edgar Valteri elulooraamatu I osa - &quot;Karid ja k\u00f5rgused&quot; - Pokumaa<\/title>\n<meta name=\"robots\" content=\"index, follow, max-snippet:-1, max-image-preview:large, max-video-preview:-1\" \/>\n<link rel=\"canonical\" href=\"https:\/\/www.pokumaa.ee\/toode\/edgar-valteri-elulooraamatu-i-osa-karid-ja-korgused\/\" \/>\n<meta property=\"og:locale\" content=\"ru_RU\" \/>\n<meta property=\"og:type\" content=\"article\" \/>\n<meta property=\"og:title\" content=\"Edgar Valteri elulooraamatu I osa - &quot;Karid ja k\u00f5rgused&quot; - Pokumaa\" \/>\n<meta property=\"og:description\" content=\"Edgar Valter on oma kasut\u00fctrele K\u00fclli Leppikule pajatanud m\u00e4lestusi oma [...]\" \/>\n<meta property=\"og:url\" content=\"https:\/\/www.pokumaa.ee\/toode\/edgar-valteri-elulooraamatu-i-osa-karid-ja-korgused\/\" \/>\n<meta property=\"og:site_name\" content=\"Pokumaa\" \/>\n<meta property=\"article:publisher\" content=\"https:\/\/www.facebook.com\/Pokumaa\" \/>\n<meta property=\"article:modified_time\" content=\"2024-11-21T18:57:28+00:00\" \/>\n<meta property=\"og:image\" content=\"https:\/\/www.pokumaa.ee\/wp-content\/uploads\/2021\/07\/Karid-ja-korgused-scaled-1.jpg\" \/>\n\t<meta property=\"og:image:width\" content=\"1997\" \/>\n\t<meta property=\"og:image:height\" content=\"2560\" \/>\n\t<meta property=\"og:image:type\" content=\"image\/jpeg\" \/>\n<meta name=\"twitter:card\" content=\"summary_large_image\" \/>\n<meta name=\"twitter:label1\" content=\"\u041f\u0440\u0438\u043c\u0435\u0440\u043d\u043e\u0435 \u0432\u0440\u0435\u043c\u044f \u0434\u043b\u044f \u0447\u0442\u0435\u043d\u0438\u044f\" \/>\n\t<meta name=\"twitter:data1\" content=\"1 \u043c\u0438\u043d\u0443\u0442\u0430\" \/>\n<script type=\"application\/ld+json\" class=\"yoast-schema-graph\">{\"@context\":\"https:\\\/\\\/schema.org\",\"@graph\":[{\"@type\":\"WebPage\",\"@id\":\"https:\\\/\\\/www.pokumaa.ee\\\/toode\\\/edgar-valteri-elulooraamatu-i-osa-karid-ja-korgused\\\/\",\"url\":\"https:\\\/\\\/www.pokumaa.ee\\\/toode\\\/edgar-valteri-elulooraamatu-i-osa-karid-ja-korgused\\\/\",\"name\":\"Edgar Valteri elulooraamatu I osa - \\\"Karid ja k\u00f5rgused\\\" - Pokumaa\",\"isPartOf\":{\"@id\":\"https:\\\/\\\/www.pokumaa.ee\\\/ru\\\/#website\"},\"primaryImageOfPage\":{\"@id\":\"https:\\\/\\\/www.pokumaa.ee\\\/toode\\\/edgar-valteri-elulooraamatu-i-osa-karid-ja-korgused\\\/#primaryimage\"},\"image\":{\"@id\":\"https:\\\/\\\/www.pokumaa.ee\\\/toode\\\/edgar-valteri-elulooraamatu-i-osa-karid-ja-korgused\\\/#primaryimage\"},\"thumbnailUrl\":\"https:\\\/\\\/www.pokumaa.ee\\\/wp-content\\\/uploads\\\/2021\\\/07\\\/Karid-ja-korgused-scaled-1.jpg\",\"datePublished\":\"2021-07-19T10:29:54+00:00\",\"dateModified\":\"2024-11-21T18:57:28+00:00\",\"breadcrumb\":{\"@id\":\"https:\\\/\\\/www.pokumaa.ee\\\/toode\\\/edgar-valteri-elulooraamatu-i-osa-karid-ja-korgused\\\/#breadcrumb\"},\"inLanguage\":\"ru-RU\",\"potentialAction\":[{\"@type\":\"ReadAction\",\"target\":[\"https:\\\/\\\/www.pokumaa.ee\\\/toode\\\/edgar-valteri-elulooraamatu-i-osa-karid-ja-korgused\\\/\"]}]},{\"@type\":\"ImageObject\",\"inLanguage\":\"ru-RU\",\"@id\":\"https:\\\/\\\/www.pokumaa.ee\\\/toode\\\/edgar-valteri-elulooraamatu-i-osa-karid-ja-korgused\\\/#primaryimage\",\"url\":\"https:\\\/\\\/www.pokumaa.ee\\\/wp-content\\\/uploads\\\/2021\\\/07\\\/Karid-ja-korgused-scaled-1.jpg\",\"contentUrl\":\"https:\\\/\\\/www.pokumaa.ee\\\/wp-content\\\/uploads\\\/2021\\\/07\\\/Karid-ja-korgused-scaled-1.jpg\",\"width\":1997,\"height\":2560},{\"@type\":\"BreadcrumbList\",\"@id\":\"https:\\\/\\\/www.pokumaa.ee\\\/toode\\\/edgar-valteri-elulooraamatu-i-osa-karid-ja-korgused\\\/#breadcrumb\",\"itemListElement\":[{\"@type\":\"ListItem\",\"position\":1,\"name\":\"Home\",\"item\":\"https:\\\/\\\/www.pokumaa.ee\\\/ru\\\/\"},{\"@type\":\"ListItem\",\"position\":2,\"name\":\"\u041c\u0430\u0433\u0430\u0437\u0438\u043d\",\"item\":\"https:\\\/\\\/www.pokumaa.ee\\\/ru\\\/%d0%bc%d0%b0%d0%b3%d0%b0%d0%b7%d0%b8%d0%bd\\\/\"},{\"@type\":\"ListItem\",\"position\":3,\"name\":\"Edgar Valteri elulooraamatu I osa &#8211; &#8220;Karid ja k\u00f5rgused&#8221;\"}]},{\"@type\":\"WebSite\",\"@id\":\"https:\\\/\\\/www.pokumaa.ee\\\/ru\\\/#website\",\"url\":\"https:\\\/\\\/www.pokumaa.ee\\\/ru\\\/\",\"name\":\"Pokumaa\",\"description\":\"Pokumaa ja e-pood\",\"publisher\":{\"@id\":\"https:\\\/\\\/www.pokumaa.ee\\\/ru\\\/#organization\"},\"potentialAction\":[{\"@type\":\"SearchAction\",\"target\":{\"@type\":\"EntryPoint\",\"urlTemplate\":\"https:\\\/\\\/www.pokumaa.ee\\\/ru\\\/?s={search_term_string}\"},\"query-input\":{\"@type\":\"PropertyValueSpecification\",\"valueRequired\":true,\"valueName\":\"search_term_string\"}}],\"inLanguage\":\"ru-RU\"},{\"@type\":\"Organization\",\"@id\":\"https:\\\/\\\/www.pokumaa.ee\\\/ru\\\/#organization\",\"name\":\"Pokumaa\",\"url\":\"https:\\\/\\\/www.pokumaa.ee\\\/ru\\\/\",\"logo\":{\"@type\":\"ImageObject\",\"inLanguage\":\"ru-RU\",\"@id\":\"https:\\\/\\\/www.pokumaa.ee\\\/ru\\\/#\\\/schema\\\/logo\\\/image\\\/\",\"url\":\"https:\\\/\\\/pokumaa.ee\\\/wp-content\\\/uploads\\\/2021\\\/04\\\/logo60-punane.png\",\"contentUrl\":\"https:\\\/\\\/pokumaa.ee\\\/wp-content\\\/uploads\\\/2021\\\/04\\\/logo60-punane.png\",\"width\":292,\"height\":60,\"caption\":\"Pokumaa\"},\"image\":{\"@id\":\"https:\\\/\\\/www.pokumaa.ee\\\/ru\\\/#\\\/schema\\\/logo\\\/image\\\/\"},\"sameAs\":[\"https:\\\/\\\/www.facebook.com\\\/Pokumaa\"]}]}<\/script>\n<!-- \/ Yoast SEO plugin. -->","yoast_head_json":{"title":"Edgar Valteri elulooraamatu I osa - \"Karid ja k\u00f5rgused\" - Pokumaa","robots":{"index":"index","follow":"follow","max-snippet":"max-snippet:-1","max-image-preview":"max-image-preview:large","max-video-preview":"max-video-preview:-1"},"canonical":"https:\/\/www.pokumaa.ee\/toode\/edgar-valteri-elulooraamatu-i-osa-karid-ja-korgused\/","og_locale":"ru_RU","og_type":"article","og_title":"Edgar Valteri elulooraamatu I osa - \"Karid ja k\u00f5rgused\" - Pokumaa","og_description":"Edgar Valter on oma kasut\u00fctrele K\u00fclli Leppikule pajatanud m\u00e4lestusi oma [...]","og_url":"https:\/\/www.pokumaa.ee\/toode\/edgar-valteri-elulooraamatu-i-osa-karid-ja-korgused\/","og_site_name":"Pokumaa","article_publisher":"https:\/\/www.facebook.com\/Pokumaa","article_modified_time":"2024-11-21T18:57:28+00:00","og_image":[{"width":1997,"height":2560,"url":"https:\/\/www.pokumaa.ee\/wp-content\/uploads\/2021\/07\/Karid-ja-korgused-scaled-1.jpg","type":"image\/jpeg"}],"twitter_card":"summary_large_image","twitter_misc":{"\u041f\u0440\u0438\u043c\u0435\u0440\u043d\u043e\u0435 \u0432\u0440\u0435\u043c\u044f \u0434\u043b\u044f \u0447\u0442\u0435\u043d\u0438\u044f":"1 \u043c\u0438\u043d\u0443\u0442\u0430"},"schema":{"@context":"https:\/\/schema.org","@graph":[{"@type":"WebPage","@id":"https:\/\/www.pokumaa.ee\/toode\/edgar-valteri-elulooraamatu-i-osa-karid-ja-korgused\/","url":"https:\/\/www.pokumaa.ee\/toode\/edgar-valteri-elulooraamatu-i-osa-karid-ja-korgused\/","name":"Edgar Valteri elulooraamatu I osa - \"Karid ja k\u00f5rgused\" - Pokumaa","isPartOf":{"@id":"https:\/\/www.pokumaa.ee\/ru\/#website"},"primaryImageOfPage":{"@id":"https:\/\/www.pokumaa.ee\/toode\/edgar-valteri-elulooraamatu-i-osa-karid-ja-korgused\/#primaryimage"},"image":{"@id":"https:\/\/www.pokumaa.ee\/toode\/edgar-valteri-elulooraamatu-i-osa-karid-ja-korgused\/#primaryimage"},"thumbnailUrl":"https:\/\/www.pokumaa.ee\/wp-content\/uploads\/2021\/07\/Karid-ja-korgused-scaled-1.jpg","datePublished":"2021-07-19T10:29:54+00:00","dateModified":"2024-11-21T18:57:28+00:00","breadcrumb":{"@id":"https:\/\/www.pokumaa.ee\/toode\/edgar-valteri-elulooraamatu-i-osa-karid-ja-korgused\/#breadcrumb"},"inLanguage":"ru-RU","potentialAction":[{"@type":"ReadAction","target":["https:\/\/www.pokumaa.ee\/toode\/edgar-valteri-elulooraamatu-i-osa-karid-ja-korgused\/"]}]},{"@type":"ImageObject","inLanguage":"ru-RU","@id":"https:\/\/www.pokumaa.ee\/toode\/edgar-valteri-elulooraamatu-i-osa-karid-ja-korgused\/#primaryimage","url":"https:\/\/www.pokumaa.ee\/wp-content\/uploads\/2021\/07\/Karid-ja-korgused-scaled-1.jpg","contentUrl":"https:\/\/www.pokumaa.ee\/wp-content\/uploads\/2021\/07\/Karid-ja-korgused-scaled-1.jpg","width":1997,"height":2560},{"@type":"BreadcrumbList","@id":"https:\/\/www.pokumaa.ee\/toode\/edgar-valteri-elulooraamatu-i-osa-karid-ja-korgused\/#breadcrumb","itemListElement":[{"@type":"ListItem","position":1,"name":"Home","item":"https:\/\/www.pokumaa.ee\/ru\/"},{"@type":"ListItem","position":2,"name":"\u041c\u0430\u0433\u0430\u0437\u0438\u043d","item":"https:\/\/www.pokumaa.ee\/ru\/%d0%bc%d0%b0%d0%b3%d0%b0%d0%b7%d0%b8%d0%bd\/"},{"@type":"ListItem","position":3,"name":"Edgar Valteri elulooraamatu I osa &#8211; &#8220;Karid ja k\u00f5rgused&#8221;"}]},{"@type":"WebSite","@id":"https:\/\/www.pokumaa.ee\/ru\/#website","url":"https:\/\/www.pokumaa.ee\/ru\/","name":"Pokumaa","description":"Pokumaa ja e-pood","publisher":{"@id":"https:\/\/www.pokumaa.ee\/ru\/#organization"},"potentialAction":[{"@type":"SearchAction","target":{"@type":"EntryPoint","urlTemplate":"https:\/\/www.pokumaa.ee\/ru\/?s={search_term_string}"},"query-input":{"@type":"PropertyValueSpecification","valueRequired":true,"valueName":"search_term_string"}}],"inLanguage":"ru-RU"},{"@type":"Organization","@id":"https:\/\/www.pokumaa.ee\/ru\/#organization","name":"Pokumaa","url":"https:\/\/www.pokumaa.ee\/ru\/","logo":{"@type":"ImageObject","inLanguage":"ru-RU","@id":"https:\/\/www.pokumaa.ee\/ru\/#\/schema\/logo\/image\/","url":"https:\/\/pokumaa.ee\/wp-content\/uploads\/2021\/04\/logo60-punane.png","contentUrl":"https:\/\/pokumaa.ee\/wp-content\/uploads\/2021\/04\/logo60-punane.png","width":292,"height":60,"caption":"Pokumaa"},"image":{"@id":"https:\/\/www.pokumaa.ee\/ru\/#\/schema\/logo\/image\/"},"sameAs":["https:\/\/www.facebook.com\/Pokumaa"]}]}},"_links":{"self":[{"href":"https:\/\/www.pokumaa.ee\/ru\/wp-json\/wp\/v2\/product\/636","targetHints":{"allow":["GET"]}}],"collection":[{"href":"https:\/\/www.pokumaa.ee\/ru\/wp-json\/wp\/v2\/product"}],"about":[{"href":"https:\/\/www.pokumaa.ee\/ru\/wp-json\/wp\/v2\/types\/product"}],"wp:featuredmedia":[{"embeddable":true,"href":"https:\/\/www.pokumaa.ee\/ru\/wp-json\/wp\/v2\/media\/660"}],"wp:attachment":[{"href":"https:\/\/www.pokumaa.ee\/ru\/wp-json\/wp\/v2\/media?parent=636"}],"wp:term":[{"taxonomy":"product_brand","embeddable":true,"href":"https:\/\/www.pokumaa.ee\/ru\/wp-json\/wp\/v2\/product_brand?post=636"},{"taxonomy":"product_cat","embeddable":true,"href":"https:\/\/www.pokumaa.ee\/ru\/wp-json\/wp\/v2\/product_cat?post=636"},{"taxonomy":"product_tag","embeddable":true,"href":"https:\/\/www.pokumaa.ee\/ru\/wp-json\/wp\/v2\/product_tag?post=636"}],"curies":[{"name":"wp","href":"https:\/\/api.w.org\/{rel}","templated":true}]}}